{"id":3405,"date":"2019-11-04T20:36:37","date_gmt":"2019-11-04T20:36:37","guid":{"rendered":"http:\/\/68.183.202.114\/?page_id=3405"},"modified":"2025-08-12T17:43:39","modified_gmt":"2025-08-12T17:43:39","slug":"shipping-plans","status":"publish","type":"page","link":"https:\/\/airvector-hvac.com\/fr\/shipping-plans\/","title":{"rendered":"Plans d'exp\u00e9dition"},"content":{"rendered":"<div class=\"boxed-row\"><div style=\"\"class=\"normal_height vc_row wpb_row vc_row-fluid vc_custom_1606784679372 vc_row-o-equal-height vc_row-o-content-middle vc_row-flex\"><div class=\"wpb_column vc_column_container vc_col-sm-6\"><div class=\"vc_column-inner\"><div class=\"wpb_wrapper\">\n\t<div class=\"wpb_text_column wpb_content_element\" >\n\t\t<div class=\"wpb_wrapper\">\n\t\t\t<h2 class=\"regHeader\" style=\"text-align: center;\"><span style=\"color: #2c3652;\">Services Premium<\/span><\/h2>\n<h3 style=\"text-align: center;\"><\/h3>\n\n\t\t<\/div>\n\t<\/div>\n\n\t<div class=\"wpb_text_column wpb_content_element\" >\n\t\t<div class=\"wpb_wrapper\">\n\t\t\t<p class=\"regText\" align=\"left\">Airvector\u00ae vous offre la possibilit\u00e9 de donner le meilleur service \u00e0 vos clients. Non seulement nous fournissons le service standard le plus efficace en exp\u00e9diant \u00e0 partir d'un emplacement dans un d\u00e9lai de 2 \u00e0 3 semaines, mais nous avons \u00e9galement un nouveau service d'exp\u00e9dition rapide et efficace disponible pour votre commodit\u00e9.<\/p>\n<p class=\"regText\" align=\"left\">At Airvector\u00ae, we realize how hard it is for distributors to stock all the products and dimensions in sufficient quantities to fulfill every possible request. We also understand how important it can be for your customers to get these products ASAP to complete their job. This is why we launched the new Premium Services called <strong>&#8220;2 Day Ship&#8221;<\/strong> et<strong> &#8220;5 Day Ship&#8221;<\/strong>.<\/p>\n<p class=\"regText\" align=\"left\">En exigeant l'un de ces Services Premium, vous nous forcez \u00e0 fabriquer et exp\u00e9dier votre commande en priorit\u00e9, dans un d\u00e9lai de 2 \u00e0 5 jours ouvr\u00e9s garantis.<\/p>\n<p class=\"regText\" align=\"left\">Veuillez noter que les services Premium ne sont disponibles que sur les produits standard.<\/p>\n<p class=\"regText\" align=\"left\">Pour une liste des produits inclus dans le programme Premium Services, veuillez cliquer sur\u00a0<a href=\"#PremiumServices\">ici<\/a>.<\/p>\n\n\t\t<\/div>\n\t<\/div>\n<\/div><\/div><\/div><div class=\"wpb_column vc_column_container vc_col-sm-6\"><div class=\"vc_column-inner vc_custom_1485790194228\"><div class=\"wpb_wrapper\">\n\t<div  class=\"wpb_single_image wpb_content_element vc_align_center\">\n\t\t\n\t\t<figure class=\"wpb_wrapper vc_figure\">\n\t\t\t<div class=\"vc_single_image-wrapper   vc_box_border_grey\"><img width=\"396\" height=\"396\" src=\"https:\/\/airvector-hvac.com\/wp-content\/uploads\/2025\/08\/Shipping-plan-2025-1.png\" class=\"vc_single_image-img attachment-full\" alt=\"\" loading=\"lazy\" srcset=\"https:\/\/airvector-hvac.com\/wp-content\/uploads\/2025\/08\/Shipping-plan-2025-1.png 396w, https:\/\/airvector-hvac.com\/wp-content\/uploads\/2025\/08\/Shipping-plan-2025-1-300x300.png 300w, https:\/\/airvector-hvac.com\/wp-content\/uploads\/2025\/08\/Shipping-plan-2025-1-150x150.png 150w, https:\/\/airvector-hvac.com\/wp-content\/uploads\/2025\/08\/Shipping-plan-2025-1-12x12.png 12w, https:\/\/airvector-hvac.com\/wp-content\/uploads\/2025\/08\/Shipping-plan-2025-1-100x100.png 100w\" sizes=\"(max-width: 396px) 100vw, 396px\" \/><\/div>\n\t\t<\/figure>\n\t<\/div>\n<\/div><\/div><\/div><\/div><\/div><div class=\"boxed-row\"><div style=\"\"id=\"PremiumServices\" class=\"normal_height vc_row wpb_row vc_row-fluid vc_custom_1606784889490 vc_row-o-equal-height vc_row-o-content-middle vc_row-flex\"><div class=\"wpb_column vc_column_container vc_col-sm-12\"><div class=\"vc_column-inner\"><div class=\"wpb_wrapper\">\n\t<div class=\"wpb_text_column wpb_content_element\" >\n\t\t<div class=\"wpb_wrapper\">\n\t\t\t<h2 class=\"regHeader\" style=\"text-align: center;\"><span style=\"color: #2c3652;\">Produits disponibles - Programme de services premium<\/span><\/h2>\n<h3 style=\"text-align: center;\"><\/h3>\n\n\t\t<\/div>\n\t<\/div>\n\n\t<div class=\"wpb_text_column wpb_content_element\" >\n\t\t<div class=\"wpb_wrapper\">\n\t\t\t<h3>Programme d'exp\u00e9dition de 2 jours<\/h3>\n<p class=\"regtext\"><b>Grilles & Registres Muraux<\/b><br \/>\n(m\u00eame, taille imp\u00e9riale jusqu'\u00e0 36 \"x 18\")<\/p>\n<ul class=\"regtext\">\n<li>Alimentation \u00e0 d\u00e9viation simple (<a href=\"https:\/\/airvector-hvac.com\/fr\/products.php\/?page=GxA1#GSA17\">GSA17<\/a>\u00a0et\u00a0<a href=\"https:\/\/airvector-hvac.com\/fr\/products.php\/?page=GxA1#GAA17\">GAA17<\/a>) et Retour (<a href=\"https:\/\/airvector-hvac.com\/fr\/products.php\/?page=GxA1#GSA10\">GSA10<\/a>\u00a0et\u00a0<a href=\"https:\/\/airvector-hvac.com\/fr\/products.php\/?page=GxA1#GAA10\">GAA10<\/a>)<\/li>\n<li>Alimentation \u00e0 double d\u00e9flexion (<a href=\"https:\/\/airvector-hvac.com\/fr\/products.php\/?page=GxA2#GSA27\">GSA27<\/a>\u00a0et\u00a0<a href=\"https:\/\/airvector-hvac.com\/fr\/products.php\/?page=GxA2#GAA27\">GAA27<\/a>) et Retour (<a href=\"https:\/\/airvector-hvac.com\/fr\/products.php\/?page=GxA2#GSA20\">GSA20<\/a>\u00a0et\u00a0<a href=\"https:\/\/airvector-hvac.com\/fr\/products.php\/?page=GxA2#GAA20\">GAA20<\/a>)<\/li>\n<li>Retour fixe \u00e0 45 degr\u00e9s (<a href=\"https:\/\/airvector-hvac.com\/fr\/products.php\/?page=GxA4#GSA40\">GSA40<\/a>\u00a0et\u00a0<a href=\"https:\/\/airvector-hvac.com\/fr\/products.php\/?page=GxA4#GAA40\">GAA40<\/a>) et Approvisionnement (<a href=\"https:\/\/airvector-hvac.com\/fr\/products.php\/?page=GxA4#GSA47\">GSA47<\/a>\u00a0et\u00a0<a href=\"https:\/\/airvector-hvac.com\/fr\/products.php\/?page=GxA4#GAA47\">GAA47<\/a>)<\/li>\n<\/ul>\n<p class=\"regtext\"><b>Diffuseurs Plafond<\/b><\/p>\n<ul class=\"regtext\">\n<li>3 c\u00f4ne (<a href=\"https:\/\/airvector-hvac.com\/fr\/products.php\/?page=DF3#DF3\">DF3<\/a>\u00a0et\u00a0<a href=\"https:\/\/airvector-hvac.com\/fr\/products.php\/?page=DF3#DF3I\">DF3I<\/a>)<\/li>\n<li>4 c\u00f4ne (<a href=\"https:\/\/airvector-hvac.com\/fr\/products.php\/?page=DF4#DF4\">DF4<\/a>\u00a0et\u00a0<a href=\"https:\/\/airvector-hvac.com\/fr\/products.php\/?page=DF4#DF4I\">DF4I<\/a>)<\/li>\n<li>Plaque (<a href=\"https:\/\/airvector-hvac.com\/fr\/products.php\/?page=ISO#ISO\">ISO<\/a>\u00a0et\u00a0<a href=\"https:\/\/airvector-hvac.com\/fr\/products.php\/?page=ISO#ISOHI\">ISOI<\/a>)<\/li>\n<\/ul>\n<h3>Programme de navire de 5 jours<\/h3>\n<p class=\"regtext\"><b>Grilles & Registres Muraux<\/b><br \/>\n(m\u00eame, taille imp\u00e9riale jusqu'\u00e0 36 \"x 30\")<\/p>\n<ul class=\"regtext\">\n<li>Alimentation \u00e0 d\u00e9viation simple (<a href=\"https:\/\/airvector-hvac.com\/fr\/products.php\/?page=GxA1#GSA17\">GSA17<\/a>\u00a0et\u00a0<a href=\"https:\/\/airvector-hvac.com\/fr\/products.php\/?page=GxA1#GAA17\">GAA17<\/a>) et Retour (<a href=\"https:\/\/airvector-hvac.com\/fr\/products.php\/?page=GxA1#GSA10\">GSA10<\/a>\u00a0et\u00a0<a href=\"https:\/\/airvector-hvac.com\/fr\/products.php\/?page=GxA1#GAA10\">GAA10<\/a>)<\/li>\n<li>Alimentation \u00e0 double d\u00e9flexion (<a href=\"https:\/\/airvector-hvac.com\/fr\/products.php\/?page=GxA2#GSA27\">GSA27<\/a>\u00a0et\u00a0<a href=\"https:\/\/airvector-hvac.com\/fr\/products.php\/?page=GxA2#GAA27\">GAA27<\/a>) et Retour (<a href=\"https:\/\/airvector-hvac.com\/fr\/products.php\/?page=GxA2#GSA20\">GSA20<\/a>\u00a0et\u00a0<a href=\"https:\/\/airvector-hvac.com\/fr\/products.php\/?page=GxA2#GAA20\">GAA20<\/a>)<\/li>\n<li>Retour fixe \u00e0 45 degr\u00e9s (<a href=\"https:\/\/airvector-hvac.com\/fr\/products.php\/?page=GxA4#GSA40\">GSA40<\/a>\u00a0et\u00a0<a href=\"https:\/\/airvector-hvac.com\/fr\/products.php\/?page=GxA4#GAA40\">GAA40<\/a>) et Approvisionnement (<a href=\"https:\/\/airvector-hvac.com\/fr\/products.php\/?page=GxA4#GSA47\">GSA47<\/a>\u00a0et\u00a0<a href=\"https:\/\/airvector-hvac.com\/fr\/products.php\/?page=GxA4#GAA47\">GAA47<\/a>)<\/li>\n<li>Aluminum Egg Crate Return (<a href=\"https:\/\/airvector-hvac.com\/fr\/products.php\/?page=ERSW#ERE\">ERE<\/a>) et Approvisionnement (<a href=\"https:\/\/airvector-hvac.com\/fr\/products.php\/?page=ERSW#ERE7\">ERE7<\/a>)<\/li>\n<li>Sight Proof Heavy Duty Aluminum Transfer Air Door Grilles (<a href=\"https:\/\/airvector-hvac.com\/fr\/produit\/sight-proof-heavy-duty-aluminum-transfer-air-door-grille\/\">GADA \/ GADS<\/a>)<\/li>\n<\/ul>\n<p class=\"regtext\"><b>Linears<\/b><br \/>\n(ALBx7 even, imperial size up to 36\u2033 x 30\u2033)<\/p>\n<ul>\n<li>Architectural Linear Bar Grilles &amp; Registers (<a href=\"https:\/\/airvector-hvac.com\/fr\/produit\/architectural-linear-bar-grilles-registers\/\">ALB<\/a>)<\/li>\n<li>Architectural Linear Slot Diffusers (<a href=\"https:\/\/airvector-hvac.com\/fr\/produit\/architectural-linear-slot-diffusers\/\">ALS<\/a>)<\/li>\n<\/ul>\n<p class=\"regtext\"><b>Diffuseurs Plafond<\/b><\/p>\n<ul class=\"regtext\">\n<li>3 c\u00f4ne (<a href=\"https:\/\/airvector-hvac.com\/fr\/products.php\/?page=DF3#DF3\">DF3<\/a>,\u00a0<a href=\"https:\/\/airvector-hvac.com\/fr\/products.php\/?page=DF3#DA3\">DA3<\/a>\u00a0et\u00a0<a href=\"https:\/\/airvector-hvac.com\/fr\/products.php\/?page=DF3#DF3I\">DF3I<\/a>)<\/li>\n<li>4 c\u00f4ne (<a href=\"https:\/\/airvector-hvac.com\/fr\/products.php\/?page=DF4#DF4\">DF4<\/a>,\u00a0<a href=\"https:\/\/airvector-hvac.com\/fr\/products.php\/?page=DF4#DA4\">DA4<\/a>\u00a0et\u00a0<a href=\"https:\/\/airvector-hvac.com\/fr\/products.php\/?page=DF4#DF4I\">DF4I<\/a>)<\/li>\n<li>Plaque (<a href=\"https:\/\/airvector-hvac.com\/fr\/products.php\/?page=ISO#ISO\">ISO<\/a>,\u00a0<a href=\"https:\/\/airvector-hvac.com\/fr\/products.php\/?page=ISO#ISOH\">ISOH<\/a>,\u00a0<a href=\"https:\/\/airvector-hvac.com\/fr\/products.php\/?page=ISO#ISOI\">ISOI<\/a>\u00a0et\u00a0<a href=\"https:\/\/airvector-hvac.com\/fr\/products.php\/?page=ISO#ISOHI\">ISOHI<\/a>)<\/li>\n<li>Perforated (<a href=\"https:\/\/airvector-hvac.com\/fr\/products.php\/?page=PS#PSM\">PSM<\/a>,\u00a0<a href=\"https:\/\/airvector-hvac.com\/fr\/products.php\/?page=PS#PSML\">PSML<\/a>,\u00a0<a href=\"https:\/\/airvector-hvac.com\/fr\/products.php\/?page=PS#PSI\">PSI<\/a>,\u00a0<a href=\"https:\/\/airvector-hvac.com\/fr\/products.php\/?page=PS#PSIL\">PSIL<\/a>)<\/li>\n<\/ul>\n<p class=\"regtext\"><b>Retours Plafond<\/b><\/p>\n<ul class=\"regtext\">\n<li>T-Bar Lay-In Aluminum Egg Crate Returns (<a href=\"https:\/\/airvector-hvac.com\/fr\/products.php\/?page=ER#ERT\">ERT<\/a>\u00a0et\u00a0<a href=\"https:\/\/airvector-hvac.com\/fr\/products.php\/?page=ER#ERT7\">ERT7<\/a>)<\/li>\n<li>Aluminium (<a href=\"https:\/\/airvector-hvac.com\/fr\/products.php\/?page=ER#ERN\">ERN<\/a>) et en plastique (<a href=\"https:\/\/airvector-hvac.com\/fr\/products.php\/?page=ER#ERN-P\">ERN-P<\/a>) Egg Crate (any dimension up to 48&#8243; x 24&#8243;)<\/li>\n<li>Visage perfor\u00e9 (<a href=\"https:\/\/airvector-hvac.com\/fr\/products.php\/?page=PR#PRN\">PRN<\/a>,\u00a0<a href=\"https:\/\/airvector-hvac.com\/fr\/products.php\/?page=PR#PRT\">PRT<\/a>,\u00a0<a href=\"https:\/\/airvector-hvac.com\/fr\/products.php\/?page=PR#PRM\">PRM<\/a>,\u00a0<a href=\"https:\/\/airvector-hvac.com\/fr\/products.php\/?page=PR#PRI\">PRI<\/a>)<\/li>\n<li>Retours \u00e0 Filtre (<a href=\"https:\/\/airvector-hvac.com\/fr\/products.php\/?page=PRxF\">Perf Face<\/a>,\u00a0<a href=\"https:\/\/airvector-hvac.com\/fr\/products.php\/?page=ERxF\">Egg Crate Face<\/a>\u00a0et\u00a0<a href=\"https:\/\/airvector-hvac.com\/fr\/products.php\/?page=LRxF\">Lanced Face<\/a>)<\/li>\n<\/ul>\n<p class=\"regtext\"><b>Accessoires<\/b><\/p>\n<ul class=\"regtext\">\n<li>OBD pour diffuseurs (<a href=\"https:\/\/airvector-hvac.com\/fr\/products.php\/?page=ACCD#N4\">N4<\/a>) pour colliers de 6 \", 8\", 10 \", 12\" et 14 \"<\/li>\n<li>D\u00e9flecteurs en forme de tarte pour diffuseurs (<a href=\"https:\/\/airvector-hvac.com\/fr\/products.php\/?page=ACCD#NBD\">NBD<\/a>) pour colliers de 6 \", 8\", 10 \", 12\" et 14 \"<\/li>\n<li>Baffles exclusifs pour diffuseur de plaque (<a href=\"https:\/\/airvector-hvac.com\/fr\/products.php\/?page=ACCD#NBI\">NBI<\/a>) pour ISO 12 \u2033 x12 \u2033 et 24 \u2033 x24 \u2033<\/li>\n<li>Cadres en pl\u00e2tre (<a href=\"https:\/\/airvector-hvac.com\/fr\/products.php\/?page=ACCD#PF\">PF<\/a>)<\/li>\n<\/ul>\n<p class=\"regtext\">Nous ajoutons constamment de nouveaux produits \u00e0 la liste actuelle. Pour \u00eatre au courant de tout nouveau produit disponible dans le programme Premium Services, il est recommand\u00e9 de visiter cette page r\u00e9guli\u00e8rement.<\/p>\n<p class=\"regtext\">La liste des produits disponibles dans le programme Premium Services indique les produits que nous garantissons de pouvoir fabriquer sous 2 ou 5 jours ouvr\u00e9s si n\u00e9cessaire. Cependant, il peut nous \u00eatre possible de fabriquer tr\u00e8s rapidement d'autres produits ou dimensions en fonction de notre charge de production. Par cons\u00e9quent, nous vous encourageons \u00e0 nous contacter et \u00e0 vous renseigner avant de donner une r\u00e9ponse positive ou n\u00e9gative \u00e0 un client n\u00e9cessitant un service Premium sur des produits ou des dimensions qui ne sont pas r\u00e9pertori\u00e9s ici. N'oubliez pas qu'Airvector\u00ae est tr\u00e8s orient\u00e9 client et que nous ferons de notre mieux pour r\u00e9pondre \u00e0 vos demandes lorsque cela est possible.<\/p>\n\n\t\t<\/div>\n\t<\/div>\n<\/div><\/div><\/div><\/div><\/div>","protected":false},"excerpt":{"rendered":"Premium Services Airvector\u00ae offers you the possibility to give the best service to your customers. Not only do we provide the most efficient standard service by shipping from one location within 2 - 3 weeks, but we also have a new, efficient quick ship service available for your convenience. At Airvector\u00ae, we realize how hard [...]","protected":false},"author":1,"featured_media":0,"parent":0,"menu_order":0,"comment_status":"closed","ping_status":"closed","template":"page-full-width.php","meta":[],"yoast_head":"<!-- This site is optimized with the Yoast SEO plugin v15.6.2 - https:\/\/yoast.com\/wordpress\/plugins\/seo\/ -->\n<title>Shipping Plans - Airvector<\/title>\n<meta name=\"description\" content=\"Shipping Plans - Manufacturer of Quility HVAC Air Distribution Products - Airvector\" \/>\n<meta name=\"robots\" content=\"index, follow, max-snippet:-1, max-image-preview:large, max-video-preview:-1\" \/>\n<link rel=\"canonical\" href=\"https:\/\/airvector-hvac.com\/fr\/shipping-plans\/\" \/>\n<meta property=\"og:locale\" content=\"fr_CA\" \/>\n<meta property=\"og:type\" content=\"article\" \/>\n<meta property=\"og:title\" content=\"Shipping Plans - Airvector\" \/>\n<meta property=\"og:description\" content=\"Shipping Plans - Manufacturer of Quility HVAC Air Distribution Products - Airvector\" \/>\n<meta property=\"og:url\" content=\"https:\/\/airvector-hvac.com\/fr\/shipping-plans\/\" \/>\n<meta property=\"og:site_name\" content=\"Airvector\" \/>\n<meta property=\"article:publisher\" content=\"https:\/\/www.facebook.com\/Airvector\" \/>\n<meta property=\"article:modified_time\" content=\"2025-08-12T17:43:39+00:00\" \/>\n<meta name=\"twitter:card\" content=\"summary_large_image\" \/>\n<meta name=\"twitter:site\" content=\"@airvector\" \/>\n<script type=\"application\/ld+json\" class=\"yoast-schema-graph\">{\"@context\":\"https:\/\/schema.org\",\"@graph\":[{\"@type\":\"Organization\",\"@id\":\"https:\/\/airvector-hvac.com\/#organization\",\"name\":\"Airvector\",\"url\":\"https:\/\/airvector-hvac.com\/\",\"sameAs\":[\"https:\/\/www.facebook.com\/Airvector\",\"https:\/\/www.linkedin.com\/company\/airvector-\",\"https:\/\/www.youtube.com\/user\/Airvector\/videos\",\"https:\/\/www.pinterest.com\/airvector\/\",\"https:\/\/twitter.com\/airvector\"],\"logo\":{\"@type\":\"ImageObject\",\"@id\":\"https:\/\/airvector-hvac.com\/#logo\",\"inLanguage\":\"fr-CA\",\"url\":\"\",\"caption\":\"Airvector\"},\"image\":{\"@id\":\"https:\/\/airvector-hvac.com\/#logo\"}},{\"@type\":\"WebSite\",\"@id\":\"https:\/\/airvector-hvac.com\/#website\",\"url\":\"https:\/\/airvector-hvac.com\/\",\"name\":\"Airvector\",\"description\":\"Manufacturer of Quility HVAC Air Distribution Products\",\"publisher\":{\"@id\":\"https:\/\/airvector-hvac.com\/#organization\"},\"potentialAction\":[{\"@type\":\"SearchAction\",\"target\":\"https:\/\/airvector-hvac.com\/?s={search_term_string}\",\"query-input\":\"required name=search_term_string\"}],\"inLanguage\":\"fr-CA\"},{\"@type\":\"WebPage\",\"@id\":\"https:\/\/airvector-hvac.com\/shipping-plans\/#webpage\",\"url\":\"https:\/\/airvector-hvac.com\/shipping-plans\/\",\"name\":\"Shipping Plans - Airvector\",\"isPartOf\":{\"@id\":\"https:\/\/airvector-hvac.com\/#website\"},\"datePublished\":\"2019-11-04T20:36:37+00:00\",\"dateModified\":\"2025-08-12T17:43:39+00:00\",\"description\":\"Shipping Plans - Manufacturer of Quility HVAC Air Distribution Products - Airvector\",\"inLanguage\":\"fr-CA\",\"potentialAction\":[{\"@type\":\"ReadAction\",\"target\":[\"https:\/\/airvector-hvac.com\/shipping-plans\/\"]}]}]}<\/script>\n<!-- \/ Yoast SEO plugin. -->","_links":{"self":[{"href":"https:\/\/airvector-hvac.com\/fr\/wp-json\/wp\/v2\/pages\/3405"}],"collection":[{"href":"https:\/\/airvector-hvac.com\/fr\/wp-json\/wp\/v2\/pages"}],"about":[{"href":"https:\/\/airvector-hvac.com\/fr\/wp-json\/wp\/v2\/types\/page"}],"author":[{"embeddable":true,"href":"https:\/\/airvector-hvac.com\/fr\/wp-json\/wp\/v2\/users\/1"}],"replies":[{"embeddable":true,"href":"https:\/\/airvector-hvac.com\/fr\/wp-json\/wp\/v2\/comments?post=3405"}],"version-history":[{"count":52,"href":"https:\/\/airvector-hvac.com\/fr\/wp-json\/wp\/v2\/pages\/3405\/revisions"}],"predecessor-version":[{"id":25281,"href":"https:\/\/airvector-hvac.com\/fr\/wp-json\/wp\/v2\/pages\/3405\/revisions\/25281"}],"wp:attachment":[{"href":"https:\/\/airvector-hvac.com\/fr\/wp-json\/wp\/v2\/media?parent=3405"}],"curies":[{"name":"wp","href":"https:\/\/api.w.org\/{rel}","templated":true}]}}