{"id":5303,"date":"2021-03-29T12:32:50","date_gmt":"2021-03-29T12:32:50","guid":{"rendered":"https:\/\/airvector-hvac.com\/?page_id=5303"},"modified":"2023-05-24T19:07:45","modified_gmt":"2023-05-24T19:07:45","slug":"forklift-operator-2","status":"publish","type":"page","link":"https:\/\/airvector-hvac.com\/fr\/forklift-operator-2\/","title":{"rendered":"Cariste"},"content":{"rendered":"<div style=\"\"data-vc-full-width=\"true\" data-vc-full-width-init=\"false\" data-vc-stretch-content=\"true\" class=\"normal_height vc_row wpb_row vc_row-fluid vc_custom_1606748743852\"><div class=\"wpb_column vc_column_container vc_col-sm-12\"><div class=\"vc_column-inner\"><div class=\"wpb_wrapper\"><div class=\"wpb_revslider_element wpb_content_element\">\n<div id=\"rev_slider_24_1_wrapper\" class=\"rev_slider_wrapper fullwidthbanner-container\" data-source=\"gallery\" style=\"margin:0px auto;background:transparent;padding:0px;margin-top:0px;margin-bottom:0px;\">\n<!-- START REVOLUTION SLIDER 5.4.6.3 auto mode -->\n\t<div id=\"rev_slider_24_1\" class=\"rev_slider fullwidthabanner\" style=\"display:none;\" data-version=\"5.4.6.3\">\n<ul>\t<!-- SLIDE  -->\n\t<li data-index=\"rs-49\" data-transition=\"fade\" data-slotamount=\"default\" data-hideafterloop=\"0\" data-hideslideonmobile=\"off\"  data-easein=\"default\" data-easeout=\"default\" data-masterspeed=\"300\"  data-rotate=\"0\"  data-saveperformance=\"off\"  data-title=\"Slide\" data-param1=\"\" data-param2=\"\" data-param3=\"\" data-param4=\"\" data-param5=\"\" data-param6=\"\" data-param7=\"\" data-param8=\"\" data-param9=\"\" data-param10=\"\" data-description=\"\">\n\t\t<!-- MAIN IMAGE -->\n\t\t<img src=\"https:\/\/airvector-hvac.com\/wp-content\/uploads\/2021\/05\/career5.png\"  alt=\"\" title=\"career5\"  width=\"1600\" height=\"276\" data-bgposition=\"center center\" data-bgfit=\"cover\" data-bgrepeat=\"no-repeat\" class=\"rev-slidebg\" data-no-retina>\n\t\t<!-- LAYERS -->\n\t<\/li>\n<\/ul>\n<div class=\"tp-bannertimer tp-bottom\" style=\"visibility: hidden !important;\"><\/div>\t<\/div>\n<script>var htmlDiv = document.getElementById(\"rs-plugin-settings-inline-css\"); var htmlDivCss=\"\";\r\n\t\t\t\tif(htmlDiv) {\r\n\t\t\t\t\thtmlDiv.innerHTML = htmlDiv.innerHTML + htmlDivCss;\r\n\t\t\t\t}else{\r\n\t\t\t\t\tvar htmlDiv = document.createElement(\"div\");\r\n\t\t\t\t\thtmlDiv.innerHTML = \"<style>\" + htmlDivCss + \"<\/style>\";\r\n\t\t\t\t\tdocument.getElementsByTagName(\"head\")[0].appendChild(htmlDiv.childNodes[0]);\r\n\t\t\t\t}\r\n\t\t\t<\/script>\n\t\t<script type=\"text\/javascript\">\r\nsetREVStartSize({c: jQuery('#rev_slider_24_1'), gridwidth: [1200], gridheight: [300], sliderLayout: 'auto'});\r\n\t\t\t\r\nvar revapi24,\r\n\ttpj=jQuery;\r\n\t\t\t\r\ntpj(document).ready(function() {\n\tif(tpj(\"#rev_slider_24_1\").revolution == undefined){\n\t\trevslider_showDoubleJqueryError(\"#rev_slider_24_1\");\n\t}else{\n\t\trevapi24 = tpj(\"#rev_slider_24_1\").show().revolution({\n\t\t\tsliderType:\"hero\",\n\t\t\tjsFileLocation:\"\/\/airvector-hvac.com\/wp-content\/plugins\/revslider\/public\/assets\/js\/\",\n\t\t\tsliderLayout:\"auto\",\n\t\t\tdottedOverlay:\"none\",\n\t\t\tdelay:9000,\n\t\t\tvisibilityLevels:[1240,1024,778,480],\n\t\t\tgridwidth:1200,\n\t\t\tgridheight:300,\n\t\t\tlazyType:\"none\",\n\t\t\tshadow:0,\n\t\t\tspinner:\"spinner0\",\n\t\t\tautoHeight:\"off\",\n\t\t\tdisableProgressBar:\"on\",\n\t\t\thideThumbsOnMobile:\"off\",\n\t\t\thideSliderAtLimit:0,\n\t\t\thideCaptionAtLimit:0,\n\t\t\thideAllCaptionAtLilmit:0,\n\t\t\tdebugMode:false,\n\t\t\tfallbacks: {\n\t\t\t\tsimplifyAll:\"off\",\n\t\t\t\tdisableFocusListener:false,\n\t\t\t}\n\t\t});\n\t}\n\t\n});\t\/*ready*\/\n<\/script>\r\n\t\t<\/div><!-- END REVOLUTION SLIDER --><\/div><\/div><\/div><\/div><\/div><div class=\"vc_row-full-width vc_clearfix\"><\/div><div style=\"\"class=\"normal_height vc_row wpb_row vc_row-fluid\"><div class=\"wpb_column vc_column_container vc_col-sm-12\"><div class=\"vc_column-inner\"><div class=\"wpb_wrapper\"><\/div><\/div><\/div><\/div><div style=\"\"class=\"normal_height vc_row wpb_row vc_row-fluid\"><div class=\"wpb_column vc_column_container vc_col-sm-10\"><div class=\"vc_column-inner\"><div class=\"wpb_wrapper\"><div class=\"vc_tta-container\" data-vc-action=\"collapse\"><div class=\"vc_general vc_tta vc_tta-tabs vc_tta-color-grey vc_tta-style-classic vc_tta-shape-rounded vc_tta-spacing-1 vc_tta-tabs-position-top vc_tta-controls-align-left\"><div class=\"vc_tta-tabs-container\"><ul class=\"vc_tta-tabs-list\"><li class=\"vc_tta-tab vc_active\" data-vc-tab><a href=\"#1583351859755-a9c8ac7c-1e48\" data-vc-tabs data-vc-container=\".vc_tta\"><span class=\"vc_tta-title-text\">Description de l'emploi<\/span><\/a><\/li><\/ul><\/div><div class=\"vc_tta-panels-container\"><div class=\"vc_tta-panels\"><div class=\"vc_tta-panel vc_active\" id=\"1583351859755-a9c8ac7c-1e48\" data-vc-content=\".vc_tta-panel-body\"><div class=\"vc_tta-panel-heading\"><h4 class=\"vc_tta-panel-title\"><a href=\"#1583351859755-a9c8ac7c-1e48\" data-vc-accordion data-vc-container=\".vc_tta-container\"><span class=\"vc_tta-title-text\">Description de l'emploi<\/span><\/a><\/h4><\/div><div class=\"vc_tta-panel-body\">\n\t<div class=\"wpb_text_column wpb_content_element\" >\n\t\t<div class=\"wpb_wrapper\">\n\t\t\t<p>Le genre masculin est utilis\u00e9 uniquement afin d\u2019all\u00e9ger le texte et d\u00e9signe aussi bien les hommes que les femmes.<\/p>\n<h4>Titre d\u2019emploi<\/h4>\n<p id=\"fldjobdescription_primaryprofile\">Cariste<\/p>\n<h4>Mission<\/h4>\n<p>Un cariste conduite de chariot \u00e9l\u00e9vateur pour chargement, d\u00e9chargement et d\u00e9placement de mat\u00e9riels.<\/p>\n<p>Le candidat devra aussi faire de l\u2019assemblage l\u00e9ger de produits.<\/p>\n<p>\u2022 Respecter les mesures de s\u00e9curit\u00e9 en milieu industriel<br \/>\n\u2022 Effectuer toute autre t\u00e2che connexe<\/p>\n<h4>R\u00e9sum\u00e9 de la position<\/h4>\n<p>Alfa Mega est actuellement \u00e0 la recherche d\u2019un cariste pour joindre son \u00e9quipe de production.<br \/>\n\u2022 40 h par semaine<br \/>\n\u2022 Salaire bas\u00e9 sur l'exp\u00e9rience<br \/>\n\u2022 Quart de jour seulement<\/p>\n<h4>Profil<\/h4>\n<p>\u2022 Avoir un permis valide en conduite d\u2019un chariot \u00e9l\u00e9vateur<br \/>\n\u2022 Exp\u00e9rience dans la conduite de chariot \u00e9l\u00e9vateur, un fort atout<br \/>\n\u2022 Bilingue fran\u00e7ais\/anglais est un atout<br \/>\n\u2022 Capacit\u00e9 \u00e0 travailler debout pendant de longues heures<\/p>\n<h4>Lieu de travail<\/h4>\n<p>345 mont\u00e9e de Liesse &#8211; Saint-Laurent (Quebec)\u00a0 H4T 1P5 &#8211; Canada<\/p>\n<h4>Contactez-nous<\/h4>\n<p>Pour plus d\u2019information: recruit@airvector-hvac.com<\/p>\n\n\t\t<\/div>\n\t<\/div>\n<div class=\"vc_btn3-container vc_btn3-inline\" >\n\t<a class=\"vc_general vc_btn3 vc_btn3-size-md vc_btn3-shape-rounded vc_btn3-style-modern vc_btn3-color-primary\" href=\"\/wp-content\/uploads\/2021\/03\/Forklift-Operator.pdf\" title=\"\" target=\"_blank\">T\u00e9l\u00e9charger l'offre d'emploi<\/a><\/div>\n<\/div><\/div><\/div><\/div><\/div><\/div>\n\t<div class=\"wpb_text_column wpb_content_element\" >\n\t\t<div class=\"wpb_wrapper\">\n\t\t\t<p style=\"text-align: right;\"><Revenir \u00e0 <span style=\"color: #165fa6;\"><a style=\"color: #165fa6;\" href=\"https:\/\/airvector-hvac.com\/fr\/careers\/\" rel=\"http:\/\/68.183.202.114\/careers\/ noopener noreferrer\">Carri\u00e8res<\/a><\/span> section<\/p>\n\n\t\t<\/div>\n\t<\/div>\n<\/div><\/div><\/div><div class=\"wpb_column vc_column_container vc_col-sm-2\"><div class=\"vc_column-inner\"><div class=\"wpb_wrapper\">\n\t<div class=\"wpb_text_column wpb_content_element\" >\n\t\t<div class=\"wpb_wrapper\">\n\t\t\t<h5 style=\"color: #000000; text-align: center;\"><span style=\"color: #878787;\"><strong>Information G\u00e9n\u00e9rale<\/strong><\/span><\/h5>\n<h4 style=\"text-align: center;\"><img src=\"http:\/\/airvector-panels.com\/wp-content\/uploads\/2020\/03\/logo-alfa-mega.png\" \/><\/h4>\n<p>Fond\u00e9 en 1996, Alfa Mega est un fabricant familial dans l'industrie du chauffage, de la ventilation et de la climatisation (CVC). Nous fabriquons des grilles, registres et diffuseurs de produits de distribution d'air et des panneaux d'acc\u00e8s acoustiques sous la marque Airvector\u00ae pour le march\u00e9 nord-am\u00e9ricain. Alfa Mega a d\u00e9velopp\u00e9 son propre \u00e9quipement de fabrication et poursuit en permanence le d\u00e9veloppement technologique.<\/p>\n\n\t\t<\/div>\n\t<\/div>\n<\/div><\/div><\/div><\/div>","protected":false},"excerpt":{"rendered":"var htmlDiv = document.getElementById(\"rs-plugin-settings-inline-css\"); var htmlDivCss=\"\"; if(htmlDiv) { htmlDiv.innerHTML = htmlDiv.innerHTML + htmlDivCss; }else{ var htmlDiv = document.createElement(\"div\"); htmlDiv.innerHTML = \"\" + htmlDivCss + \"\"; document.getElementsByTagName(\"head\")[0].appendChild(htmlDiv.childNodes[0]); } setREVStartSize({c: jQuery('#rev_slider_24_2'), gridwidth: [1200], gridheight: [300], sliderLayout: 'auto'}); var revapi24, tpj=jQuery; tpj(document).ready(function() { if(tpj(\"#rev_slider_24_2\").revolution == undefined){ revslider_showDoubleJqueryError(\"#rev_slider_24_2\"); }else{ revapi24 = tpj(\"#rev_slider_24_2\").show().revolution({ sliderType:\"hero\", jsFileLocation:\"\/\/airvector-hvac.com\/wp-content\/plugins\/revslider\/public\/assets\/js\/\", sliderLayout:\"auto\", dottedOverlay:\"none\", delay:9000, visibilityLevels:[1240,1024,778,480], gridwidth:1200, [...]","protected":false},"author":1,"featured_media":0,"parent":0,"menu_order":0,"comment_status":"closed","ping_status":"closed","template":"","meta":[],"yoast_head":"<!-- This site is optimized with the Yoast SEO plugin v15.6.2 - https:\/\/yoast.com\/wordpress\/plugins\/seo\/ -->\n<title>Forklift Operator - Airvector<\/title>\n<meta name=\"description\" content=\"Forklift Operator - Manufacturer of Quility HVAC Air Distribution Products - Airvector\" \/>\n<meta name=\"robots\" content=\"index, follow, max-snippet:-1, max-image-preview:large, max-video-preview:-1\" \/>\n<link rel=\"canonical\" href=\"https:\/\/airvector-hvac.com\/fr\/forklift-operator-2\/\" \/>\n<meta property=\"og:locale\" content=\"fr_CA\" \/>\n<meta property=\"og:type\" content=\"article\" \/>\n<meta property=\"og:title\" content=\"Forklift Operator - Airvector\" \/>\n<meta property=\"og:description\" content=\"Forklift Operator - Manufacturer of Quility HVAC Air Distribution Products - Airvector\" \/>\n<meta property=\"og:url\" content=\"https:\/\/airvector-hvac.com\/fr\/forklift-operator-2\/\" \/>\n<meta property=\"og:site_name\" content=\"Airvector\" \/>\n<meta property=\"article:publisher\" content=\"https:\/\/www.facebook.com\/Airvector\" \/>\n<meta property=\"article:modified_time\" content=\"2023-05-24T19:07:45+00:00\" \/>\n<meta property=\"og:image\" content=\"http:\/\/airvector-panels.com\/wp-content\/uploads\/2020\/03\/logo-alfa-mega.png\" \/>\n<meta name=\"twitter:card\" content=\"summary_large_image\" \/>\n<meta name=\"twitter:site\" content=\"@airvector\" \/>\n<script type=\"application\/ld+json\" class=\"yoast-schema-graph\">{\"@context\":\"https:\/\/schema.org\",\"@graph\":[{\"@type\":\"Organization\",\"@id\":\"https:\/\/airvector-hvac.com\/#organization\",\"name\":\"Airvector\",\"url\":\"https:\/\/airvector-hvac.com\/\",\"sameAs\":[\"https:\/\/www.facebook.com\/Airvector\",\"https:\/\/www.linkedin.com\/company\/airvector-\",\"https:\/\/www.youtube.com\/user\/Airvector\/videos\",\"https:\/\/www.pinterest.com\/airvector\/\",\"https:\/\/twitter.com\/airvector\"],\"logo\":{\"@type\":\"ImageObject\",\"@id\":\"https:\/\/airvector-hvac.com\/#logo\",\"inLanguage\":\"fr-CA\",\"url\":\"\",\"caption\":\"Airvector\"},\"image\":{\"@id\":\"https:\/\/airvector-hvac.com\/#logo\"}},{\"@type\":\"WebSite\",\"@id\":\"https:\/\/airvector-hvac.com\/#website\",\"url\":\"https:\/\/airvector-hvac.com\/\",\"name\":\"Airvector\",\"description\":\"Manufacturer of Quility HVAC Air Distribution Products\",\"publisher\":{\"@id\":\"https:\/\/airvector-hvac.com\/#organization\"},\"potentialAction\":[{\"@type\":\"SearchAction\",\"target\":\"https:\/\/airvector-hvac.com\/?s={search_term_string}\",\"query-input\":\"required name=search_term_string\"}],\"inLanguage\":\"fr-CA\"},{\"@type\":\"ImageObject\",\"@id\":\"https:\/\/airvector-hvac.com\/forklift-operator-2\/#primaryimage\",\"inLanguage\":\"fr-CA\",\"url\":\"http:\/\/airvector-panels.com\/wp-content\/uploads\/2020\/03\/logo-alfa-mega.png\"},{\"@type\":\"WebPage\",\"@id\":\"https:\/\/airvector-hvac.com\/forklift-operator-2\/#webpage\",\"url\":\"https:\/\/airvector-hvac.com\/forklift-operator-2\/\",\"name\":\"Forklift Operator - Airvector\",\"isPartOf\":{\"@id\":\"https:\/\/airvector-hvac.com\/#website\"},\"primaryImageOfPage\":{\"@id\":\"https:\/\/airvector-hvac.com\/forklift-operator-2\/#primaryimage\"},\"datePublished\":\"2021-03-29T12:32:50+00:00\",\"dateModified\":\"2023-05-24T19:07:45+00:00\",\"description\":\"Forklift Operator - Manufacturer of Quility HVAC Air Distribution Products - Airvector\",\"inLanguage\":\"fr-CA\",\"potentialAction\":[{\"@type\":\"ReadAction\",\"target\":[\"https:\/\/airvector-hvac.com\/forklift-operator-2\/\"]}]}]}<\/script>\n<!-- \/ Yoast SEO plugin. -->","_links":{"self":[{"href":"https:\/\/airvector-hvac.com\/fr\/wp-json\/wp\/v2\/pages\/5303"}],"collection":[{"href":"https:\/\/airvector-hvac.com\/fr\/wp-json\/wp\/v2\/pages"}],"about":[{"href":"https:\/\/airvector-hvac.com\/fr\/wp-json\/wp\/v2\/types\/page"}],"author":[{"embeddable":true,"href":"https:\/\/airvector-hvac.com\/fr\/wp-json\/wp\/v2\/users\/1"}],"replies":[{"embeddable":true,"href":"https:\/\/airvector-hvac.com\/fr\/wp-json\/wp\/v2\/comments?post=5303"}],"version-history":[{"count":5,"href":"https:\/\/airvector-hvac.com\/fr\/wp-json\/wp\/v2\/pages\/5303\/revisions"}],"predecessor-version":[{"id":16218,"href":"https:\/\/airvector-hvac.com\/fr\/wp-json\/wp\/v2\/pages\/5303\/revisions\/16218"}],"wp:attachment":[{"href":"https:\/\/airvector-hvac.com\/fr\/wp-json\/wp\/v2\/media?parent=5303"}],"curies":[{"name":"wp","href":"https:\/\/api.w.org\/{rel}","templated":true}]}}