{"id":17100,"date":"2023-12-18T19:51:26","date_gmt":"2023-12-18T19:51:26","guid":{"rendered":"https:\/\/airvector-hvac.com\/?post_type=product&#038;p=17100"},"modified":"2026-04-22T14:37:20","modified_gmt":"2026-04-22T14:37:20","slug":"round-plaque-adjustable-aluminum-diffusers","status":"publish","type":"product","link":"https:\/\/airvector-hvac.com\/fr\/produit\/round-plaque-adjustable-aluminum-diffusers\/","title":{"rendered":"Diffuseur aluminium \u00e0 plaque rond et ajustable"},"content":{"rendered":"<div class=\"boxed-row\"><div style=\"\"class=\"normal_height vc_row wpb_row vc_row-fluid vc_custom_1605707188058 vc_row-has-fill\"><div class=\"wpb_column vc_column_container vc_col-sm-4\"><div class=\"vc_column-inner\"><div class=\"wpb_wrapper\">\n\t<div class=\"wpb_text_column wpb_content_element\" >\n\t\t<div class=\"wpb_wrapper\">\n\t\t\t<p><a name=\"ICL\"><\/a><b>ICL <\/b>Adjustable Aluminum Round Plaque Diffusers<\/p>\n\n\t\t<\/div>\n\t<\/div>\n<\/div><\/div><\/div><div class=\"wpb_column vc_column_container vc_col-sm-4\"><div class=\"vc_column-inner\"><div class=\"wpb_wrapper\"><\/div><\/div><\/div><div class=\"wpb_column vc_column_container vc_col-sm-4\"><div class=\"vc_column-inner\"><div class=\"wpb_wrapper\"><div class=\"vc_btn3-container vc_btn3-left\" >\n\t<a class=\"vc_general vc_btn3 vc_btn3-size-md vc_btn3-shape-rounded vc_btn3-style-modern vc_btn3-color-grey\" href=\"https:\/\/airvector-hvac.com\/wp-content\/uploads\/product-documents\/submittals\/ICL%20sub.pdf\" title=\"\" target=\"_blank\">FICHE DE SOUMISSION<\/a><\/div>\n<div class=\"vc_btn3-container vc_btn3-left\" >\n\t<a class=\"vc_general vc_btn3 vc_btn3-size-md vc_btn3-shape-rounded vc_btn3-style-modern vc_btn3-color-grey\" href=\"https:\/\/airvector-hvac.com\/wp-content\/uploads\/product-documents\/datasheets\/ICL%20data.pdf\" title=\"\" target=\"_blank\">Fiche produit et performances<\/a><\/div>\n<\/div><\/div><\/div><\/div><\/div>","protected":false},"excerpt":{"rendered":"<h3><strong>ICG arr\u00eat\u00e9, remplac\u00e9 par ICL<\/strong><\/h3>\n<p>&nbsp;<\/p>\n<p class=\"regText\"><span style=\"color: #ff003f;\"><b>\/!\\ <em>Le mod\u00e8le ICG a \u00e9t\u00e9 arr\u00eat\u00e9 et remplac\u00e9 par la s\u00e9rie ICL.\nLe mod\u00e8le ICL offre des performances \u00e9quivalentes ou am\u00e9lior\u00e9es.<\/em><\/b><\/span><\/p>\n<p class=\"regText\">Les diffuseurs ronds \u00e0 plaque ajustable en aluminium ICL Airvector\u00ae sont con\u00e7us pour les applications de chauffage, ventilation et climatisation. Ils assurent une diffusion d\u2019air \u00e0 360\u00b0 et offrent d\u2019excellentes performances dans les syst\u00e8mes \u00e0 volume d\u2019air variable (VAV).<\/p>\n<p>Les diffuseurs ICL offrent de tr\u00e8s bonnes performances avec des diff\u00e9rentiels de temp\u00e9rature allant jusqu\u2019\u00e0 54 \u00b0F (12 \u00b0C) et conviennent aux espaces ayant une hauteur de plafond de 8,5 pi (2,6 m) ou plus<\/p>\n<p><b>Points forts<\/b><\/p>\n<ul>\n<li>Construction en aluminium repouss\u00e9 de gros calibre<\/li>\n<li>Diffusion d\u2019air \u00e0 360\u00b0, ajustement vertical.<\/li>\n<li>Peinture en poudre - Blanc (finitions personnalis\u00e9es disponibles)<\/li>\n<\/ul>","protected":false},"featured_media":17102,"template":"","meta":[],"yoast_head":"<!-- This site is optimized with the Yoast SEO plugin v15.6.2 - https:\/\/yoast.com\/wordpress\/plugins\/seo\/ -->\n<title>Round Plaque Adjustable Aluminum Diffusers - Made in Canada - Airvector<\/title>\n<meta name=\"description\" content=\"ICG discontinued, now ICL &nbsp; \/! ICG model has been discontinued and replaced by the ICL series. The updated ICL model is now available and offers equivalent or improved performance. Airvector\u2019s ICL Aluminum Adjustable Round Plaque Diffusers are recommended for heating, ventilating, and cooling applications. ICL diffusers provide a 360\u00b0 air diffusion pattern and excellent performance in VAV systems. ICL diffusers provide great performance in temperatures differentials up to 54\u00baF (12\u00baC) and are suitable for premises with ceilings 8.5 ft (2.6 m) and higher.  Highlights   Heavy-gauge spun aluminum construction  360\u00b0 diffusion, vertically adjustable.  Powder paint coating - White (Custom Finishes Available)\" \/>\n<meta name=\"robots\" content=\"index, follow, max-snippet:-1, max-image-preview:large, max-video-preview:-1\" \/>\n<link rel=\"canonical\" href=\"https:\/\/airvector-hvac.com\/fr\/produit\/round-plaque-adjustable-aluminum-diffusers\/\" \/>\n<meta property=\"og:locale\" content=\"fr_CA\" \/>\n<meta property=\"og:type\" content=\"article\" \/>\n<meta property=\"og:title\" content=\"Round Plaque Adjustable Aluminum Diffusers - Made in Canada - Airvector\" \/>\n<meta property=\"og:description\" content=\"ICG discontinued, now ICL &nbsp; \/!\\ ICG model has been discontinued and replaced by the ICL series. The updated ICL model is now available and offers equivalent or improved performance. Airvector\u2019s ICL Aluminum Adjustable Round Plaque Diffusers are recommended for heating, ventilating, and cooling applications. ICL diffusers provide a 360\u00b0 air diffusion pattern and excellent performance in VAV systems. ICL diffusers provide great performance in temperatures differentials up to 54\u00baF (12\u00baC) and are suitable for premises with ceilings 8.5 ft (2.6 m) and higher.  Highlights   Heavy-gauge spun aluminum construction  360\u00b0 diffusion, vertically adjustable.  Powder paint coating - White (Custom Finishes Available)\" \/>\n<meta property=\"og:url\" content=\"https:\/\/airvector-hvac.com\/fr\/produit\/round-plaque-adjustable-aluminum-diffusers\/\" \/>\n<meta property=\"og:site_name\" content=\"Airvector\" \/>\n<meta property=\"article:publisher\" content=\"https:\/\/www.facebook.com\/Airvector\" \/>\n<meta property=\"article:modified_time\" content=\"2026-04-22T14:37:20+00:00\" \/>\n<meta property=\"og:image\" content=\"https:\/\/airvector-hvac.com\/wp-content\/uploads\/2023\/12\/ICG-300.png\" \/>\n\t<meta property=\"og:image:width\" content=\"1194\" \/>\n\t<meta property=\"og:image:height\" content=\"924\" \/>\n<meta name=\"twitter:card\" content=\"summary_large_image\" \/>\n<meta name=\"twitter:site\" content=\"@airvector\" \/>\n<script type=\"application\/ld+json\" class=\"yoast-schema-graph\">{\"@context\":\"https:\/\/schema.org\",\"@graph\":[{\"@type\":\"Organization\",\"@id\":\"https:\/\/airvector-hvac.com\/#organization\",\"name\":\"Airvector\",\"url\":\"https:\/\/airvector-hvac.com\/\",\"sameAs\":[\"https:\/\/www.facebook.com\/Airvector\",\"https:\/\/www.linkedin.com\/company\/airvector-\",\"https:\/\/www.youtube.com\/user\/Airvector\/videos\",\"https:\/\/www.pinterest.com\/airvector\/\",\"https:\/\/twitter.com\/airvector\"],\"logo\":{\"@type\":\"ImageObject\",\"@id\":\"https:\/\/airvector-hvac.com\/#logo\",\"inLanguage\":\"fr-CA\",\"url\":\"\",\"caption\":\"Airvector\"},\"image\":{\"@id\":\"https:\/\/airvector-hvac.com\/#logo\"}},{\"@type\":\"WebSite\",\"@id\":\"https:\/\/airvector-hvac.com\/#website\",\"url\":\"https:\/\/airvector-hvac.com\/\",\"name\":\"Airvector\",\"description\":\"Manufacturer of Quility HVAC Air Distribution Products\",\"publisher\":{\"@id\":\"https:\/\/airvector-hvac.com\/#organization\"},\"potentialAction\":[{\"@type\":\"SearchAction\",\"target\":\"https:\/\/airvector-hvac.com\/?s={search_term_string}\",\"query-input\":\"required name=search_term_string\"}],\"inLanguage\":\"fr-CA\"},{\"@type\":\"ImageObject\",\"@id\":\"https:\/\/airvector-hvac.com\/product\/round-plaque-adjustable-aluminum-diffusers\/#primaryimage\",\"inLanguage\":\"fr-CA\",\"url\":\"https:\/\/airvector-hvac.com\/wp-content\/uploads\/2023\/12\/ICG-300.png\",\"width\":1194,\"height\":924},{\"@type\":[\"WebPage\",\"ItemPage\"],\"@id\":\"https:\/\/airvector-hvac.com\/product\/round-plaque-adjustable-aluminum-diffusers\/#webpage\",\"url\":\"https:\/\/airvector-hvac.com\/product\/round-plaque-adjustable-aluminum-diffusers\/\",\"name\":\"Round Plaque Adjustable Aluminum Diffusers - Made in Canada - Airvector\",\"isPartOf\":{\"@id\":\"https:\/\/airvector-hvac.com\/#website\"},\"primaryImageOfPage\":{\"@id\":\"https:\/\/airvector-hvac.com\/product\/round-plaque-adjustable-aluminum-diffusers\/#primaryimage\"},\"datePublished\":\"2023-12-18T19:51:26+00:00\",\"dateModified\":\"2026-04-22T14:37:20+00:00\",\"description\":\"ICG discontinued, now ICL &nbsp; \/!\\\\ ICG model has been discontinued and replaced by the ICL series. The updated ICL model is now available and offers equivalent or improved performance. Airvector\\u2019s ICL Aluminum Adjustable Round Plaque Diffusers are recommended for heating, ventilating, and cooling applications. ICL diffusers provide a 360\\u00b0 air diffusion pattern and excellent performance in VAV systems. ICL diffusers provide great performance in temperatures differentials up to 54\\u00baF (12\\u00baC) and are suitable for premises with ceilings 8.5 ft (2.6 m) and higher. Highlights Heavy-gauge spun aluminum construction 360\\u00b0 diffusion, vertically adjustable. Powder paint coating - White (Custom Finishes Available)\",\"inLanguage\":\"fr-CA\",\"potentialAction\":[{\"@type\":\"ReadAction\",\"target\":[\"https:\/\/airvector-hvac.com\/product\/round-plaque-adjustable-aluminum-diffusers\/\"]}]}]}<\/script>\n<!-- \/ Yoast SEO plugin. -->","_links":{"self":[{"href":"https:\/\/airvector-hvac.com\/fr\/wp-json\/wp\/v2\/product\/17100"}],"collection":[{"href":"https:\/\/airvector-hvac.com\/fr\/wp-json\/wp\/v2\/product"}],"about":[{"href":"https:\/\/airvector-hvac.com\/fr\/wp-json\/wp\/v2\/types\/product"}],"wp:featuredmedia":[{"embeddable":true,"href":"https:\/\/airvector-hvac.com\/fr\/wp-json\/wp\/v2\/media\/17102"}],"wp:attachment":[{"href":"https:\/\/airvector-hvac.com\/fr\/wp-json\/wp\/v2\/media?parent=17100"}],"curies":[{"name":"wp","href":"https:\/\/api.w.org\/{rel}","templated":true}]}}