{"id":24507,"date":"2025-06-12T20:01:05","date_gmt":"2025-06-12T20:01:05","guid":{"rendered":"https:\/\/airvector-hvac.com\/?post_type=product&#038;p=24507"},"modified":"2026-02-05T21:01:12","modified_gmt":"2026-02-05T21:01:12","slug":"drum-louver-standard-blades","status":"publish","type":"product","link":"https:\/\/airvector-hvac.com\/fr\/produit\/drum-louver-standard-blades\/","title":{"rendered":"Drum Louver Standard Blades"},"content":{"rendered":"<div class=\"boxed-row\"><div style=\"\"class=\"normal_height vc_row wpb_row vc_row-fluid vc_custom_1605707188058 vc_row-has-fill\"><div class=\"wpb_column vc_column_container vc_col-sm-4\"><div class=\"vc_column-inner\"><div class=\"wpb_wrapper\">\n\t<div class=\"wpb_text_column wpb_content_element\" >\n\t\t<div class=\"wpb_wrapper\">\n\t\t\t<p class=\"regText\"><a name=\"ADL10\"><\/a><\/p>\n<p class=\"regText\"><a name=\"ADL10\"><\/a><b>ADL10<\/b>\u00a0\u00a0\u00a0&#8211; Standard drum louver, without damper.<\/p>\n\n\t\t<\/div>\n\t<\/div>\n<\/div><\/div><\/div><div class=\"wpb_column vc_column_container vc_col-sm-4\"><div class=\"vc_column-inner\"><div class=\"wpb_wrapper\"><\/div><\/div><\/div><div class=\"wpb_column vc_column_container vc_col-sm-4\"><div class=\"vc_column-inner\"><div class=\"wpb_wrapper\"><div class=\"vc_btn3-container vc_btn3-center\" >\n\t<a class=\"vc_general vc_btn3 vc_btn3-size-md vc_btn3-shape-rounded vc_btn3-style-modern vc_btn3-color-grey\" href=\"https:\/\/airvector-hvac.com\/wp-content\/uploads\/product-documents\/submittals\/ADL1%20sub.pdf\" title=\"\" target=\"_blank\">Dessin d'atelier<\/a><\/div>\n<div class=\"vc_btn3-container vc_btn3-left\" >\n\t<a class=\"vc_general vc_btn3 vc_btn3-size-md vc_btn3-shape-rounded vc_btn3-style-modern vc_btn3-color-grey\" href=\"https:\/\/airvector-hvac.com\/wp-content\/uploads\/product-documents\/datasheets\/ADL-ADLD%20data.pdf\" title=\"\" target=\"_blank\">Catalog & Data Sheet<\/a><\/div>\n<\/div><\/div><\/div><\/div><\/div><div style=\"\"class=\"normal_height vc_row wpb_row vc_row-fluid\"><div class=\"wpb_column vc_column_container vc_col-sm-12\"><div class=\"vc_column-inner\"><div class=\"wpb_wrapper\"><div class=\"vc_separator wpb_content_element vc_separator_align_center vc_sep_width_80 vc_sep_pos_align_center vc_separator_no_text vc_sep_color_black\" ><span class=\"vc_sep_holder vc_sep_holder_l\"><span  class=\"vc_sep_line\"><\/span><\/span><span class=\"vc_sep_holder vc_sep_holder_r\"><span  class=\"vc_sep_line\"><\/span><\/span>\n<\/div><\/div><\/div><\/div><\/div><div class=\"boxed-row\"><div style=\"\"class=\"normal_height vc_row wpb_row vc_row-fluid vc_custom_1605707188058 vc_row-has-fill\"><div class=\"wpb_column vc_column_container vc_col-sm-4\"><div class=\"vc_column-inner\"><div class=\"wpb_wrapper\">\n\t<div class=\"wpb_text_column wpb_content_element\" >\n\t\t<div class=\"wpb_wrapper\">\n\t\t\t<p class=\"regText\"><a name=\"ADL17\"><\/a><\/p>\n<p class=\"regText\"><a name=\"ADL17\"><\/a><b>ADL17<\/b>\u00a0\u00a0\u00a0&#8211; With rear steel opposed blade damper for volume control.<\/p>\n\n\t\t<\/div>\n\t<\/div>\n<\/div><\/div><\/div><div class=\"wpb_column vc_column_container vc_col-sm-4\"><div class=\"vc_column-inner\"><div class=\"wpb_wrapper\"><\/div><\/div><\/div><div class=\"wpb_column vc_column_container vc_col-sm-4\"><div class=\"vc_column-inner\"><div class=\"wpb_wrapper\"><div class=\"vc_btn3-container vc_btn3-left\" >\n\t<a class=\"vc_general vc_btn3 vc_btn3-size-md vc_btn3-shape-rounded vc_btn3-style-modern vc_btn3-color-grey\" href=\"https:\/\/airvector-hvac.com\/wp-content\/uploads\/product-documents\/submittals\/ADL1%20sub.pdf\" title=\"\" target=\"_blank\">Dessin d'atelier<\/a><\/div>\n<div class=\"vc_btn3-container vc_btn3-left\" >\n\t<a class=\"vc_general vc_btn3 vc_btn3-size-md vc_btn3-shape-rounded vc_btn3-style-modern vc_btn3-color-grey\" href=\"https:\/\/airvector-hvac.com\/wp-content\/uploads\/product-documents\/datasheets\/ADL-ADLD%20data.pdf\" title=\"\" target=\"_blank\">Catalog & Data Sheet<\/a><\/div>\n<\/div><\/div><\/div><\/div><\/div><div style=\"\"class=\"normal_height vc_row wpb_row vc_row-fluid\"><div class=\"wpb_column vc_column_container vc_col-sm-12\"><div class=\"vc_column-inner\"><div class=\"wpb_wrapper\"><div class=\"vc_separator wpb_content_element vc_separator_align_center vc_sep_width_80 vc_sep_pos_align_center vc_separator_no_text vc_sep_color_black\" ><span class=\"vc_sep_holder vc_sep_holder_l\"><span  class=\"vc_sep_line\"><\/span><\/span><span class=\"vc_sep_holder vc_sep_holder_r\"><span  class=\"vc_sep_line\"><\/span><\/span>\n<\/div><\/div><\/div><\/div><\/div><div class=\"boxed-row\"><div style=\"\"class=\"normal_height vc_row wpb_row vc_row-fluid vc_custom_1605707188058 vc_row-has-fill\"><div class=\"wpb_column vc_column_container vc_col-sm-4\"><div class=\"vc_column-inner\"><div class=\"wpb_wrapper\">\n\t<div class=\"wpb_text_column wpb_content_element\" >\n\t\t<div class=\"wpb_wrapper\">\n\t\t\t<p class=\"regText\"><a name=\"ADL18\"><\/a><\/p>\n<p class=\"regText\"><a name=\"ADL18\"><\/a><b>ADL18<\/b>\u00a0\u00a0\u00a0&#8211; With integrated air scoop for enhanced directional throw.<\/p>\n\n\t\t<\/div>\n\t<\/div>\n<\/div><\/div><\/div><div class=\"wpb_column vc_column_container vc_col-sm-4\"><div class=\"vc_column-inner\"><div class=\"wpb_wrapper\"><\/div><\/div><\/div><div class=\"wpb_column vc_column_container vc_col-sm-4\"><div class=\"vc_column-inner\"><div class=\"wpb_wrapper\"><div class=\"vc_btn3-container vc_btn3-left\" >\n\t<a class=\"vc_general vc_btn3 vc_btn3-size-md vc_btn3-shape-rounded vc_btn3-style-modern vc_btn3-color-grey\" href=\"https:\/\/airvector-hvac.com\/wp-content\/uploads\/product-documents\/submittals\/ADL1%20sub.pdf\" title=\"\" target=\"_blank\">Dessin d'atelier<\/a><\/div>\n<div class=\"vc_btn3-container vc_btn3-left\" >\n\t<a class=\"vc_general vc_btn3 vc_btn3-size-md vc_btn3-shape-rounded vc_btn3-style-modern vc_btn3-color-grey\" href=\"https:\/\/airvector-hvac.com\/wp-content\/uploads\/product-documents\/datasheets\/ADL-ADLD%20data.pdf\" title=\"\" target=\"_blank\">Catalog & Data Sheet<\/a><\/div>\n<\/div><\/div><\/div><\/div><\/div><div style=\"\"class=\"normal_height vc_row wpb_row vc_row-fluid\"><div class=\"wpb_column vc_column_container vc_col-sm-12\"><div class=\"vc_column-inner\"><div class=\"wpb_wrapper\"><div class=\"vc_separator wpb_content_element vc_separator_align_center vc_sep_width_80 vc_sep_pos_align_center vc_sep_color_black vc_separator-has-text\" ><span class=\"vc_sep_holder vc_sep_holder_l\"><span  class=\"vc_sep_line\"><\/span><\/span><h4>Accessoires<\/h4><span class=\"vc_sep_holder vc_sep_holder_r\"><span  class=\"vc_sep_line\"><\/span><\/span>\n<\/div><\/div><\/div><\/div><\/div><div class=\"boxed-row\"><div style=\"\"class=\"normal_height vc_row wpb_row vc_row-fluid vc_custom_1606222864750 vc_row-has-fill\"><div class=\"wpb_column vc_column_container vc_col-sm-4\"><div class=\"vc_column-inner\"><div class=\"wpb_wrapper\">\n\t<div class=\"wpb_text_column wpb_content_element\" >\n\t\t<div class=\"wpb_wrapper\">\n\t\t\t<p class=\"regText\"><a name=\"N7\"><\/a><b>N7<\/b>\u00a0\u00a0\u00a0Amortisseur \u00e0 lame oppos\u00e9e pour grilles commerciales<\/p>\n<ul>\n<li>Construction en acier galvanis\u00e9.<\/li>\n<li>Suitable for GSA, GAA, GCA, GCR, ERE, ERT, ERU, REAL, RAF, ALB and ADL.<\/li>\n<\/ul>\n\n\t\t<\/div>\n\t<\/div>\n<\/div><\/div><\/div><div class=\"wpb_column vc_column_container vc_col-sm-4\"><div class=\"vc_column-inner\"><div class=\"wpb_wrapper\">\n\t<div  class=\"wpb_single_image wpb_content_element vc_align_center\">\n\t\t\n\t\t<figure class=\"wpb_wrapper vc_figure\">\n\t\t\t<div class=\"vc_single_image-wrapper   vc_box_border_grey\"><img width=\"200\" height=\"175\" src=\"https:\/\/airvector-hvac.com\/wp-content\/uploads\/2020\/11\/N7.png\" class=\"vc_single_image-img attachment-full\" alt=\"Drum Louver Standard Blades\" loading=\"lazy\" title=\"Drum Louver Standard Blades\" \/><\/div>\n\t\t<\/figure>\n\t<\/div>\n<\/div><\/div><\/div><div class=\"wpb_column vc_column_container vc_col-sm-4\"><div class=\"vc_column-inner\"><div class=\"wpb_wrapper\"><div class=\"vc_btn3-container vc_btn3-left\" >\n\t<a class=\"vc_general vc_btn3 vc_btn3-size-md vc_btn3-shape-rounded vc_btn3-style-modern vc_btn3-color-grey\" href=\"\/wp-content\/uploads\/2021\/01\/N7-sub.pdf\" title=\"\" target=\"_blank\">Dessin d'atelier<\/a><\/div>\n<\/div><\/div><\/div><\/div><\/div>","protected":false},"excerpt":{"rendered":"<p class=\"regText\"><strong>NEW!<\/strong> ALD Drum Louver series is engineered for high-volume air supply in large open spaces where long throw and directional control are essential. Designed with a rotating cylindrical drum and adjustable internal vanes, the ALD series allows for precise air direction both horizontally and vertically, making it ideal for use in shopping malls, industrial facilities, arenas, and other commercial applications.<\/p>\n<p class=\"regText\">Made from extruded aluminum, the ALD louvers ensure durability, smooth operation, and resistance to corrosion. Available in multiple configurations, the ALD series offers options for air pattern customization and easy integration into various mounting conditions.<\/p>\n<p><b>CARACT\u00c9RISTIQUES G\u00c9N\u00c9RALES<\/b><\/p>\n<ul>\n<li>Adjustable Airflow Control \u2013 Cylindrical drum rotates up to 60\u00b0 for vertical control; internal vanes are adjustable for horizontal air spread<\/li>\n<li>High Throw Performance \u2013 Designed to deliver long throws for effective spot cooling or heating in large-volume spaces<\/li>\n<li>Disponible en face horizontale (lames parall\u00e8les \u00e0 la dimension longue) ou verticale (lames en parall\u00e8le aux dimensions courtes).<\/li>\n<li>Durable Construction \u2013 Made entirely from extruded aluminum for long-lasting and corrosion-resistant performance.<\/li>\n<li>Surface Mount Design \u2013 Standard flat frame with countersunk holes for secure wall or duct mounting.<\/li>\n<\/ul>\n<p>&nbsp;<\/p>\n<p class=\"regText\">For Spiral-Duct Drum Louver Standard Blades\u00a0<a href=\"https:\/\/airvector-hvac.com\/fr\/produit\/drum-louver-standard-blades-for-spiral-ducts\/\">click here to see ADLD<\/a>.<\/p>","protected":false},"featured_media":27346,"template":"","meta":[],"yoast_head":"<!-- This site is optimized with the Yoast SEO plugin v15.6.2 - https:\/\/yoast.com\/wordpress\/plugins\/seo\/ -->\n<title>Drum Louver Standard Blades - Made in Canada - Airvector<\/title>\n<meta name=\"description\" content=\"NEW! ALD Drum Louver series is engineered for high-volume air supply in large open spaces where long throw and directional control are essential. Designed with a rotating cylindrical drum and adjustable internal vanes, the ALD series allows for precise air direction both horizontally and vertically, making it ideal for use in shopping malls, industrial facilities, arenas, and other commercial applications. Made from extruded aluminum, the ALD louvers ensure durability, smooth operation, and resistance to corrosion. Available in multiple configurations, the ALD series offers options for air pattern customization and easy integration into various mounting conditions. GENERAL FEATURES   Adjustable Airflow Control \u2013 Cylindrical drum rotates up to 60\u00b0 for vertical control; internal vanes are adjustable for horizontal air spread  High Throw Performance \u2013 Designed to deliver long throws for effective spot cooling or heating in large-volume spaces  Available with horizontal face (blades parallel to long dimension) or vertical face (blades parallel to short dimension).  Durable Construction \u2013 Made entirely from extruded aluminum for long-lasting and corrosion-resistant performance.  Surface Mount Design \u2013 Standard flat frame with countersunk holes for secure wall or duct mounting.  &nbsp; For Spiral-Duct Drum Louver Standard Blades\u00a0click here to see ADLD.\" \/>\n<meta name=\"robots\" content=\"index, follow, max-snippet:-1, max-image-preview:large, max-video-preview:-1\" \/>\n<link rel=\"canonical\" href=\"https:\/\/airvector-hvac.com\/fr\/produit\/drum-louver-standard-blades\/\" \/>\n<meta property=\"og:locale\" content=\"fr_CA\" \/>\n<meta property=\"og:type\" content=\"article\" \/>\n<meta property=\"og:title\" content=\"Drum Louver Standard Blades - Made in Canada - Airvector\" \/>\n<meta property=\"og:description\" content=\"NEW! ALD Drum Louver series is engineered for high-volume air supply in large open spaces where long throw and directional control are essential. Designed with a rotating cylindrical drum and adjustable internal vanes, the ALD series allows for precise air direction both horizontally and vertically, making it ideal for use in shopping malls, industrial facilities, arenas, and other commercial applications. Made from extruded aluminum, the ALD louvers ensure durability, smooth operation, and resistance to corrosion. Available in multiple configurations, the ALD series offers options for air pattern customization and easy integration into various mounting conditions. GENERAL FEATURES   Adjustable Airflow Control \u2013 Cylindrical drum rotates up to 60\u00b0 for vertical control; internal vanes are adjustable for horizontal air spread  High Throw Performance \u2013 Designed to deliver long throws for effective spot cooling or heating in large-volume spaces  Available with horizontal face (blades parallel to long dimension) or vertical face (blades parallel to short dimension).  Durable Construction \u2013 Made entirely from extruded aluminum for long-lasting and corrosion-resistant performance.  Surface Mount Design \u2013 Standard flat frame with countersunk holes for secure wall or duct mounting.  &nbsp; For Spiral-Duct Drum Louver Standard Blades\u00a0click here to see ADLD.\" \/>\n<meta property=\"og:url\" content=\"https:\/\/airvector-hvac.com\/fr\/produit\/drum-louver-standard-blades\/\" \/>\n<meta property=\"og:site_name\" content=\"Airvector\" \/>\n<meta property=\"article:publisher\" content=\"https:\/\/www.facebook.com\/Airvector\" \/>\n<meta property=\"article:modified_time\" content=\"2026-02-05T21:01:12+00:00\" \/>\n<meta property=\"og:image\" content=\"https:\/\/airvector-hvac.com\/wp-content\/uploads\/2026\/02\/AIRVECTOR-ADL-web.png\" \/>\n\t<meta property=\"og:image:width\" content=\"360\" \/>\n\t<meta property=\"og:image:height\" content=\"322\" \/>\n<meta name=\"twitter:card\" content=\"summary_large_image\" \/>\n<meta name=\"twitter:site\" content=\"@airvector\" \/>\n<script type=\"application\/ld+json\" class=\"yoast-schema-graph\">{\"@context\":\"https:\/\/schema.org\",\"@graph\":[{\"@type\":\"Organization\",\"@id\":\"https:\/\/airvector-hvac.com\/#organization\",\"name\":\"Airvector\",\"url\":\"https:\/\/airvector-hvac.com\/\",\"sameAs\":[\"https:\/\/www.facebook.com\/Airvector\",\"https:\/\/www.linkedin.com\/company\/airvector-\",\"https:\/\/www.youtube.com\/user\/Airvector\/videos\",\"https:\/\/www.pinterest.com\/airvector\/\",\"https:\/\/twitter.com\/airvector\"],\"logo\":{\"@type\":\"ImageObject\",\"@id\":\"https:\/\/airvector-hvac.com\/#logo\",\"inLanguage\":\"fr-CA\",\"url\":\"\",\"caption\":\"Airvector\"},\"image\":{\"@id\":\"https:\/\/airvector-hvac.com\/#logo\"}},{\"@type\":\"WebSite\",\"@id\":\"https:\/\/airvector-hvac.com\/#website\",\"url\":\"https:\/\/airvector-hvac.com\/\",\"name\":\"Airvector\",\"description\":\"Manufacturer of Quility HVAC Air Distribution Products\",\"publisher\":{\"@id\":\"https:\/\/airvector-hvac.com\/#organization\"},\"potentialAction\":[{\"@type\":\"SearchAction\",\"target\":\"https:\/\/airvector-hvac.com\/?s={search_term_string}\",\"query-input\":\"required name=search_term_string\"}],\"inLanguage\":\"fr-CA\"},{\"@type\":\"ImageObject\",\"@id\":\"https:\/\/airvector-hvac.com\/product\/drum-louver-standard-blades\/#primaryimage\",\"inLanguage\":\"fr-CA\",\"url\":\"https:\/\/airvector-hvac.com\/wp-content\/uploads\/2026\/02\/AIRVECTOR-ADL-web.png\",\"width\":360,\"height\":322},{\"@type\":[\"WebPage\",\"ItemPage\"],\"@id\":\"https:\/\/airvector-hvac.com\/product\/drum-louver-standard-blades\/#webpage\",\"url\":\"https:\/\/airvector-hvac.com\/product\/drum-louver-standard-blades\/\",\"name\":\"Drum Louver Standard Blades - Made in Canada - Airvector\",\"isPartOf\":{\"@id\":\"https:\/\/airvector-hvac.com\/#website\"},\"primaryImageOfPage\":{\"@id\":\"https:\/\/airvector-hvac.com\/product\/drum-louver-standard-blades\/#primaryimage\"},\"datePublished\":\"2025-06-12T20:01:05+00:00\",\"dateModified\":\"2026-02-05T21:01:12+00:00\",\"description\":\"NEW! ALD Drum Louver series is engineered for high-volume air supply in large open spaces where long throw and directional control are essential. Designed with a rotating cylindrical drum and adjustable internal vanes, the ALD series allows for precise air direction both horizontally and vertically, making it ideal for use in shopping malls, industrial facilities, arenas, and other commercial applications. Made from extruded aluminum, the ALD louvers ensure durability, smooth operation, and resistance to corrosion. Available in multiple configurations, the ALD series offers options for air pattern customization and easy integration into various mounting conditions. GENERAL FEATURES Adjustable Airflow Control \\u2013 Cylindrical drum rotates up to 60\\u00b0 for vertical control; internal vanes are adjustable for horizontal air spread High Throw Performance \\u2013 Designed to deliver long throws for effective spot cooling or heating in large-volume spaces Available with horizontal face (blades parallel to long dimension) or vertical face (blades parallel to short dimension). Durable Construction \\u2013 Made entirely from extruded aluminum for long-lasting and corrosion-resistant performance. Surface Mount Design \\u2013 Standard flat frame with countersunk holes for secure wall or duct mounting. &nbsp; For Spiral-Duct Drum Louver Standard Blades\\u00a0click here to see ADLD.\",\"inLanguage\":\"fr-CA\",\"potentialAction\":[{\"@type\":\"ReadAction\",\"target\":[\"https:\/\/airvector-hvac.com\/product\/drum-louver-standard-blades\/\"]}]}]}<\/script>\n<!-- \/ Yoast SEO plugin. -->","_links":{"self":[{"href":"https:\/\/airvector-hvac.com\/fr\/wp-json\/wp\/v2\/product\/24507"}],"collection":[{"href":"https:\/\/airvector-hvac.com\/fr\/wp-json\/wp\/v2\/product"}],"about":[{"href":"https:\/\/airvector-hvac.com\/fr\/wp-json\/wp\/v2\/types\/product"}],"wp:featuredmedia":[{"embeddable":true,"href":"https:\/\/airvector-hvac.com\/fr\/wp-json\/wp\/v2\/media\/27346"}],"wp:attachment":[{"href":"https:\/\/airvector-hvac.com\/fr\/wp-json\/wp\/v2\/media?parent=24507"}],"curies":[{"name":"wp","href":"https:\/\/api.w.org\/{rel}","templated":true}]}}