{"id":4347,"date":"2020-11-24T12:06:40","date_gmt":"2020-11-24T12:06:40","guid":{"rendered":"http:\/\/68.183.202.114\/?post_type=product&#038;p=4347"},"modified":"2026-04-21T18:51:05","modified_gmt":"2026-04-21T18:51:05","slug":"round-adjustable-aluminum-diffusers","status":"publish","type":"product","link":"https:\/\/airvector-hvac.com\/fr\/produit\/round-adjustable-aluminum-diffusers\/","title":{"rendered":"Diffuseurs Aluminium Rond et Ajustable"},"content":{"rendered":"<div class=\"boxed-row\"><div style=\"\"class=\"normal_height vc_row wpb_row vc_row-fluid vc_custom_1605707188058 vc_row-has-fill\"><div class=\"wpb_column vc_column_container vc_col-sm-4\"><div class=\"vc_column-inner\"><div class=\"wpb_wrapper\">\n\t<div class=\"wpb_text_column wpb_content_element\" >\n\t\t<div class=\"wpb_wrapper\">\n\t\t\t<p><a name=\"DCL\"><\/a><b>DCL<\/b>\u00a0\u00a0\u00a0Diffuseur rond ajustable en aluminium<\/p>\n\n\t\t<\/div>\n\t<\/div>\n<\/div><\/div><\/div><div class=\"wpb_column vc_column_container vc_col-sm-4\"><div class=\"vc_column-inner\"><div class=\"wpb_wrapper\"><\/div><\/div><\/div><div class=\"wpb_column vc_column_container vc_col-sm-4\"><div class=\"vc_column-inner\"><div class=\"wpb_wrapper\"><div class=\"vc_btn3-container vc_btn3-left\" >\n\t<a class=\"vc_general vc_btn3 vc_btn3-size-md vc_btn3-shape-rounded vc_btn3-style-modern vc_btn3-color-grey\" href=\"https:\/\/airvector-hvac.com\/wp-content\/uploads\/product-documents\/submittals\/DCL%20sub.pdf\" title=\"\" target=\"_blank\">FICHE DE SOUMISSION<\/a><\/div>\n<div class=\"vc_btn3-container vc_btn3-left\" >\n\t<a class=\"vc_general vc_btn3 vc_btn3-size-md vc_btn3-shape-rounded vc_btn3-style-modern vc_btn3-color-grey\" href=\"https:\/\/airvector-hvac.com\/wp-content\/uploads\/product-documents\/submittals\/DCL%20data.pdf\" title=\"\" target=\"_blank\">Fiche produit et performances<\/a><\/div>\n<\/div><\/div><\/div><\/div><\/div>","protected":false},"excerpt":{"rendered":"<h3><strong>DCG arr\u00eat\u00e9, remplac\u00e9 par DCL<\/strong><\/h3>\n<p><strong><\/p>\n<p class=\"regText\"><\/a><span style=\"color: #ff003f;\"><b>\/!\\ <em>Le mod\u00e8le DCG a \u00e9t\u00e9 arr\u00eat\u00e9 et remplac\u00e9 par la s\u00e9rie DCL.\nLe mod\u00e8le DCL offre des performances \u00e9quivalentes ou am\u00e9lior\u00e9es.<\/b><\/em><\/strong><\/p>\n<p class=\"regText\">Les diffuseurs ronds ajustables en aluminium DCL Airvector\u00ae sont con\u00e7us pour les applications de chauffage, ventilation et climatisation.\n\nIls assurent une diffusion d\u2019air \u00e0 360\u00b0 et offrent d\u2019excellentes performances dans les syst\u00e8mes VAV.<\/p>\n<p>Le r\u00e9glage complet est possible en faisant pivoter le noyau int\u00e9rieur dans le sens horaire ou antihoraire afin de d\u00e9placer les c\u00f4nes vers le haut ou vers le bas, permettant ainsi de passer d\u2019une projection horizontale \u00e0 une projection verticale en fonction de la temp\u00e9rature de l\u2019air souffl\u00e9 et de r\u00e9duire la stratification.\n\nLes diffuseurs DCL offrent d\u2019excellentes performances avec des diff\u00e9rentiels de temp\u00e9rature allant jusqu\u2019\u00e0 54 \u00b0F (12 \u00b0C) et conviennent aux espaces ayant une hauteur de plafond de 8,5 pi (2,6 m) ou plus.<\/p>\n<p><b>Points forts<\/b><\/p>\n<ul>\n<li>Construction en aluminium repouss\u00e9 de gros calibre<\/li>\n<li>Enti\u00e8rement r\u00e9glable<\/li>\n<li>Peinture en poudre - Blanc (finitions personnalis\u00e9es disponibles)<\/li>\n<\/ul>","protected":false},"featured_media":4382,"template":"","meta":[],"yoast_head":"<!-- This site is optimized with the Yoast SEO plugin v15.6.2 - https:\/\/yoast.com\/wordpress\/plugins\/seo\/ -->\n<title>Round Adjustable Aluminum Diffusers - Made in Canada - Airvector<\/title>\n<meta name=\"description\" content=\"DCG discontinued, now DCL \/! DCG model has been discontinued and replaced by the DCL series. The updated DCL model is now available and offers equivalent or improved performance.  Airvector\u2019s DCL Aluminum Adjustable Round Diffusers are recommended for heating, ventilating, and cooling applications. DCL diffusers provide a 360\u00b0 air diffusion pattern and excellent performance in VAV systems. Full adjustability is possible by rotating the inner core clockwise or counterclockwise to move the cones up or down, changing from horizontal projection to vertical projection in accordance with the supply air temperatrure and reducing stratification. DCL diffusers provide great performance in temperatures differentials up to 54\u00baF (12\u00baC) and are suitable for premises with ceilings 8.5 ft (2.6 m) and higher.  Highlights   Heavy-gauge spun aluminum construction  Fully adjustable  Powder paint coating - White (Custom Finishes Available)\" \/>\n<meta name=\"robots\" content=\"index, follow, max-snippet:-1, max-image-preview:large, max-video-preview:-1\" \/>\n<link rel=\"canonical\" href=\"https:\/\/airvector-hvac.com\/fr\/produit\/round-adjustable-aluminum-diffusers\/\" \/>\n<meta property=\"og:locale\" content=\"fr_CA\" \/>\n<meta property=\"og:type\" content=\"article\" \/>\n<meta property=\"og:title\" content=\"Round Adjustable Aluminum Diffusers - Made in Canada - Airvector\" \/>\n<meta property=\"og:description\" content=\"DCG discontinued, now DCL \/!\\ DCG model has been discontinued and replaced by the DCL series. The updated DCL model is now available and offers equivalent or improved performance.  Airvector\u2019s DCL Aluminum Adjustable Round Diffusers are recommended for heating, ventilating, and cooling applications. DCL diffusers provide a 360\u00b0 air diffusion pattern and excellent performance in VAV systems. Full adjustability is possible by rotating the inner core clockwise or counterclockwise to move the cones up or down, changing from horizontal projection to vertical projection in accordance with the supply air temperatrure and reducing stratification. DCL diffusers provide great performance in temperatures differentials up to 54\u00baF (12\u00baC) and are suitable for premises with ceilings 8.5 ft (2.6 m) and higher.  Highlights   Heavy-gauge spun aluminum construction  Fully adjustable  Powder paint coating - White (Custom Finishes Available)\" \/>\n<meta property=\"og:url\" content=\"https:\/\/airvector-hvac.com\/fr\/produit\/round-adjustable-aluminum-diffusers\/\" \/>\n<meta property=\"og:site_name\" content=\"Airvector\" \/>\n<meta property=\"article:publisher\" content=\"https:\/\/www.facebook.com\/Airvector\" \/>\n<meta property=\"article:modified_time\" content=\"2026-04-21T18:51:05+00:00\" \/>\n<meta property=\"og:image\" content=\"https:\/\/airvector-hvac.com\/wp-content\/uploads\/2020\/11\/DCG.png\" \/>\n\t<meta property=\"og:image:width\" content=\"200\" \/>\n\t<meta property=\"og:image:height\" content=\"152\" \/>\n<meta name=\"twitter:card\" content=\"summary_large_image\" \/>\n<meta name=\"twitter:site\" content=\"@airvector\" \/>\n<script type=\"application\/ld+json\" class=\"yoast-schema-graph\">{\"@context\":\"https:\/\/schema.org\",\"@graph\":[{\"@type\":\"Organization\",\"@id\":\"https:\/\/airvector-hvac.com\/#organization\",\"name\":\"Airvector\",\"url\":\"https:\/\/airvector-hvac.com\/\",\"sameAs\":[\"https:\/\/www.facebook.com\/Airvector\",\"https:\/\/www.linkedin.com\/company\/airvector-\",\"https:\/\/www.youtube.com\/user\/Airvector\/videos\",\"https:\/\/www.pinterest.com\/airvector\/\",\"https:\/\/twitter.com\/airvector\"],\"logo\":{\"@type\":\"ImageObject\",\"@id\":\"https:\/\/airvector-hvac.com\/#logo\",\"inLanguage\":\"fr-CA\",\"url\":\"\",\"caption\":\"Airvector\"},\"image\":{\"@id\":\"https:\/\/airvector-hvac.com\/#logo\"}},{\"@type\":\"WebSite\",\"@id\":\"https:\/\/airvector-hvac.com\/#website\",\"url\":\"https:\/\/airvector-hvac.com\/\",\"name\":\"Airvector\",\"description\":\"Manufacturer of Quility HVAC Air Distribution Products\",\"publisher\":{\"@id\":\"https:\/\/airvector-hvac.com\/#organization\"},\"potentialAction\":[{\"@type\":\"SearchAction\",\"target\":\"https:\/\/airvector-hvac.com\/?s={search_term_string}\",\"query-input\":\"required name=search_term_string\"}],\"inLanguage\":\"fr-CA\"},{\"@type\":\"ImageObject\",\"@id\":\"https:\/\/airvector-hvac.com\/product\/round-adjustable-aluminum-diffusers\/#primaryimage\",\"inLanguage\":\"fr-CA\",\"url\":\"https:\/\/airvector-hvac.com\/wp-content\/uploads\/2020\/11\/DCG.png\",\"width\":200,\"height\":152},{\"@type\":[\"WebPage\",\"ItemPage\"],\"@id\":\"https:\/\/airvector-hvac.com\/product\/round-adjustable-aluminum-diffusers\/#webpage\",\"url\":\"https:\/\/airvector-hvac.com\/product\/round-adjustable-aluminum-diffusers\/\",\"name\":\"Round Adjustable Aluminum Diffusers - Made in Canada - Airvector\",\"isPartOf\":{\"@id\":\"https:\/\/airvector-hvac.com\/#website\"},\"primaryImageOfPage\":{\"@id\":\"https:\/\/airvector-hvac.com\/product\/round-adjustable-aluminum-diffusers\/#primaryimage\"},\"datePublished\":\"2020-11-24T12:06:40+00:00\",\"dateModified\":\"2026-04-21T18:51:05+00:00\",\"description\":\"DCG discontinued, now DCL \/!\\\\ DCG model has been discontinued and replaced by the DCL series. The updated DCL model is now available and offers equivalent or improved performance. Airvector\\u2019s DCL Aluminum Adjustable Round Diffusers are recommended for heating, ventilating, and cooling applications. DCL diffusers provide a 360\\u00b0 air diffusion pattern and excellent performance in VAV systems. Full adjustability is possible by rotating the inner core clockwise or counterclockwise to move the cones up or down, changing from horizontal projection to vertical projection in accordance with the supply air temperatrure and reducing stratification. DCL diffusers provide great performance in temperatures differentials up to 54\\u00baF (12\\u00baC) and are suitable for premises with ceilings 8.5 ft (2.6 m) and higher. Highlights Heavy-gauge spun aluminum construction Fully adjustable Powder paint coating - White (Custom Finishes Available)\",\"inLanguage\":\"fr-CA\",\"potentialAction\":[{\"@type\":\"ReadAction\",\"target\":[\"https:\/\/airvector-hvac.com\/product\/round-adjustable-aluminum-diffusers\/\"]}]}]}<\/script>\n<!-- \/ Yoast SEO plugin. -->","_links":{"self":[{"href":"https:\/\/airvector-hvac.com\/fr\/wp-json\/wp\/v2\/product\/4347"}],"collection":[{"href":"https:\/\/airvector-hvac.com\/fr\/wp-json\/wp\/v2\/product"}],"about":[{"href":"https:\/\/airvector-hvac.com\/fr\/wp-json\/wp\/v2\/types\/product"}],"wp:featuredmedia":[{"embeddable":true,"href":"https:\/\/airvector-hvac.com\/fr\/wp-json\/wp\/v2\/media\/4382"}],"wp:attachment":[{"href":"https:\/\/airvector-hvac.com\/fr\/wp-json\/wp\/v2\/media?parent=4347"}],"curies":[{"name":"wp","href":"https:\/\/api.w.org\/{rel}","templated":true}]}}