{"id":4406,"date":"2020-11-24T16:49:55","date_gmt":"2020-11-24T16:49:55","guid":{"rendered":"http:\/\/68.183.202.114\/?post_type=product&#038;p=4406"},"modified":"2025-10-24T19:32:02","modified_gmt":"2025-10-24T19:32:02","slug":"linear-flow-airflow","status":"publish","type":"product","link":"https:\/\/airvector-hvac.com\/fr\/produit\/linear-flow-airflow\/","title":{"rendered":"Flux d'air lin\u00e9aire"},"content":{"rendered":"<div class=\"boxed-row\"><div style=\"\"class=\"normal_height vc_row wpb_row vc_row-fluid vc_custom_1605707188058 vc_row-has-fill\"><div class=\"wpb_column vc_column_container vc_col-sm-4\"><div class=\"vc_column-inner\"><div class=\"wpb_wrapper\">\n\t<div class=\"wpb_text_column wpb_content_element\" >\n\t\t<div class=\"wpb_wrapper\">\n\t\t\t<p class=\"regText\"><a name=\"ALS10\"><\/a><\/p>\n<p class=\"regText\"><a name=\"ALF17\"><\/a><b>ALF17<\/b>\u00a0\u00a0\u00a0Approvisionnement de 1 fente<\/p>\n<ul>\n<li>Mod\u00e8le ajustable \u00e0 180 degr\u00e9s, pression statique constante, zone de sortie constante.<\/li>\n<li class=\" translation-block\">Correspondant \u00e0 ALF18 . Diffuseur de d\u00e9bit disponible.<\/li>\n<li class=\" translation-block\">ALF10 correspondant disponible.<\/li>\n<\/ul>\n\n\t\t<\/div>\n\t<\/div>\n<\/div><\/div><\/div><div class=\"wpb_column vc_column_container vc_col-sm-4\"><div class=\"vc_column-inner\"><div class=\"wpb_wrapper\"><\/div><\/div><\/div><div class=\"wpb_column vc_column_container vc_col-sm-4\"><div class=\"vc_column-inner\"><div class=\"wpb_wrapper\"><div class=\"vc_btn3-container vc_btn3-inline\" >\n\t<a class=\"vc_general vc_btn3 vc_btn3-size-md vc_btn3-shape-rounded vc_btn3-style-modern vc_btn3-color-grey\" href=\"https:\/\/airvector-hvac.com\/wp-content\/uploads\/product-documents\/submittals\/ALF1%20sub.pdf\" title=\"\" target=\"_blank\">Dessin d'atelier<\/a><\/div>\n<div class=\"vc_btn3-container vc_btn3-left\" >\n\t<a class=\"vc_general vc_btn3 vc_btn3-size-md vc_btn3-shape-rounded vc_btn3-style-modern vc_btn3-color-grey\" href=\"https:\/\/airvector-hvac.com\/wp-content\/uploads\/product-documents\/datasheets\/ALFx0-ALFx7-ALFx8%20data.pdf\" title=\"\" target=\"_blank\">data sheet<\/a><\/div>\n<div class=\"vc_btn3-container vc_btn3-left\" >\n\t<a class=\"vc_general vc_btn3 vc_btn3-size-md vc_btn3-shape-rounded vc_btn3-style-modern vc_btn3-color-grey\" href=\"https:\/\/airvector-hvac.com\/wp-content\/uploads\/2021\/06\/Linears-Screw-Hole-Spec-rev4.pdf\" title=\"\" target=\"_blank\">Tableau des trous de vis<\/a><\/div>\n<div class=\"vc_btn3-container vc_btn3-left\" >\n\t<a class=\"vc_general vc_btn3 vc_btn3-size-md vc_btn3-shape-rounded vc_btn3-style-modern vc_btn3-color-grey\" href=\"https:\/\/airvector-hvac.com\/fr\/installation-instructions\/\" title=\"\" target=\"_blank\">Installation Instructions<\/a><\/div>\n<\/div><\/div><\/div><\/div><\/div><div style=\"\"class=\"normal_height vc_row wpb_row vc_row-fluid\"><div class=\"wpb_column vc_column_container vc_col-sm-12\"><div class=\"vc_column-inner\"><div class=\"wpb_wrapper\"><div class=\"vc_separator wpb_content_element vc_separator_align_center vc_sep_width_70 vc_sep_pos_align_center vc_separator_no_text vc_sep_color_black\" ><span class=\"vc_sep_holder vc_sep_holder_l\"><span  class=\"vc_sep_line\"><\/span><\/span><span class=\"vc_sep_holder vc_sep_holder_r\"><span  class=\"vc_sep_line\"><\/span><\/span>\n<\/div><\/div><\/div><\/div><\/div><div class=\"boxed-row\"><div style=\"\"class=\"normal_height vc_row wpb_row vc_row-fluid vc_custom_1605707188058 vc_row-has-fill\"><div class=\"wpb_column vc_column_container vc_col-sm-4\"><div class=\"vc_column-inner\"><div class=\"wpb_wrapper\">\n\t<div class=\"wpb_text_column wpb_content_element\" >\n\t\t<div class=\"wpb_wrapper\">\n\t\t\t<p class=\"regText\"><a name=\"ALS20\"><\/a><\/p>\n<p class=\"regText\"><a name=\"ALF27\"><\/a><b>ALF27<\/b>\u00a0\u00a0\u00a0Alimentation \u00e0 2 emplacements<\/p>\n<ul>\n<li>Mod\u00e8le ajustable \u00e0 180 degr\u00e9s, pression statique constante, zone de sortie constante.<\/li>\n<li class=\" translation-block\">Correspondance ALF28 . Diffuseur de d\u00e9bit disponible.<\/li>\n<li class=\" translation-block\">ALF20 retour disponible.<\/li>\n<\/ul>\n\n\t\t<\/div>\n\t<\/div>\n<\/div><\/div><\/div><div class=\"wpb_column vc_column_container vc_col-sm-4\"><div class=\"vc_column-inner\"><div class=\"wpb_wrapper\"><\/div><\/div><\/div><div class=\"wpb_column vc_column_container vc_col-sm-4\"><div class=\"vc_column-inner\"><div class=\"wpb_wrapper\"><div class=\"vc_btn3-container vc_btn3-left\" >\n\t<a class=\"vc_general vc_btn3 vc_btn3-size-md vc_btn3-shape-rounded vc_btn3-style-modern vc_btn3-color-grey\" href=\"https:\/\/airvector-hvac.com\/wp-content\/uploads\/product-documents\/submittals\/ALF2%20sub.pdf\" title=\"\" target=\"_blank\">Dessin d'atelier<\/a><\/div>\n<div class=\"vc_btn3-container vc_btn3-left\" >\n\t<a class=\"vc_general vc_btn3 vc_btn3-size-md vc_btn3-shape-rounded vc_btn3-style-modern vc_btn3-color-grey\" href=\"https:\/\/airvector-hvac.com\/wp-content\/uploads\/product-documents\/datasheets\/ALFx0-ALFx7-ALFx8%20data.pdf\" title=\"\" target=\"_blank\">data sheet<\/a><\/div>\n<div class=\"vc_btn3-container vc_btn3-left\" >\n\t<a class=\"vc_general vc_btn3 vc_btn3-size-md vc_btn3-shape-rounded vc_btn3-style-modern vc_btn3-color-grey\" href=\"https:\/\/airvector-hvac.com\/wp-content\/uploads\/2021\/06\/Linears-Screw-Hole-Spec-rev4.pdf\" title=\"\" target=\"_blank\">Tableau des trous de vis<\/a><\/div>\n<div class=\"vc_btn3-container vc_btn3-left\" >\n\t<a class=\"vc_general vc_btn3 vc_btn3-size-md vc_btn3-shape-rounded vc_btn3-style-modern vc_btn3-color-grey\" href=\"https:\/\/airvector-hvac.com\/fr\/installation-instructions\/\" title=\"\" target=\"_blank\">Installation Instructions<\/a><\/div>\n<\/div><\/div><\/div><\/div><\/div><div style=\"\"class=\"normal_height vc_row wpb_row vc_row-fluid\"><div class=\"wpb_column vc_column_container vc_col-sm-12\"><div class=\"vc_column-inner\"><div class=\"wpb_wrapper\"><div class=\"vc_separator wpb_content_element vc_separator_align_center vc_sep_width_80 vc_sep_pos_align_center vc_sep_color_black vc_separator-has-text\" ><span class=\"vc_sep_holder vc_sep_holder_l\"><span  class=\"vc_sep_line\"><\/span><\/span><h4>Accessoires<\/h4><span class=\"vc_sep_holder vc_sep_holder_r\"><span  class=\"vc_sep_line\"><\/span><\/span>\n<\/div><\/div><\/div><\/div><\/div><div class=\"boxed-row\"><div style=\"\"class=\"normal_height vc_row wpb_row vc_row-fluid vc_custom_1606222864750 vc_row-has-fill\"><div class=\"wpb_column vc_column_container vc_col-sm-4\"><div class=\"vc_column-inner\"><div class=\"wpb_wrapper\">\n\t<div class=\"wpb_text_column wpb_content_element\" >\n\t\t<div class=\"wpb_wrapper\">\n\t\t\t<p class=\"regText\"><a name=\"ALFxPL\"><\/a><b>ALFxPL<\/b>\u00a0\u00a0\u00a0Pl\u00e9nums pour LinearFlow Airflow (ALFx7), Jetflow (ALFx8) et retours (ALFx0)<\/p>\n<p class=\"regText translation-block\">Pour plus de d\u00e9tails, <a href=\"https:\/\/airvector-hvac.com\/products.php?page=ALSPL\" target=\"_self\"> cliquez ici pour voir la page des pl\u00e9nums <\/a>.<\/p>\n\n\t\t<\/div>\n\t<\/div>\n<\/div><\/div><\/div><div class=\"wpb_column vc_column_container vc_col-sm-4\"><div class=\"vc_column-inner\"><div class=\"wpb_wrapper\"><\/div><\/div><\/div><div class=\"wpb_column vc_column_container vc_col-sm-4\"><div class=\"vc_column-inner\"><div class=\"wpb_wrapper\"><\/div><\/div><\/div><\/div><\/div>","protected":false},"excerpt":{"rendered":"<p class=\"regText\">The LineAirFlow Return series is designed to display sleek aesthetics and higher air flow; ideal for architectural ceiling suspension systems. The wide selection of slot widths allows for higher CFM per linear foot as well as noise and pressure reduction. The LinearFlow is available in continuous linear and incremental linear configurations.<\/p>\n<p><b>CARACT\u00c9RISTIQUES G\u00c9N\u00c9RALES<\/b><\/p>\n<ul>\n<li class=\" translation-block\">Correspondance ALFx0 emplacements disponibles.<\/li>\n<li class=\" translation-block\">Correspondance des diffuseurs ALFx8 disponibles.<\/li>\n<li>Construction en aluminium extrud\u00e9.<\/li>\n<li>Contr\u00f4leur de motifs coulissant enti\u00e8rement r\u00e9glable.<\/li>\n<li>Disponible pour montage en surface (bride standard ou Tape & Spackle) ou pose en T.<\/li>\n<li>Cinq tailles de fentes (1 \u201d, 1,5\u201d, 2 \u201d, 2.5\u201d, 3 \u201d), 1 \u00e0 2 fentes.<\/li>\n<li>Id\u00e9al pour les syst\u00e8mes VAV.<\/li>\n<li>Peinture en poudre - Blanc (autres couleurs disponibles sur demande).<\/li>\n<\/ul>\n<p>&nbsp;<\/p>\n<p class=\"regText\"><img class=\"imgPadding aligncenter\" src=\"http:\/\/fr.airvector-hvac.com\/specs\/ALF_Mount_Specs.png\" align=\"right\" \/><\/p>","protected":false},"featured_media":4409,"template":"","meta":[],"yoast_head":"<!-- This site is optimized with the Yoast SEO plugin v15.6.2 - https:\/\/yoast.com\/wordpress\/plugins\/seo\/ -->\n<title>Linear Flow Airflow - Made in Canada - Airvector<\/title>\n<meta name=\"description\" content=\"The LineAirFlow Return series is designed to display sleek aesthetics and higher air flow; ideal for architectural ceiling suspension systems. The wide selection of slot widths allows for higher CFM per linear foot as well as noise and pressure reduction. The LinearFlow is available in continuous linear and incremental linear configurations. GENERAL FEATURES   Matching\u00a0ALFx0\u00a0slot returns available.  Matching\u00a0ALFx8\u00a0Jetflow diffusers available.  Extruded aluminum construction.  Fully-adjustable sliding pattern controller.  Available for surface mount (regular flange or Tape &amp; Spackle) or T-bar lay-in.  Five slot sizes (1\u201d, 1.5\u201d, 2\u201d, 2.5\u201d, 3\u201d), 1 to 2 slots.  Ideal for VAV systems.  Powder paint coating - White (other colors available upon request).  &nbsp;\" \/>\n<meta name=\"robots\" content=\"index, follow, max-snippet:-1, max-image-preview:large, max-video-preview:-1\" \/>\n<link rel=\"canonical\" href=\"https:\/\/airvector-hvac.com\/fr\/produit\/linear-flow-airflow\/\" \/>\n<meta property=\"og:locale\" content=\"fr_CA\" \/>\n<meta property=\"og:type\" content=\"article\" \/>\n<meta property=\"og:title\" content=\"Linear Flow Airflow - Made in Canada - Airvector\" \/>\n<meta property=\"og:description\" content=\"The LineAirFlow Return series is designed to display sleek aesthetics and higher air flow; ideal for architectural ceiling suspension systems. The wide selection of slot widths allows for higher CFM per linear foot as well as noise and pressure reduction. The LinearFlow is available in continuous linear and incremental linear configurations. GENERAL FEATURES   Matching\u00a0ALFx0\u00a0slot returns available.  Matching\u00a0ALFx8\u00a0Jetflow diffusers available.  Extruded aluminum construction.  Fully-adjustable sliding pattern controller.  Available for surface mount (regular flange or Tape &amp; Spackle) or T-bar lay-in.  Five slot sizes (1\u201d, 1.5\u201d, 2\u201d, 2.5\u201d, 3\u201d), 1 to 2 slots.  Ideal for VAV systems.  Powder paint coating - White (other colors available upon request).  &nbsp;\" \/>\n<meta property=\"og:url\" content=\"https:\/\/airvector-hvac.com\/fr\/produit\/linear-flow-airflow\/\" \/>\n<meta property=\"og:site_name\" content=\"Airvector\" \/>\n<meta property=\"article:publisher\" content=\"https:\/\/www.facebook.com\/Airvector\" \/>\n<meta property=\"article:modified_time\" content=\"2025-10-24T19:32:02+00:00\" \/>\n<meta property=\"og:image\" content=\"https:\/\/airvector-hvac.com\/wp-content\/uploads\/2020\/11\/ALF1.png\" \/>\n\t<meta property=\"og:image:width\" content=\"200\" \/>\n\t<meta property=\"og:image:height\" content=\"54\" \/>\n<meta name=\"twitter:card\" content=\"summary_large_image\" \/>\n<meta name=\"twitter:site\" content=\"@airvector\" \/>\n<script type=\"application\/ld+json\" class=\"yoast-schema-graph\">{\"@context\":\"https:\/\/schema.org\",\"@graph\":[{\"@type\":\"Organization\",\"@id\":\"https:\/\/airvector-hvac.com\/#organization\",\"name\":\"Airvector\",\"url\":\"https:\/\/airvector-hvac.com\/\",\"sameAs\":[\"https:\/\/www.facebook.com\/Airvector\",\"https:\/\/www.linkedin.com\/company\/airvector-\",\"https:\/\/www.youtube.com\/user\/Airvector\/videos\",\"https:\/\/www.pinterest.com\/airvector\/\",\"https:\/\/twitter.com\/airvector\"],\"logo\":{\"@type\":\"ImageObject\",\"@id\":\"https:\/\/airvector-hvac.com\/#logo\",\"inLanguage\":\"fr-CA\",\"url\":\"\",\"caption\":\"Airvector\"},\"image\":{\"@id\":\"https:\/\/airvector-hvac.com\/#logo\"}},{\"@type\":\"WebSite\",\"@id\":\"https:\/\/airvector-hvac.com\/#website\",\"url\":\"https:\/\/airvector-hvac.com\/\",\"name\":\"Airvector\",\"description\":\"Manufacturer of Quility HVAC Air Distribution Products\",\"publisher\":{\"@id\":\"https:\/\/airvector-hvac.com\/#organization\"},\"potentialAction\":[{\"@type\":\"SearchAction\",\"target\":\"https:\/\/airvector-hvac.com\/?s={search_term_string}\",\"query-input\":\"required name=search_term_string\"}],\"inLanguage\":\"fr-CA\"},{\"@type\":\"ImageObject\",\"@id\":\"https:\/\/airvector-hvac.com\/product\/linear-flow-airflow\/#primaryimage\",\"inLanguage\":\"fr-CA\",\"url\":\"https:\/\/airvector-hvac.com\/wp-content\/uploads\/2020\/11\/ALF1.png\",\"width\":200,\"height\":54},{\"@type\":[\"WebPage\",\"ItemPage\"],\"@id\":\"https:\/\/airvector-hvac.com\/product\/linear-flow-airflow\/#webpage\",\"url\":\"https:\/\/airvector-hvac.com\/product\/linear-flow-airflow\/\",\"name\":\"Linear Flow Airflow - Made in Canada - Airvector\",\"isPartOf\":{\"@id\":\"https:\/\/airvector-hvac.com\/#website\"},\"primaryImageOfPage\":{\"@id\":\"https:\/\/airvector-hvac.com\/product\/linear-flow-airflow\/#primaryimage\"},\"datePublished\":\"2020-11-24T16:49:55+00:00\",\"dateModified\":\"2025-10-24T19:32:02+00:00\",\"description\":\"The LineAirFlow Return series is designed to display sleek aesthetics and higher air flow; ideal for architectural ceiling suspension systems. The wide selection of slot widths allows for higher CFM per linear foot as well as noise and pressure reduction. The LinearFlow is available in continuous linear and incremental linear configurations. GENERAL FEATURES Matching\\u00a0ALFx0\\u00a0slot returns available. Matching\\u00a0ALFx8\\u00a0Jetflow diffusers available. Extruded aluminum construction. Fully-adjustable sliding pattern controller. Available for surface mount (regular flange or Tape &amp; Spackle) or T-bar lay-in. Five slot sizes (1\\u201d, 1.5\\u201d, 2\\u201d, 2.5\\u201d, 3\\u201d), 1 to 2 slots. Ideal for VAV systems. Powder paint coating - White (other colors available upon request). &nbsp;\",\"inLanguage\":\"fr-CA\",\"potentialAction\":[{\"@type\":\"ReadAction\",\"target\":[\"https:\/\/airvector-hvac.com\/product\/linear-flow-airflow\/\"]}]}]}<\/script>\n<!-- \/ Yoast SEO plugin. -->","_links":{"self":[{"href":"https:\/\/airvector-hvac.com\/fr\/wp-json\/wp\/v2\/product\/4406"}],"collection":[{"href":"https:\/\/airvector-hvac.com\/fr\/wp-json\/wp\/v2\/product"}],"about":[{"href":"https:\/\/airvector-hvac.com\/fr\/wp-json\/wp\/v2\/types\/product"}],"wp:featuredmedia":[{"embeddable":true,"href":"https:\/\/airvector-hvac.com\/fr\/wp-json\/wp\/v2\/media\/4409"}],"wp:attachment":[{"href":"https:\/\/airvector-hvac.com\/fr\/wp-json\/wp\/v2\/media?parent=4406"}],"curies":[{"name":"wp","href":"https:\/\/api.w.org\/{rel}","templated":true}]}}