{"id":4474,"date":"2020-11-24T19:57:44","date_gmt":"2020-11-24T19:57:44","guid":{"rendered":"http:\/\/68.183.202.114\/?post_type=product&#038;p=4474"},"modified":"2022-06-08T11:35:30","modified_gmt":"2022-06-08T11:35:30","slug":"ceiling-return-grilles","status":"publish","type":"product","link":"https:\/\/airvector-hvac.com\/fr\/produit\/ceiling-return-grilles\/","title":{"rendered":"Grilles de retour de plafond"},"content":{"rendered":"<div class=\"boxed-row\"><div style=\"\"class=\"normal_height vc_row wpb_row vc_row-fluid vc_custom_1605707188058 vc_row-has-fill\"><div class=\"wpb_column vc_column_container vc_col-sm-4\"><div class=\"vc_column-inner\"><div class=\"wpb_wrapper\">\n\t<div class=\"wpb_text_column wpb_content_element\" >\n\t\t<div class=\"wpb_wrapper\">\n\t\t\t<p class=\"regText\"><a name=\"GRT\"><\/a><b>GRT<\/b>\u00a0\u00a0\u00a0Grille de retour en T en aluminium<\/p>\n<p class=\"regText\">Les grilles de retour en aluminium GRT pour applications T-Bar sont r\u00e9sistantes \u00e0 la rouille et attrayantes \u00e0 l'\u0153il.<\/p>\n<ul>\n<li>Ailettes fixes \u00e0 une rang\u00e9e et \u00e0 45 degr\u00e9s.<\/li>\n<li>Le meneau cach\u00e9 pour les tailles sup\u00e9rieures \u00e0 12 \"x12\".<\/li>\n<li>Cadre en aluminium extrud\u00e9, ailettes en aluminium profil\u00e9es.<\/li>\n<li>Id\u00e9al pour les applications en forme de barre en T.<\/li>\n<\/ul>\n\n\t\t<\/div>\n\t<\/div>\n<\/div><\/div><\/div><div class=\"wpb_column vc_column_container vc_col-sm-4\"><div class=\"vc_column-inner\"><div class=\"wpb_wrapper\">\n\t<div  class=\"wpb_single_image wpb_content_element vc_align_center\">\n\t\t\n\t\t<figure class=\"wpb_wrapper vc_figure\">\n\t\t\t<div class=\"vc_single_image-wrapper   vc_box_border_grey\"><img width=\"200\" height=\"84\" src=\"https:\/\/airvector-hvac.com\/wp-content\/uploads\/2020\/11\/GRT.png\" class=\"vc_single_image-img attachment-full\" alt=\"Ceiling Return Grilles\" loading=\"lazy\" title=\"Grilles de retour de plafond\" \/><\/div>\n\t\t<\/figure>\n\t<\/div>\n<\/div><\/div><\/div><div class=\"wpb_column vc_column_container vc_col-sm-4\"><div class=\"vc_column-inner\"><div class=\"wpb_wrapper\"><div class=\"vc_btn3-container vc_btn3-center\" >\n\t<a class=\"vc_general vc_btn3 vc_btn3-size-md vc_btn3-shape-rounded vc_btn3-style-modern vc_btn3-color-grey\" href=\"\/wp-content\/uploads\/2021\/01\/GRT-sub.pdf\" title=\"\" target=\"_blank\">Dessin d'atelier<\/a><\/div>\n<\/div><\/div><\/div><\/div><\/div><div style=\"\"class=\"normal_height vc_row wpb_row vc_row-fluid\"><div class=\"wpb_column vc_column_container vc_col-sm-12\"><div class=\"vc_column-inner\"><div class=\"wpb_wrapper\"><div class=\"vc_separator wpb_content_element vc_separator_align_center vc_sep_width_80 vc_sep_pos_align_center vc_sep_color_black vc_separator-has-text\" ><span class=\"vc_sep_holder vc_sep_holder_l\"><span  class=\"vc_sep_line\"><\/span><\/span><h4>Accessoires<\/h4><span class=\"vc_sep_holder vc_sep_holder_r\"><span  class=\"vc_sep_line\"><\/span><\/span>\n<\/div><\/div><\/div><\/div><\/div><div class=\"boxed-row\"><div style=\"\"class=\"normal_height vc_row wpb_row vc_row-fluid vc_custom_1605707188058 vc_row-has-fill\"><div class=\"wpb_column vc_column_container vc_col-sm-4\"><div class=\"vc_column-inner\"><div class=\"wpb_wrapper\">\n\t<div class=\"wpb_text_column wpb_content_element\" >\n\t\t<div class=\"wpb_wrapper\">\n\t\t\t<p class=\"regText\"><a name=\"N7\"><\/a><b>N7<\/b>\u00a0\u00a0\u00a0Amortisseur \u00e0 lame oppos\u00e9e pour grilles commerciales<\/p>\n<ul>\n<li>Construction en acier galvanis\u00e9.<\/li>\n<li>Convient pour GSA, GAA, GCA, GCR, ERE, ERT, ERU, REAL, RAF et ALB.<\/li>\n<\/ul>\n\n\t\t<\/div>\n\t<\/div>\n<\/div><\/div><\/div><div class=\"wpb_column vc_column_container vc_col-sm-4\"><div class=\"vc_column-inner\"><div class=\"wpb_wrapper\">\n\t<div  class=\"wpb_single_image wpb_content_element vc_align_center\">\n\t\t\n\t\t<figure class=\"wpb_wrapper vc_figure\">\n\t\t\t<div class=\"vc_single_image-wrapper   vc_box_border_grey\"><img width=\"200\" height=\"175\" src=\"https:\/\/airvector-hvac.com\/wp-content\/uploads\/2020\/11\/N7-1.png\" class=\"vc_single_image-img attachment-full\" alt=\"Ceiling Return Grilles\" loading=\"lazy\" title=\"Grilles de retour de plafond\" \/><\/div>\n\t\t<\/figure>\n\t<\/div>\n<\/div><\/div><\/div><div class=\"wpb_column vc_column_container vc_col-sm-4\"><div class=\"vc_column-inner\"><div class=\"wpb_wrapper\"><div class=\"vc_btn3-container vc_btn3-center\" >\n\t<a class=\"vc_general vc_btn3 vc_btn3-size-md vc_btn3-shape-rounded vc_btn3-style-modern vc_btn3-color-grey\" href=\"\/wp-content\/uploads\/2021\/01\/N7-sub.pdf\" title=\"\" target=\"_blank\">Dessin d'atelier<\/a><\/div>\n<\/div><\/div><\/div><\/div><\/div>","protected":false},"excerpt":{"rendered":"<p class=\"regText translation-block\">Les grilles de renvoi \u00e0 45 degr\u00e9s fixes \u00e0 une seule rang\u00e9e sont recommand\u00e9es pour les applications utilisant Single D\u00e9viation simple ou Registre \u00e0 Deviation double<\/p>\n<p><b>CARACT\u00c9RISTIQUES G\u00c9N\u00c9RALES<\/b><\/p>\n<ul>\n<li>Peinture en poudre - Blanc (autres couleurs disponibles sur demande).<\/li>\n<\/ul>","protected":false},"featured_media":4475,"template":"","meta":[],"yoast_head":"<!-- This site is optimized with the Yoast SEO plugin v15.6.2 - https:\/\/yoast.com\/wordpress\/plugins\/seo\/ -->\n<title>Ceiling Return Grilles - Made in Canada - Airvector<\/title>\n<meta name=\"description\" content=\"Single row fixed 45 degree return grilles are recommended for applications using\u00a0Single Deflection\u00a0or\u00a0Double Deflection\u00a0supply registers. GENERAL FEATURES   Powder paint coating - White (other colors available upon request).\" \/>\n<meta name=\"robots\" content=\"index, follow, max-snippet:-1, max-image-preview:large, max-video-preview:-1\" \/>\n<link rel=\"canonical\" href=\"https:\/\/airvector-hvac.com\/fr\/produit\/ceiling-return-grilles\/\" \/>\n<meta property=\"og:locale\" content=\"fr_CA\" \/>\n<meta property=\"og:type\" content=\"article\" \/>\n<meta property=\"og:title\" content=\"Ceiling Return Grilles - Made in Canada - Airvector\" \/>\n<meta property=\"og:description\" content=\"Single row fixed 45 degree return grilles are recommended for applications using\u00a0Single Deflection\u00a0or\u00a0Double Deflection\u00a0supply registers. GENERAL FEATURES   Powder paint coating - White (other colors available upon request).\" \/>\n<meta property=\"og:url\" content=\"https:\/\/airvector-hvac.com\/fr\/produit\/ceiling-return-grilles\/\" \/>\n<meta property=\"og:site_name\" content=\"Airvector\" \/>\n<meta property=\"article:publisher\" content=\"https:\/\/www.facebook.com\/Airvector\" \/>\n<meta property=\"article:modified_time\" content=\"2022-06-08T11:35:30+00:00\" \/>\n<meta property=\"og:image\" content=\"https:\/\/airvector-hvac.com\/wp-content\/uploads\/2020\/11\/GRT.png\" \/>\n\t<meta property=\"og:image:width\" content=\"200\" \/>\n\t<meta property=\"og:image:height\" content=\"84\" \/>\n<meta name=\"twitter:card\" content=\"summary_large_image\" \/>\n<meta name=\"twitter:site\" content=\"@airvector\" \/>\n<script type=\"application\/ld+json\" class=\"yoast-schema-graph\">{\"@context\":\"https:\/\/schema.org\",\"@graph\":[{\"@type\":\"Organization\",\"@id\":\"https:\/\/airvector-hvac.com\/#organization\",\"name\":\"Airvector\",\"url\":\"https:\/\/airvector-hvac.com\/\",\"sameAs\":[\"https:\/\/www.facebook.com\/Airvector\",\"https:\/\/www.linkedin.com\/company\/airvector-\",\"https:\/\/www.youtube.com\/user\/Airvector\/videos\",\"https:\/\/www.pinterest.com\/airvector\/\",\"https:\/\/twitter.com\/airvector\"],\"logo\":{\"@type\":\"ImageObject\",\"@id\":\"https:\/\/airvector-hvac.com\/#logo\",\"inLanguage\":\"fr-CA\",\"url\":\"\",\"caption\":\"Airvector\"},\"image\":{\"@id\":\"https:\/\/airvector-hvac.com\/#logo\"}},{\"@type\":\"WebSite\",\"@id\":\"https:\/\/airvector-hvac.com\/#website\",\"url\":\"https:\/\/airvector-hvac.com\/\",\"name\":\"Airvector\",\"description\":\"Manufacturer of Quility HVAC Air Distribution Products\",\"publisher\":{\"@id\":\"https:\/\/airvector-hvac.com\/#organization\"},\"potentialAction\":[{\"@type\":\"SearchAction\",\"target\":\"https:\/\/airvector-hvac.com\/?s={search_term_string}\",\"query-input\":\"required name=search_term_string\"}],\"inLanguage\":\"fr-CA\"},{\"@type\":\"ImageObject\",\"@id\":\"https:\/\/airvector-hvac.com\/product\/ceiling-return-grilles\/#primaryimage\",\"inLanguage\":\"fr-CA\",\"url\":\"https:\/\/airvector-hvac.com\/wp-content\/uploads\/2020\/11\/GRT.png\",\"width\":200,\"height\":84},{\"@type\":[\"WebPage\",\"ItemPage\"],\"@id\":\"https:\/\/airvector-hvac.com\/product\/ceiling-return-grilles\/#webpage\",\"url\":\"https:\/\/airvector-hvac.com\/product\/ceiling-return-grilles\/\",\"name\":\"Ceiling Return Grilles - Made in Canada - Airvector\",\"isPartOf\":{\"@id\":\"https:\/\/airvector-hvac.com\/#website\"},\"primaryImageOfPage\":{\"@id\":\"https:\/\/airvector-hvac.com\/product\/ceiling-return-grilles\/#primaryimage\"},\"datePublished\":\"2020-11-24T19:57:44+00:00\",\"dateModified\":\"2022-06-08T11:35:30+00:00\",\"description\":\"Single row fixed 45 degree return grilles are recommended for applications using\\u00a0Single Deflection\\u00a0or\\u00a0Double Deflection\\u00a0supply registers. GENERAL FEATURES Powder paint coating - White (other colors available upon request).\",\"inLanguage\":\"fr-CA\",\"potentialAction\":[{\"@type\":\"ReadAction\",\"target\":[\"https:\/\/airvector-hvac.com\/product\/ceiling-return-grilles\/\"]}]}]}<\/script>\n<!-- \/ Yoast SEO plugin. -->","_links":{"self":[{"href":"https:\/\/airvector-hvac.com\/fr\/wp-json\/wp\/v2\/product\/4474"}],"collection":[{"href":"https:\/\/airvector-hvac.com\/fr\/wp-json\/wp\/v2\/product"}],"about":[{"href":"https:\/\/airvector-hvac.com\/fr\/wp-json\/wp\/v2\/types\/product"}],"wp:featuredmedia":[{"embeddable":true,"href":"https:\/\/airvector-hvac.com\/fr\/wp-json\/wp\/v2\/media\/4475"}],"wp:attachment":[{"href":"https:\/\/airvector-hvac.com\/fr\/wp-json\/wp\/v2\/media?parent=4474"}],"curies":[{"name":"wp","href":"https:\/\/api.w.org\/{rel}","templated":true}]}}