{"id":4494,"date":"2025-03-04T23:04:43","date_gmt":"2025-03-04T23:04:43","guid":{"rendered":"http:\/\/68.183.202.114\/?post_type=product&#038;p=4494"},"modified":"2026-01-10T16:36:27","modified_gmt":"2026-01-10T16:36:27","slug":"egg-crate-sidewall-return-supply","status":"publish","type":"product","link":"https:\/\/airvector-hvac.com\/fr\/produit\/egg-crate-sidewall-return-supply\/","title":{"rendered":"Egg Crate Sidewall Return &#038; Supply"},"content":{"rendered":"<div class=\"boxed-row\"><div style=\"\"class=\"normal_height vc_row wpb_row vc_row-fluid vc_custom_1605707188058 vc_row-has-fill\"><div class=\"wpb_column vc_column_container vc_col-sm-4\"><div class=\"vc_column-inner\"><div class=\"wpb_wrapper\">\n\t<div class=\"wpb_text_column wpb_content_element\" >\n\t\t<div class=\"wpb_wrapper\">\n\t\t\t<p><a name=\"ERE\"><\/a><br \/>\n<b>ERE<\/b> \u00a0\u00a0Aluminum Egg Crate Return Grille<\/p>\n\n\t\t<\/div>\n\t<\/div>\n<\/div><\/div><\/div><div class=\"wpb_column vc_column_container vc_col-sm-4\"><div class=\"vc_column-inner\"><div class=\"wpb_wrapper\">\n\t<div  class=\"wpb_single_image wpb_content_element vc_align_center\">\n\t\t\n\t\t<figure class=\"wpb_wrapper vc_figure\">\n\t\t\t<div class=\"vc_single_image-wrapper   vc_box_border_grey\"><img width=\"344\" height=\"100\" src=\"https:\/\/airvector-hvac.com\/wp-content\/uploads\/2020\/11\/ERE_SPECS.png\" class=\"vc_single_image-img attachment-full\" alt=\"Egg Crate Sidewall Return &amp; Supply\" loading=\"lazy\" srcset=\"https:\/\/airvector-hvac.com\/wp-content\/uploads\/2020\/11\/ERE_SPECS.png 344w, https:\/\/airvector-hvac.com\/wp-content\/uploads\/2020\/11\/ERE_SPECS-300x87.png 300w\" sizes=\"(max-width: 344px) 100vw, 344px\" title=\"Egg Crate Sidewall Return &amp; Supply\" \/><\/div>\n\t\t<\/figure>\n\t<\/div>\n<\/div><\/div><\/div><div class=\"wpb_column vc_column_container vc_col-sm-4\"><div class=\"vc_column-inner\"><div class=\"wpb_wrapper\"><div class=\"vc_btn3-container vc_btn3-left\" >\n\t<a class=\"vc_general vc_btn3 vc_btn3-size-sm vc_btn3-shape-rounded vc_btn3-style-modern vc_btn3-color-grey\" href=\"https:\/\/airvector-hvac.com\/wp-content\/uploads\/product-documents\/submittals\/ERE%20sub.pdf\" title=\"\" target=\"_blank\">Dessin d'atelier<\/a><\/div>\n<div class=\"vc_btn3-container vc_btn3-left\" >\n\t<a class=\"vc_general vc_btn3 vc_btn3-size-sm vc_btn3-shape-rounded vc_btn3-style-modern vc_btn3-color-grey\" href=\"\/wp-content\/uploads\/2021\/01\/ERX-data.pdf\" title=\"\" target=\"_blank\">Catalog & Data Sheet<\/a><\/div>\n<div class=\"vc_btn3-container vc_btn3-left\" >\n\t<a class=\"vc_general vc_btn3 vc_btn3-size-sm vc_btn3-shape-rounded vc_btn3-style-modern vc_btn3-color-grey\" href=\"\/wp-content\/uploads\/2021\/01\/Large-Grilles-Multiple-Sections-1.pdf\" title=\"\" target=\"_blank\">Sections multiples<\/a><\/div>\n<div class=\"vc_btn3-container vc_btn3-left\" >\n\t<a class=\"vc_general vc_btn3 vc_btn3-size-sm vc_btn3-shape-rounded vc_btn3-style-modern vc_btn3-color-grey\" href=\"https:\/\/airvector-hvac.com\/wp-content\/uploads\/2021\/06\/GSA-Screw-Hole-Spec-rev1.pdf\" title=\"\" target=\"_blank\">Tableau des trous de vis<\/a><\/div>\n<div class=\"vc_btn3-container vc_btn3-left\" >\n\t<a class=\"vc_general vc_btn3 vc_btn3-size-sm vc_btn3-shape-rounded vc_btn3-style-modern vc_btn3-color-grey\" href=\"https:\/\/airvector-hvac.com\/wp-content\/uploads\/2021\/06\/Airvector-Grilles-Carton-Quantities-rev1.pdf\" title=\"\" target=\"_blank\">Quantit\u00e9s des cartons<\/a><\/div>\n<\/div><\/div><\/div><\/div><\/div><div style=\"\"class=\"normal_height vc_row wpb_row vc_row-fluid\"><div class=\"wpb_column vc_column_container vc_col-sm-12\"><div class=\"vc_column-inner\"><div class=\"wpb_wrapper\"><div class=\"vc_separator wpb_content_element vc_separator_align_center vc_sep_width_70 vc_sep_pos_align_center vc_separator_no_text vc_sep_color_black\" ><span class=\"vc_sep_holder vc_sep_holder_l\"><span  class=\"vc_sep_line\"><\/span><\/span><span class=\"vc_sep_holder vc_sep_holder_r\"><span  class=\"vc_sep_line\"><\/span><\/span>\n<\/div><\/div><\/div><\/div><\/div><div class=\"boxed-row\"><div style=\"\"class=\"normal_height vc_row wpb_row vc_row-fluid vc_custom_1605707188058 vc_row-has-fill\"><div class=\"wpb_column vc_column_container vc_col-sm-4\"><div class=\"vc_column-inner\"><div class=\"wpb_wrapper\">\n\t<div class=\"wpb_text_column wpb_content_element\" >\n\t\t<div class=\"wpb_wrapper\">\n\t\t\t<p class=\"regText\"><a name=\"ERE1\"><\/a><b>ERE1<\/b>\u00a0 \u00a0Aluminum Egg Crate Supply Register<\/p>\n<ul>\n<li>Grid core: Aluminum 1\/2&#8243; x 1\/2&#8243; x 1&#8243;.<\/li>\n<\/ul>\n<ul>\n<li>Amortisseur \u00e0 lames oppos\u00e9 pour le contr\u00f4le de volume d\u2019air variable.<\/li>\n<\/ul>\n\n\t\t<\/div>\n\t<\/div>\n<\/div><\/div><\/div><div class=\"wpb_column vc_column_container vc_col-sm-4\"><div class=\"vc_column-inner\"><div class=\"wpb_wrapper\">\n\t<div  class=\"wpb_single_image wpb_content_element vc_align_center\">\n\t\t\n\t\t<figure class=\"wpb_wrapper vc_figure\">\n\t\t\t<div class=\"vc_single_image-wrapper   vc_box_border_grey\"><img width=\"860\" height=\"391\" src=\"https:\/\/airvector-hvac.com\/wp-content\/uploads\/2021\/12\/ERE1.png\" class=\"vc_single_image-img attachment-full\" alt=\"Egg Crate Sidewall Return &amp; Supply\" loading=\"lazy\" srcset=\"https:\/\/airvector-hvac.com\/wp-content\/uploads\/2021\/12\/ERE1.png 860w, https:\/\/airvector-hvac.com\/wp-content\/uploads\/2021\/12\/ERE1-300x136.png 300w, https:\/\/airvector-hvac.com\/wp-content\/uploads\/2021\/12\/ERE1-768x349.png 768w, https:\/\/airvector-hvac.com\/wp-content\/uploads\/2021\/12\/ERE1-16x7.png 16w, https:\/\/airvector-hvac.com\/wp-content\/uploads\/2021\/12\/ERE1-600x273.png 600w\" sizes=\"(max-width: 860px) 100vw, 860px\" title=\"Egg Crate Sidewall Return &amp; Supply\" \/><\/div>\n\t\t<\/figure>\n\t<\/div>\n<\/div><\/div><\/div><div class=\"wpb_column vc_column_container vc_col-sm-4\"><div class=\"vc_column-inner\"><div class=\"wpb_wrapper\"><div class=\"vc_btn3-container vc_btn3-left\" >\n\t<a class=\"vc_general vc_btn3 vc_btn3-size-sm vc_btn3-shape-rounded vc_btn3-style-modern vc_btn3-color-grey\" href=\"https:\/\/airvector-hvac.com\/wp-content\/uploads\/product-documents\/submittals\/ERE1%20sub.pdf\" title=\"\" target=\"_blank\">Dessin d'atelier<\/a><\/div>\n<div class=\"vc_btn3-container vc_btn3-left\" >\n\t<a class=\"vc_general vc_btn3 vc_btn3-size-md vc_btn3-shape-rounded vc_btn3-style-modern vc_btn3-color-grey\" href=\"\/wp-content\/uploads\/2021\/01\/ERX-data.pdf\" title=\"\" target=\"_blank\">Catalog & Data Sheet<\/a><\/div>\n<div class=\"vc_btn3-container vc_btn3-left\" >\n\t<a class=\"vc_general vc_btn3 vc_btn3-size-sm vc_btn3-shape-rounded vc_btn3-style-modern vc_btn3-color-grey\" href=\"\/wp-content\/uploads\/2021\/01\/Large-Grilles-Multiple-Sections-1.pdf\" title=\"\" target=\"_blank\">Sections multiples<\/a><\/div>\n<div class=\"vc_btn3-container vc_btn3-left\" >\n\t<a class=\"vc_general vc_btn3 vc_btn3-size-sm vc_btn3-shape-rounded vc_btn3-style-modern vc_btn3-color-grey\" href=\"https:\/\/airvector-hvac.com\/wp-content\/uploads\/2021\/06\/GSA-Screw-Hole-Spec-rev1.pdf\" title=\"\" target=\"_blank\">Tableau des trous de vis<\/a><\/div>\n<div class=\"vc_btn3-container vc_btn3-left\" >\n\t<a class=\"vc_general vc_btn3 vc_btn3-size-sm vc_btn3-shape-rounded vc_btn3-style-modern vc_btn3-color-grey\" href=\"https:\/\/airvector-hvac.com\/wp-content\/uploads\/2021\/06\/Airvector-Grilles-Carton-Quantities-rev1.pdf\" title=\"\" target=\"_blank\">Quantit\u00e9s des cartons<\/a><\/div>\n<\/div><\/div><\/div><\/div><\/div><div style=\"\"class=\"normal_height vc_row wpb_row vc_row-fluid\"><div class=\"wpb_column vc_column_container vc_col-sm-12\"><div class=\"vc_column-inner\"><div class=\"wpb_wrapper\"><div class=\"vc_separator wpb_content_element vc_separator_align_center vc_sep_width_70 vc_sep_pos_align_center vc_separator_no_text vc_sep_color_black\" ><span class=\"vc_sep_holder vc_sep_holder_l\"><span  class=\"vc_sep_line\"><\/span><\/span><span class=\"vc_sep_holder vc_sep_holder_r\"><span  class=\"vc_sep_line\"><\/span><\/span>\n<\/div><\/div><\/div><\/div><\/div><div class=\"boxed-row\"><div style=\"\"class=\"normal_height vc_row wpb_row vc_row-fluid vc_custom_1605707188058 vc_row-has-fill\"><div class=\"wpb_column vc_column_container vc_col-sm-4\"><div class=\"vc_column-inner\"><div class=\"wpb_wrapper\">\n\t<div class=\"wpb_text_column wpb_content_element\" >\n\t\t<div class=\"wpb_wrapper\">\n\t\t\t<p class=\"regText\"><a name=\"ERE3\"><\/a><b>ERE3<\/b>\u00a0 \u00a0Aluminum Egg Crate Supply Register, 1\u201d square cell size<\/p>\n<p>&nbsp;<\/p>\n<ul>\n<li>Amortisseur \u00e0 lames oppos\u00e9 pour le contr\u00f4le de volume d\u2019air variable.<\/li>\n<\/ul>\n\n\t\t<\/div>\n\t<\/div>\n<\/div><\/div><\/div><div class=\"wpb_column vc_column_container vc_col-sm-4\"><div class=\"vc_column-inner\"><div class=\"wpb_wrapper\">\n\t<div  class=\"wpb_single_image wpb_content_element vc_align_center\">\n\t\t\n\t\t<figure class=\"wpb_wrapper vc_figure\">\n\t\t\t<div class=\"vc_single_image-wrapper   vc_box_border_grey\"><img width=\"362\" height=\"144\" src=\"https:\/\/airvector-hvac.com\/wp-content\/uploads\/2020\/11\/ERE7_SPECS.png\" class=\"vc_single_image-img attachment-full\" alt=\"Egg Crate Sidewall Return &amp; Supply\" loading=\"lazy\" srcset=\"https:\/\/airvector-hvac.com\/wp-content\/uploads\/2020\/11\/ERE7_SPECS.png 362w, https:\/\/airvector-hvac.com\/wp-content\/uploads\/2020\/11\/ERE7_SPECS-300x119.png 300w\" sizes=\"(max-width: 362px) 100vw, 362px\" title=\"Egg Crate Sidewall Return &amp; Supply\" \/><\/div>\n\t\t<\/figure>\n\t<\/div>\n<\/div><\/div><\/div><div class=\"wpb_column vc_column_container vc_col-sm-4\"><div class=\"vc_column-inner\"><div class=\"wpb_wrapper\"><div class=\"vc_btn3-container vc_btn3-left\" >\n\t<a class=\"vc_general vc_btn3 vc_btn3-size-sm vc_btn3-shape-rounded vc_btn3-style-modern vc_btn3-color-grey\" href=\"https:\/\/airvector-hvac.com\/wp-content\/uploads\/product-documents\/submittals\/ERE3%20sub.pdf\" title=\"\" target=\"_blank\">Dessin d'atelier<\/a><\/div>\n<div class=\"vc_btn3-container vc_btn3-left\" >\n\t<a class=\"vc_general vc_btn3 vc_btn3-size-sm vc_btn3-shape-rounded vc_btn3-style-modern vc_btn3-color-grey\" href=\"\/wp-content\/uploads\/2021\/01\/ERX-data.pdf\" title=\"\" target=\"_blank\">Catalog & Data Sheet<\/a><\/div>\n<div class=\"vc_btn3-container vc_btn3-left\" >\n\t<a class=\"vc_general vc_btn3 vc_btn3-size-sm vc_btn3-shape-rounded vc_btn3-style-modern vc_btn3-color-grey\" href=\"\/wp-content\/uploads\/2021\/01\/Large-Grilles-Multiple-Sections-1.pdf\" title=\"\" target=\"_blank\">Sections multiples<\/a><\/div>\n<div class=\"vc_btn3-container vc_btn3-left\" >\n\t<a class=\"vc_general vc_btn3 vc_btn3-size-sm vc_btn3-shape-rounded vc_btn3-style-modern vc_btn3-color-grey\" href=\"https:\/\/airvector-hvac.com\/wp-content\/uploads\/2021\/06\/GSA-Screw-Hole-Spec-rev1.pdf\" title=\"\" target=\"_blank\">Tableau des trous de vis<\/a><\/div>\n<div class=\"vc_btn3-container vc_btn3-left\" >\n\t<a class=\"vc_general vc_btn3 vc_btn3-size-sm vc_btn3-shape-rounded vc_btn3-style-modern vc_btn3-color-grey\" href=\"https:\/\/airvector-hvac.com\/wp-content\/uploads\/2021\/06\/Airvector-Grilles-Carton-Quantities-rev1.pdf\" title=\"\" target=\"_blank\">Quantit\u00e9s des cartons<\/a><\/div>\n<\/div><\/div><\/div><\/div><\/div><div style=\"\"class=\"normal_height vc_row wpb_row vc_row-fluid\"><div class=\"wpb_column vc_column_container vc_col-sm-12\"><div class=\"vc_column-inner\"><div class=\"wpb_wrapper\"><div class=\"vc_separator wpb_content_element vc_separator_align_center vc_sep_width_70 vc_sep_pos_align_center vc_separator_no_text vc_sep_color_black\" ><span class=\"vc_sep_holder vc_sep_holder_l\"><span  class=\"vc_sep_line\"><\/span><\/span><span class=\"vc_sep_holder vc_sep_holder_r\"><span  class=\"vc_sep_line\"><\/span><\/span>\n<\/div><\/div><\/div><\/div><\/div><div class=\"boxed-row\"><div style=\"\"class=\"normal_height vc_row wpb_row vc_row-fluid vc_custom_1605707188058 vc_row-has-fill\"><div class=\"wpb_column vc_column_container vc_col-sm-4\"><div class=\"vc_column-inner\"><div class=\"wpb_wrapper\">\n\t<div class=\"wpb_text_column wpb_content_element\" >\n\t\t<div class=\"wpb_wrapper\">\n\t\t\t<p class=\"regText\"><a name=\"ERE5\"><\/a><b>ERE5<\/b>\u00a0 \u00a0Aluminum 45\u00b0 Angled Egg Crate Supply Register<\/p>\n<p>&nbsp;<\/p>\n<ul>\n<li>Amortisseur \u00e0 lames oppos\u00e9 pour le contr\u00f4le de volume d\u2019air variable.<\/li>\n<\/ul>\n\n\t\t<\/div>\n\t<\/div>\n<\/div><\/div><\/div><div class=\"wpb_column vc_column_container vc_col-sm-4\"><div class=\"vc_column-inner\"><div class=\"wpb_wrapper\">\n\t<div  class=\"wpb_single_image wpb_content_element vc_align_center\">\n\t\t\n\t\t<figure class=\"wpb_wrapper vc_figure\">\n\t\t\t<div class=\"vc_single_image-wrapper   vc_box_border_grey\"><img width=\"393\" height=\"114\" src=\"https:\/\/airvector-hvac.com\/wp-content\/uploads\/2025\/03\/ERE5.png\" class=\"vc_single_image-img attachment-full\" alt=\"Egg Crate Sidewall Return &amp; Supply\" loading=\"lazy\" srcset=\"https:\/\/airvector-hvac.com\/wp-content\/uploads\/2025\/03\/ERE5.png 393w, https:\/\/airvector-hvac.com\/wp-content\/uploads\/2025\/03\/ERE5-300x87.png 300w, https:\/\/airvector-hvac.com\/wp-content\/uploads\/2025\/03\/ERE5-16x5.png 16w\" sizes=\"(max-width: 393px) 100vw, 393px\" title=\"Egg Crate Sidewall Return &amp; Supply\" \/><\/div>\n\t\t<\/figure>\n\t<\/div>\n<\/div><\/div><\/div><div class=\"wpb_column vc_column_container vc_col-sm-4\"><div class=\"vc_column-inner\"><div class=\"wpb_wrapper\"><div class=\"vc_btn3-container vc_btn3-left\" >\n\t<a class=\"vc_general vc_btn3 vc_btn3-size-sm vc_btn3-shape-rounded vc_btn3-style-modern vc_btn3-color-grey\" href=\"https:\/\/airvector-hvac.com\/wp-content\/uploads\/2021\/12\/ERE5-sub-rev4.pdf\" title=\"\" target=\"_blank\">Dessin d'atelier<\/a><\/div>\n<div class=\"vc_btn3-container vc_btn3-left\" >\n\t<a class=\"vc_general vc_btn3 vc_btn3-size-sm vc_btn3-shape-rounded vc_btn3-style-modern vc_btn3-color-grey\" href=\"\/wp-content\/uploads\/2021\/01\/ERX-data.pdf\" title=\"\" target=\"_blank\">Catalog & Data Sheet<\/a><\/div>\n<div class=\"vc_btn3-container vc_btn3-left\" >\n\t<a class=\"vc_general vc_btn3 vc_btn3-size-sm vc_btn3-shape-rounded vc_btn3-style-modern vc_btn3-color-grey\" href=\"\/wp-content\/uploads\/2021\/01\/Large-Grilles-Multiple-Sections-1.pdf\" title=\"\" target=\"_blank\">Sections multiples<\/a><\/div>\n<div class=\"vc_btn3-container vc_btn3-left\" >\n\t<a class=\"vc_general vc_btn3 vc_btn3-size-sm vc_btn3-shape-rounded vc_btn3-style-modern vc_btn3-color-grey\" href=\"https:\/\/airvector-hvac.com\/wp-content\/uploads\/2021\/06\/GSA-Screw-Hole-Spec-rev1.pdf\" title=\"\" target=\"_blank\">Tableau des trous de vis<\/a><\/div>\n<div class=\"vc_btn3-container vc_btn3-left\" >\n\t<a class=\"vc_general vc_btn3 vc_btn3-size-sm vc_btn3-shape-rounded vc_btn3-style-modern vc_btn3-color-grey\" href=\"https:\/\/airvector-hvac.com\/wp-content\/uploads\/2021\/06\/Airvector-Grilles-Carton-Quantities-rev1.pdf\" title=\"\" target=\"_blank\">Quantit\u00e9s des cartons<\/a><\/div>\n<\/div><\/div><\/div><\/div><\/div><div style=\"\"class=\"normal_height vc_row wpb_row vc_row-fluid\"><div class=\"wpb_column vc_column_container vc_col-sm-12\"><div class=\"vc_column-inner\"><div class=\"wpb_wrapper\"><div class=\"vc_separator wpb_content_element vc_separator_align_center vc_sep_width_80 vc_sep_pos_align_center vc_sep_color_black vc_separator-has-text\" ><span class=\"vc_sep_holder vc_sep_holder_l\"><span  class=\"vc_sep_line\"><\/span><\/span><h4>Accessoires<\/h4><span class=\"vc_sep_holder vc_sep_holder_r\"><span  class=\"vc_sep_line\"><\/span><\/span>\n<\/div><\/div><\/div><\/div><\/div><div class=\"boxed-row\"><div style=\"\"class=\"normal_height vc_row wpb_row vc_row-fluid vc_custom_1606222864750 vc_row-has-fill\"><div class=\"wpb_column vc_column_container vc_col-sm-4\"><div class=\"vc_column-inner\"><div class=\"wpb_wrapper\">\n\t<div class=\"wpb_text_column wpb_content_element\" >\n\t\t<div class=\"wpb_wrapper\">\n\t\t\t<p class=\"regText\"><a name=\"N7\"><\/a><b>N7<\/b>\u00a0\u00a0\u00a0Amortisseur \u00e0 lame oppos\u00e9e pour grilles commerciales<\/p>\n<ul>\n<li>Construction en acier galvanis\u00e9.<\/li>\n<li>Convient pour GSA, GAA, GCA, GCR, ERE, ERT, ERU, REAL, RAF et ALB.<\/li>\n<\/ul>\n\n\t\t<\/div>\n\t<\/div>\n<\/div><\/div><\/div><div class=\"wpb_column vc_column_container vc_col-sm-4\"><div class=\"vc_column-inner\"><div class=\"wpb_wrapper\">\n\t<div  class=\"wpb_single_image wpb_content_element vc_align_center\">\n\t\t\n\t\t<figure class=\"wpb_wrapper vc_figure\">\n\t\t\t<div class=\"vc_single_image-wrapper   vc_box_border_grey\"><img width=\"200\" height=\"175\" src=\"https:\/\/airvector-hvac.com\/wp-content\/uploads\/2020\/11\/N7.png\" class=\"vc_single_image-img attachment-full\" alt=\"Egg Crate Sidewall Return &amp; Supply\" loading=\"lazy\" title=\"Egg Crate Sidewall Return &amp; Supply\" \/><\/div>\n\t\t<\/figure>\n\t<\/div>\n<\/div><\/div><\/div><div class=\"wpb_column vc_column_container vc_col-sm-4\"><div class=\"vc_column-inner\"><div class=\"wpb_wrapper\"><div class=\"vc_btn3-container vc_btn3-left\" >\n\t<a class=\"vc_general vc_btn3 vc_btn3-size-sm vc_btn3-shape-rounded vc_btn3-style-modern vc_btn3-color-grey\" href=\"\/wp-content\/uploads\/2021\/01\/N7-sub.pdf\" title=\"\" target=\"_blank\">Dessin d'atelier<\/a><\/div>\n<\/div><\/div><\/div><\/div><\/div>","protected":false},"excerpt":{"rendered":"<p class=\"regText\">Les grilles et les registres de la s\u00e9rie ERE ont des noyaux de grille capables de transf\u00e9rer ou de retourner des volumes d'air \u00e9lev\u00e9s avec une perte de pression d'air minimale. Ils ont la m\u00eame apparence que les d\u00e9flecteurs de grille des luminaires.<\/p>\n<p><b>CARACT\u00c9RISTIQUES G\u00c9N\u00c9RALES<\/b><\/p>\n<ul>\n<li>Ajustez les ouvertures de chevauchement dans un plafond solide et murs.<\/li>\n<li>Pour cloisons s\u00e8ches ou tout montage en surface.<\/li>\n<li>Aluminum egg crate and frame.<\/li>\n<li>Disponible en tout format de 4 \"x 4\" et plus.<\/li>\n<li>Trous de fixation sur le cadre.<\/li>\n<li>Peinture en poudre - Blanc (autres couleurs disponibles sur demande).<\/li>\n<\/ul>","protected":false},"featured_media":4495,"template":"","meta":[],"yoast_head":"<!-- This site is optimized with the Yoast SEO plugin v15.6.2 - https:\/\/yoast.com\/wordpress\/plugins\/seo\/ -->\n<title>Egg Crate Sidewall Return &amp; Supply - Made in Canada - Airvector<\/title>\n<meta name=\"description\" content=\"Series ERE grilles and registers have grid cores capable of transferring or returning high air volumes with minimum air pressure loss. They match in appearance grid louvers on luminaires. GENERAL FEATURES   Fit overlap openings in solid ceiling and walls.  For drywall or any surface mounting.  Aluminum egg crate and frame.  Available in any size 4&quot; x 4&quot; and over.  Countersunk mounting holes on frame.  Powder paint coating - White (other colors available upon request).\" \/>\n<meta name=\"robots\" content=\"index, follow, max-snippet:-1, max-image-preview:large, max-video-preview:-1\" \/>\n<link rel=\"canonical\" href=\"https:\/\/airvector-hvac.com\/fr\/produit\/egg-crate-sidewall-return-supply\/\" \/>\n<meta property=\"og:locale\" content=\"fr_CA\" \/>\n<meta property=\"og:type\" content=\"article\" \/>\n<meta property=\"og:title\" content=\"Egg Crate Sidewall Return &amp; Supply - Made in Canada - Airvector\" \/>\n<meta property=\"og:description\" content=\"Series ERE grilles and registers have grid cores capable of transferring or returning high air volumes with minimum air pressure loss. They match in appearance grid louvers on luminaires. GENERAL FEATURES   Fit overlap openings in solid ceiling and walls.  For drywall or any surface mounting.  Aluminum egg crate and frame.  Available in any size 4&quot; x 4&quot; and over.  Countersunk mounting holes on frame.  Powder paint coating - White (other colors available upon request).\" \/>\n<meta property=\"og:url\" content=\"https:\/\/airvector-hvac.com\/fr\/produit\/egg-crate-sidewall-return-supply\/\" \/>\n<meta property=\"og:site_name\" content=\"Airvector\" \/>\n<meta property=\"article:publisher\" content=\"https:\/\/www.facebook.com\/Airvector\" \/>\n<meta property=\"article:modified_time\" content=\"2026-01-10T16:36:27+00:00\" \/>\n<meta property=\"og:image\" content=\"https:\/\/airvector-hvac.com\/wp-content\/uploads\/2020\/11\/ERE.png\" \/>\n\t<meta property=\"og:image:width\" content=\"140\" \/>\n\t<meta property=\"og:image:height\" content=\"333\" \/>\n<meta name=\"twitter:card\" content=\"summary_large_image\" \/>\n<meta name=\"twitter:site\" content=\"@airvector\" \/>\n<script type=\"application\/ld+json\" class=\"yoast-schema-graph\">{\"@context\":\"https:\/\/schema.org\",\"@graph\":[{\"@type\":\"Organization\",\"@id\":\"https:\/\/airvector-hvac.com\/#organization\",\"name\":\"Airvector\",\"url\":\"https:\/\/airvector-hvac.com\/\",\"sameAs\":[\"https:\/\/www.facebook.com\/Airvector\",\"https:\/\/www.linkedin.com\/company\/airvector-\",\"https:\/\/www.youtube.com\/user\/Airvector\/videos\",\"https:\/\/www.pinterest.com\/airvector\/\",\"https:\/\/twitter.com\/airvector\"],\"logo\":{\"@type\":\"ImageObject\",\"@id\":\"https:\/\/airvector-hvac.com\/#logo\",\"inLanguage\":\"fr-CA\",\"url\":\"\",\"caption\":\"Airvector\"},\"image\":{\"@id\":\"https:\/\/airvector-hvac.com\/#logo\"}},{\"@type\":\"WebSite\",\"@id\":\"https:\/\/airvector-hvac.com\/#website\",\"url\":\"https:\/\/airvector-hvac.com\/\",\"name\":\"Airvector\",\"description\":\"Manufacturer of Quility HVAC Air Distribution Products\",\"publisher\":{\"@id\":\"https:\/\/airvector-hvac.com\/#organization\"},\"potentialAction\":[{\"@type\":\"SearchAction\",\"target\":\"https:\/\/airvector-hvac.com\/?s={search_term_string}\",\"query-input\":\"required name=search_term_string\"}],\"inLanguage\":\"fr-CA\"},{\"@type\":\"ImageObject\",\"@id\":\"https:\/\/airvector-hvac.com\/product\/egg-crate-sidewall-return-supply\/#primaryimage\",\"inLanguage\":\"fr-CA\",\"url\":\"https:\/\/airvector-hvac.com\/wp-content\/uploads\/2020\/11\/ERE.png\",\"width\":140,\"height\":333},{\"@type\":[\"WebPage\",\"ItemPage\"],\"@id\":\"https:\/\/airvector-hvac.com\/product\/egg-crate-sidewall-return-supply\/#webpage\",\"url\":\"https:\/\/airvector-hvac.com\/product\/egg-crate-sidewall-return-supply\/\",\"name\":\"Egg Crate Sidewall Return & Supply - Made in Canada - Airvector\",\"isPartOf\":{\"@id\":\"https:\/\/airvector-hvac.com\/#website\"},\"primaryImageOfPage\":{\"@id\":\"https:\/\/airvector-hvac.com\/product\/egg-crate-sidewall-return-supply\/#primaryimage\"},\"datePublished\":\"2025-03-04T23:04:43+00:00\",\"dateModified\":\"2026-01-10T16:36:27+00:00\",\"description\":\"Series ERE grilles and registers have grid cores capable of transferring or returning high air volumes with minimum air pressure loss. They match in appearance grid louvers on luminaires. GENERAL FEATURES Fit overlap openings in solid ceiling and walls. For drywall or any surface mounting. Aluminum egg crate and frame. Available in any size 4\\\" x 4\\\" and over. Countersunk mounting holes on frame. Powder paint coating - White (other colors available upon request).\",\"inLanguage\":\"fr-CA\",\"potentialAction\":[{\"@type\":\"ReadAction\",\"target\":[\"https:\/\/airvector-hvac.com\/product\/egg-crate-sidewall-return-supply\/\"]}]}]}<\/script>\n<!-- \/ Yoast SEO plugin. -->","_links":{"self":[{"href":"https:\/\/airvector-hvac.com\/fr\/wp-json\/wp\/v2\/product\/4494"}],"collection":[{"href":"https:\/\/airvector-hvac.com\/fr\/wp-json\/wp\/v2\/product"}],"about":[{"href":"https:\/\/airvector-hvac.com\/fr\/wp-json\/wp\/v2\/types\/product"}],"wp:featuredmedia":[{"embeddable":true,"href":"https:\/\/airvector-hvac.com\/fr\/wp-json\/wp\/v2\/media\/4495"}],"wp:attachment":[{"href":"https:\/\/airvector-hvac.com\/fr\/wp-json\/wp\/v2\/media?parent=4494"}],"curies":[{"name":"wp","href":"https:\/\/api.w.org\/{rel}","templated":true}]}}