{"id":4498,"date":"2020-11-24T23:08:44","date_gmt":"2020-11-24T23:08:44","guid":{"rendered":"http:\/\/68.183.202.114\/?post_type=product&#038;p=4498"},"modified":"2026-03-17T19:51:19","modified_gmt":"2026-03-17T19:51:19","slug":"architectural-sidewall-bar-grilles-registers-with-removable-core","status":"publish","type":"product","link":"https:\/\/airvector-hvac.com\/fr\/produit\/architectural-sidewall-bar-grilles-registers-with-removable-core\/","title":{"rendered":"Barres lat\u00e9rales architecturales et grilles avec noyau amovible"},"content":{"rendered":"<div class=\"boxed-row\"><div style=\"\"class=\"normal_height vc_row wpb_row vc_row-fluid vc_custom_1605707188058 vc_row-has-fill\"><div class=\"wpb_column vc_column_container vc_col-sm-4\"><div class=\"vc_column-inner\"><div class=\"wpb_wrapper\">\n\t<div class=\"wpb_text_column wpb_content_element\" >\n\t\t<div class=\"wpb_wrapper\">\n\t\t\t<p class=\"regText\"><a name=\"ARCH\"><\/a><b>ARCH<\/b>\u00a0\u00a0\u00a0Grille d'approvisionnement et de retour<\/p>\n<p class=\"regText\">Grille seulement, aucun registre de r\u00e9glage du volume.<\/p>\n<p><strong>Pr\u00e9sentation vid\u00e9o<\/strong><\/p>\n<p><iframe src=\"http:\/\/www.youtube.com\/embed\/PipYEjQs-tc\" width=\"300\" height=\"169\" frameborder=\"0\" allowfullscreen=\"allowfullscreen\" data-mce-fragment=\"1\"><\/iframe><\/p>\n\n\t\t<\/div>\n\t<\/div>\n<\/div><\/div><\/div><div class=\"wpb_column vc_column_container vc_col-sm-4\"><div class=\"vc_column-inner\"><div class=\"wpb_wrapper\">\n\t<div  class=\"wpb_single_image wpb_content_element vc_align_center\">\n\t\t\n\t\t<figure class=\"wpb_wrapper vc_figure\">\n\t\t\t<div class=\"vc_single_image-wrapper   vc_box_border_grey\"><img width=\"200\" height=\"103\" src=\"https:\/\/airvector-hvac.com\/wp-content\/uploads\/2020\/11\/ARCH.png\" class=\"vc_single_image-img attachment-full\" alt=\"Architectural Sidewall Bar Grilles &amp; Registers with Removable Core\" loading=\"lazy\" title=\"Architectural Sidewall Bar Grilles &amp; Registers with Removable Core\" \/><\/div>\n\t\t<\/figure>\n\t<\/div>\n<\/div><\/div><\/div><div class=\"wpb_column vc_column_container vc_col-sm-4\"><div class=\"vc_column-inner\"><div class=\"wpb_wrapper\"><div class=\"vc_btn3-container vc_btn3-left\" >\n\t<a class=\"vc_general vc_btn3 vc_btn3-size-md vc_btn3-shape-rounded vc_btn3-style-modern vc_btn3-color-grey\" href=\"\/wp-content\/uploads\/2021\/01\/ARCH-sub.pdf\" title=\"\" target=\"_blank\">Dessin d'atelier<\/a><\/div>\n<div class=\"vc_btn3-container vc_btn3-left\" >\n\t<a class=\"vc_general vc_btn3 vc_btn3-size-md vc_btn3-shape-rounded vc_btn3-style-modern vc_btn3-color-grey\" href=\"\/wp-content\/uploads\/2021\/01\/ARCH-data.pdf\" title=\"\" target=\"_blank\">Fiche Technique<\/a><\/div>\n<div class=\"vc_btn3-container vc_btn3-left\" >\n\t<a class=\"vc_general vc_btn3 vc_btn3-size-md vc_btn3-shape-rounded vc_btn3-style-modern vc_btn3-color-grey\" href=\"https:\/\/airvector-hvac.com\/fr\/literature\/#ARCH\" title=\"\" target=\"_blank\">Flyer<\/a><\/div>\n<\/div><\/div><\/div><\/div><\/div><div style=\"\"class=\"normal_height vc_row wpb_row vc_row-fluid\"><div class=\"wpb_column vc_column_container vc_col-sm-12\"><div class=\"vc_column-inner\"><div class=\"wpb_wrapper\"><div class=\"vc_separator wpb_content_element vc_separator_align_center vc_sep_width_70 vc_sep_pos_align_center vc_separator_no_text vc_sep_color_black\" ><span class=\"vc_sep_holder vc_sep_holder_l\"><span  class=\"vc_sep_line\"><\/span><\/span><span class=\"vc_sep_holder vc_sep_holder_r\"><span  class=\"vc_sep_line\"><\/span><\/span>\n<\/div><\/div><\/div><\/div><\/div><div class=\"boxed-row\"><div style=\"\"class=\"normal_height vc_row wpb_row vc_row-fluid vc_custom_1605707188058 vc_row-has-fill\"><div class=\"wpb_column vc_column_container vc_col-sm-4\"><div class=\"vc_column-inner\"><div class=\"wpb_wrapper\">\n\t<div class=\"wpb_text_column wpb_content_element\" >\n\t\t<div class=\"wpb_wrapper\">\n\t\t\t<p class=\"regText\"><a name=\"ARCH7\"><\/a><b>ARCH7<\/b>\u00a0\u00a0\u00a0Registre d'approvisionnement et de retour<\/p>\n<p class=\"regText\">Fourni avec un amortisseur de lame oppos\u00e9 pr\u00e9-mont\u00e9.<\/p>\n\n\t\t<\/div>\n\t<\/div>\n<\/div><\/div><\/div><div class=\"wpb_column vc_column_container vc_col-sm-4\"><div class=\"vc_column-inner\"><div class=\"wpb_wrapper\">\n\t<div  class=\"wpb_single_image wpb_content_element vc_align_center\">\n\t\t\n\t\t<figure class=\"wpb_wrapper vc_figure\">\n\t\t\t<div class=\"vc_single_image-wrapper   vc_box_border_grey\"><img width=\"200\" height=\"103\" src=\"https:\/\/airvector-hvac.com\/wp-content\/uploads\/2020\/11\/ARCH.png\" class=\"vc_single_image-img attachment-full\" alt=\"Architectural Sidewall Bar Grilles &amp; Registers with Removable Core\" loading=\"lazy\" title=\"Architectural Sidewall Bar Grilles &amp; Registers with Removable Core\" \/><\/div>\n\t\t<\/figure>\n\t<\/div>\n<\/div><\/div><\/div><div class=\"wpb_column vc_column_container vc_col-sm-4\"><div class=\"vc_column-inner\"><div class=\"wpb_wrapper\"><div class=\"vc_btn3-container vc_btn3-left\" >\n\t<a class=\"vc_general vc_btn3 vc_btn3-size-md vc_btn3-shape-rounded vc_btn3-style-modern vc_btn3-color-grey\" href=\"\/wp-content\/uploads\/2021\/01\/ARCH-sub.pdf\" title=\"\" target=\"_blank\">Dessin d'atelier<\/a><\/div>\n<div class=\"vc_btn3-container vc_btn3-left\" >\n\t<a class=\"vc_general vc_btn3 vc_btn3-size-md vc_btn3-shape-rounded vc_btn3-style-modern vc_btn3-color-grey\" href=\"\/wp-content\/uploads\/2021\/01\/ARCH-data.pdf\" title=\"\" target=\"_blank\">Fiche Technique<\/a><\/div>\n<div class=\"vc_btn3-container vc_btn3-left\" >\n\t<a class=\"vc_general vc_btn3 vc_btn3-size-md vc_btn3-shape-rounded vc_btn3-style-modern vc_btn3-color-grey\" href=\"https:\/\/airvector-hvac.com\/fr\/literature\/#ARCH\" title=\"\" target=\"_blank\">Flyer<\/a><\/div>\n<\/div><\/div><\/div><\/div><\/div><div style=\"\"class=\"normal_height vc_row wpb_row vc_row-fluid\"><div class=\"wpb_column vc_column_container vc_col-sm-12\"><div class=\"vc_column-inner\"><div class=\"wpb_wrapper\"><div class=\"vc_separator wpb_content_element vc_separator_align_center vc_sep_width_80 vc_sep_pos_align_center vc_sep_color_black vc_separator-has-text\" ><span class=\"vc_sep_holder vc_sep_holder_l\"><span  class=\"vc_sep_line\"><\/span><\/span><h4>Accessoires<\/h4><span class=\"vc_sep_holder vc_sep_holder_r\"><span  class=\"vc_sep_line\"><\/span><\/span>\n<\/div><\/div><\/div><\/div><\/div><div class=\"boxed-row\"><div style=\"\"class=\"normal_height vc_row wpb_row vc_row-fluid vc_custom_1605707188058 vc_row-has-fill\"><div class=\"wpb_column vc_column_container vc_col-sm-4\"><div class=\"vc_column-inner\"><div class=\"wpb_wrapper\">\n\t<div class=\"wpb_text_column wpb_content_element\" >\n\t\t<div class=\"wpb_wrapper\">\n\t\t\t<p class=\"regText\"><a name=\"GPL\"><\/a><b>GPL<\/b>\u00a0\u00a0\u00a0Plenums for Architectural Sidewall Bar Grilles &amp; Registers with Removable Core<\/p>\n<p class=\"regText translation-block\">Pour plus de d\u00e9tails, <a href=\"https:\/\/airvector-hvac.com\/products.php?page=ALSPL\" target=\"_self\"> cliquez ici pour voir la page des pl\u00e9nums <\/a>.<\/p>\n\n\t\t<\/div>\n\t<\/div>\n<\/div><\/div><\/div><div class=\"wpb_column vc_column_container vc_col-sm-4\"><div class=\"vc_column-inner\"><div class=\"wpb_wrapper\">\n\t<div  class=\"wpb_single_image wpb_content_element vc_align_center\">\n\t\t\n\t\t<figure class=\"wpb_wrapper vc_figure\">\n\t\t\t<div class=\"vc_single_image-wrapper   vc_box_border_grey\"><img width=\"488\" height=\"197\" src=\"https:\/\/airvector-hvac.com\/wp-content\/uploads\/2025\/09\/Plenum-Airvector.png\" class=\"vc_single_image-img attachment-full\" alt=\"Architectural Sidewall Bar Grilles &amp; Registers with Removable Core\" loading=\"lazy\" srcset=\"https:\/\/airvector-hvac.com\/wp-content\/uploads\/2025\/09\/Plenum-Airvector.png 488w, https:\/\/airvector-hvac.com\/wp-content\/uploads\/2025\/09\/Plenum-Airvector-300x121.png 300w, https:\/\/airvector-hvac.com\/wp-content\/uploads\/2025\/09\/Plenum-Airvector-16x6.png 16w\" sizes=\"(max-width: 488px) 100vw, 488px\" title=\"Architectural Sidewall Bar Grilles &amp; Registers with Removable Core\" \/><\/div>\n\t\t<\/figure>\n\t<\/div>\n<\/div><\/div><\/div><div class=\"wpb_column vc_column_container vc_col-sm-4\"><div class=\"vc_column-inner\"><div class=\"wpb_wrapper\"><\/div><\/div><\/div><\/div><\/div>","protected":false},"excerpt":{"rendered":"<p class=\"regText\">Les grilles et registres lin\u00e9aires \u00e0 barre architecturale de la s\u00e9rie ARCH d'Airvector; allient \u00e0 la perfection performance et look. Mont\u00e9s sur le col, avec noyau amovible et sans trous de vis apparents, ces grilles \u00e0 barres de haute qualit\u00e9 offrent un attrait esth\u00e9tique tout en \u00e9tant plus faciles \u00e0 nettoyer et \u00e0 entretenir.<\/p>\n<p>Les s\u00e9ries ARCH sont con\u00e7ues pour une installation en paroi lat\u00e9rale dans les applications r\u00e9sidentielles et commerciales haut de gamme et sont recommand\u00e9s pour l'alimentation en air chaud, ventil\u00e9 ou refroidi et pour le retour ou l'\u00e9vacuation de l'air de la pi\u00e8ce.<\/p>\n<p>Airvector Les grilles \u00e0 barres sont fabriqu\u00e9es \u00e0 partir d'extrusions d'aluminium de haute qualit\u00e9 et peuvent \u00eatre fournies avec diff\u00e9rentes couleurs et finitions peintes par poudrage. Les composants sont verrouill\u00e9s m\u00e9caniquement pour une apparence sans d\u00e9faut.<\/p>\n<p><b>CARACT\u00c9RISTIQUES G\u00c9N\u00c9RALES<\/b><\/p>\n<ul>\n<li>Mont\u00e9 dans le col, sans trous de vis apparents.<\/li>\n<li>Noyau amovible pour faciliter l'installation et la maintenance.<\/li>\n<li>Construction en aluminium extrud\u00e9 et montage m\u00e9canique.<\/li>\n<li>Disponible en broyeur, anodis\u00e9, rev\u00eatement en poudre, bross\u00e9 et laqu\u00e9 (autres couleurs et finitions disponibles sur demande).<\/li>\n<\/ul>","protected":false},"featured_media":4499,"template":"","meta":[],"yoast_head":"<!-- This site is optimized with the Yoast SEO plugin v15.6.2 - https:\/\/yoast.com\/wordpress\/plugins\/seo\/ -->\n<title>Architectural Sidewall Bar Grilles &amp; Registers with Removable Core - Made in Canada - Airvector<\/title>\n<meta name=\"description\" content=\"Airvector\u00ae&#039;s ARCH Series Architectural Linear Bar Grilles &amp; Registers perfectly combine performance and look. Neck-mounted with removable core and no apparent screw holes, those high quality bar grilles offer an aesthetical appeal while being easier to clean and maintain. Series ARCH are designed for sidewall installation in high-end residential and commercial applications and are recommended for supplying heated, ventilated or cooled air and for returning or exhausting room air.  Airvector\u00ae Bar Grilles are fabricated of high-quality aluminum extrusions and can be provided with various powder coated colors and finishes. Components are mechanically interlocked for a blemish-free appearance.  GENERAL FEATURES   Neck-mounted, no apparent screw holes.  Removable core for easy installation and maintenance.  Extruded aluminum construction and mechanical assembly.  Available in Mill, Anodized, Powder Coated and Brushed &amp; Lacquered (other colors and finishes available upon request).\" \/>\n<meta name=\"robots\" content=\"index, follow, max-snippet:-1, max-image-preview:large, max-video-preview:-1\" \/>\n<link rel=\"canonical\" href=\"https:\/\/airvector-hvac.com\/fr\/produit\/architectural-sidewall-bar-grilles-registers-with-removable-core\/\" \/>\n<meta property=\"og:locale\" content=\"fr_CA\" \/>\n<meta property=\"og:type\" content=\"article\" \/>\n<meta property=\"og:title\" content=\"Architectural Sidewall Bar Grilles &amp; Registers with Removable Core - Made in Canada - Airvector\" \/>\n<meta property=\"og:description\" content=\"Airvector\u00ae&#039;s ARCH Series Architectural Linear Bar Grilles &amp; Registers perfectly combine performance and look. Neck-mounted with removable core and no apparent screw holes, those high quality bar grilles offer an aesthetical appeal while being easier to clean and maintain. Series ARCH are designed for sidewall installation in high-end residential and commercial applications and are recommended for supplying heated, ventilated or cooled air and for returning or exhausting room air.  Airvector\u00ae Bar Grilles are fabricated of high-quality aluminum extrusions and can be provided with various powder coated colors and finishes. Components are mechanically interlocked for a blemish-free appearance.  GENERAL FEATURES   Neck-mounted, no apparent screw holes.  Removable core for easy installation and maintenance.  Extruded aluminum construction and mechanical assembly.  Available in Mill, Anodized, Powder Coated and Brushed &amp; Lacquered (other colors and finishes available upon request).\" \/>\n<meta property=\"og:url\" content=\"https:\/\/airvector-hvac.com\/fr\/produit\/architectural-sidewall-bar-grilles-registers-with-removable-core\/\" \/>\n<meta property=\"og:site_name\" content=\"Airvector\" \/>\n<meta property=\"article:publisher\" content=\"https:\/\/www.facebook.com\/Airvector\" \/>\n<meta property=\"article:modified_time\" content=\"2026-03-17T19:51:19+00:00\" \/>\n<meta property=\"og:image\" content=\"https:\/\/airvector-hvac.com\/wp-content\/uploads\/2020\/11\/ARCHL.jpg\" \/>\n\t<meta property=\"og:image:width\" content=\"200\" \/>\n\t<meta property=\"og:image:height\" content=\"111\" \/>\n<meta name=\"twitter:card\" content=\"summary_large_image\" \/>\n<meta name=\"twitter:site\" content=\"@airvector\" \/>\n<script type=\"application\/ld+json\" class=\"yoast-schema-graph\">{\"@context\":\"https:\/\/schema.org\",\"@graph\":[{\"@type\":\"Organization\",\"@id\":\"https:\/\/airvector-hvac.com\/#organization\",\"name\":\"Airvector\",\"url\":\"https:\/\/airvector-hvac.com\/\",\"sameAs\":[\"https:\/\/www.facebook.com\/Airvector\",\"https:\/\/www.linkedin.com\/company\/airvector-\",\"https:\/\/www.youtube.com\/user\/Airvector\/videos\",\"https:\/\/www.pinterest.com\/airvector\/\",\"https:\/\/twitter.com\/airvector\"],\"logo\":{\"@type\":\"ImageObject\",\"@id\":\"https:\/\/airvector-hvac.com\/#logo\",\"inLanguage\":\"fr-CA\",\"url\":\"\",\"caption\":\"Airvector\"},\"image\":{\"@id\":\"https:\/\/airvector-hvac.com\/#logo\"}},{\"@type\":\"WebSite\",\"@id\":\"https:\/\/airvector-hvac.com\/#website\",\"url\":\"https:\/\/airvector-hvac.com\/\",\"name\":\"Airvector\",\"description\":\"Manufacturer of Quility HVAC Air Distribution Products\",\"publisher\":{\"@id\":\"https:\/\/airvector-hvac.com\/#organization\"},\"potentialAction\":[{\"@type\":\"SearchAction\",\"target\":\"https:\/\/airvector-hvac.com\/?s={search_term_string}\",\"query-input\":\"required name=search_term_string\"}],\"inLanguage\":\"fr-CA\"},{\"@type\":\"ImageObject\",\"@id\":\"https:\/\/airvector-hvac.com\/product\/architectural-sidewall-bar-grilles-registers-with-removable-core\/#primaryimage\",\"inLanguage\":\"fr-CA\",\"url\":\"https:\/\/airvector-hvac.com\/wp-content\/uploads\/2020\/11\/ARCHL.jpg\",\"width\":200,\"height\":111},{\"@type\":[\"WebPage\",\"ItemPage\"],\"@id\":\"https:\/\/airvector-hvac.com\/product\/architectural-sidewall-bar-grilles-registers-with-removable-core\/#webpage\",\"url\":\"https:\/\/airvector-hvac.com\/product\/architectural-sidewall-bar-grilles-registers-with-removable-core\/\",\"name\":\"Architectural Sidewall Bar Grilles & Registers with Removable Core - Made in Canada - Airvector\",\"isPartOf\":{\"@id\":\"https:\/\/airvector-hvac.com\/#website\"},\"primaryImageOfPage\":{\"@id\":\"https:\/\/airvector-hvac.com\/product\/architectural-sidewall-bar-grilles-registers-with-removable-core\/#primaryimage\"},\"datePublished\":\"2020-11-24T23:08:44+00:00\",\"dateModified\":\"2026-03-17T19:51:19+00:00\",\"description\":\"Airvector\\u00ae's ARCH Series Architectural Linear Bar Grilles &amp; Registers perfectly combine performance and look. Neck-mounted with removable core and no apparent screw holes, those high quality bar grilles offer an aesthetical appeal while being easier to clean and maintain. Series ARCH are designed for sidewall installation in high-end residential and commercial applications and are recommended for supplying heated, ventilated or cooled air and for returning or exhausting room air. Airvector\\u00ae Bar Grilles are fabricated of high-quality aluminum extrusions and can be provided with various powder coated colors and finishes. Components are mechanically interlocked for a blemish-free appearance. GENERAL FEATURES Neck-mounted, no apparent screw holes. Removable core for easy installation and maintenance. Extruded aluminum construction and mechanical assembly. Available in Mill, Anodized, Powder Coated and Brushed &amp; Lacquered (other colors and finishes available upon request).\",\"inLanguage\":\"fr-CA\",\"potentialAction\":[{\"@type\":\"ReadAction\",\"target\":[\"https:\/\/airvector-hvac.com\/product\/architectural-sidewall-bar-grilles-registers-with-removable-core\/\"]}]}]}<\/script>\n<!-- \/ Yoast SEO plugin. -->","_links":{"self":[{"href":"https:\/\/airvector-hvac.com\/fr\/wp-json\/wp\/v2\/product\/4498"}],"collection":[{"href":"https:\/\/airvector-hvac.com\/fr\/wp-json\/wp\/v2\/product"}],"about":[{"href":"https:\/\/airvector-hvac.com\/fr\/wp-json\/wp\/v2\/types\/product"}],"wp:featuredmedia":[{"embeddable":true,"href":"https:\/\/airvector-hvac.com\/fr\/wp-json\/wp\/v2\/media\/4499"}],"wp:attachment":[{"href":"https:\/\/airvector-hvac.com\/fr\/wp-json\/wp\/v2\/media?parent=4498"}],"curies":[{"name":"wp","href":"https:\/\/api.w.org\/{rel}","templated":true}]}}