{"id":4501,"date":"2020-11-24T23:13:56","date_gmt":"2020-11-24T23:13:56","guid":{"rendered":"http:\/\/68.183.202.114\/?post_type=product&#038;p=4501"},"modified":"2025-09-18T19:23:01","modified_gmt":"2025-09-18T19:23:01","slug":"residential-floor-grilles-registers","status":"publish","type":"product","link":"https:\/\/airvector-hvac.com\/fr\/produit\/residential-floor-grilles-registers\/","title":{"rendered":"Grilles et registres r\u00e9sidentiels"},"content":{"rendered":"<div class=\"boxed-row\"><div style=\"\"class=\"normal_height vc_row wpb_row vc_row-fluid vc_custom_1605707188058 vc_row-has-fill\"><div class=\"wpb_column vc_column_container vc_col-sm-4\"><div class=\"vc_column-inner\"><div class=\"wpb_wrapper\">\n\t<div class=\"wpb_text_column wpb_content_element\" >\n\t\t<div class=\"wpb_wrapper\">\n\t\t\t<p><a name=\"REAL\"><\/a><b>REAL<\/b> \u00a0\u00a0Grille Seulement<\/p>\n\n\t\t<\/div>\n\t<\/div>\n<\/div><\/div><\/div><div class=\"wpb_column vc_column_container vc_col-sm-4\"><div class=\"vc_column-inner\"><div class=\"wpb_wrapper\"><\/div><\/div><\/div><div class=\"wpb_column vc_column_container vc_col-sm-4\"><div class=\"vc_column-inner\"><div class=\"wpb_wrapper\"><div class=\"vc_btn3-container vc_btn3-center\" >\n\t<a class=\"vc_general vc_btn3 vc_btn3-size-md vc_btn3-shape-rounded vc_btn3-style-modern vc_btn3-color-grey\" href=\"https:\/\/airvector-hvac.com\/wp-content\/uploads\/product-documents\/submittals\/REAL%20sub.pdf\" title=\"\" target=\"_blank\">Dessin d'atelier<\/a><\/div>\n<\/div><\/div><\/div><\/div><\/div><div style=\"\"class=\"normal_height vc_row wpb_row vc_row-fluid\"><div class=\"wpb_column vc_column_container vc_col-sm-12\"><div class=\"vc_column-inner\"><div class=\"wpb_wrapper\"><div class=\"vc_separator wpb_content_element vc_separator_align_center vc_sep_width_70 vc_sep_pos_align_center vc_separator_no_text vc_sep_color_black\" ><span class=\"vc_sep_holder vc_sep_holder_l\"><span  class=\"vc_sep_line\"><\/span><\/span><span class=\"vc_sep_holder vc_sep_holder_r\"><span  class=\"vc_sep_line\"><\/span><\/span>\n<\/div><\/div><\/div><\/div><\/div><div class=\"boxed-row\"><div style=\"\"class=\"normal_height vc_row wpb_row vc_row-fluid vc_custom_1605707188058 vc_row-has-fill\"><div class=\"wpb_column vc_column_container vc_col-sm-4\"><div class=\"vc_column-inner\"><div class=\"wpb_wrapper\">\n\t<div class=\"wpb_text_column wpb_content_element\" >\n\t\t<div class=\"wpb_wrapper\">\n\t\t\t<p class=\"regText\"><a name=\"REAL7\"><\/a><b>REAL7<\/b>\u00a0\u00a0\u00a0Registre avec OBD<\/p>\n\n\t\t<\/div>\n\t<\/div>\n<\/div><\/div><\/div><div class=\"wpb_column vc_column_container vc_col-sm-4\"><div class=\"vc_column-inner\"><div class=\"wpb_wrapper\"><\/div><\/div><\/div><div class=\"wpb_column vc_column_container vc_col-sm-4\"><div class=\"vc_column-inner\"><div class=\"wpb_wrapper\"><div class=\"vc_btn3-container vc_btn3-center\" >\n\t<a class=\"vc_general vc_btn3 vc_btn3-size-md vc_btn3-shape-rounded vc_btn3-style-modern vc_btn3-color-grey\" href=\"https:\/\/airvector-hvac.com\/wp-content\/uploads\/product-documents\/submittals\/REAL%20sub.pdf\" title=\"\" target=\"_blank\">Dessin d'atelier<\/a><\/div>\n<\/div><\/div><\/div><\/div><\/div><div style=\"\"class=\"normal_height vc_row wpb_row vc_row-fluid\"><div class=\"wpb_column vc_column_container vc_col-sm-12\"><div class=\"vc_column-inner\"><div class=\"wpb_wrapper\"><div class=\"vc_separator wpb_content_element vc_separator_align_center vc_sep_width_80 vc_sep_pos_align_center vc_sep_color_black vc_separator-has-text\" ><span class=\"vc_sep_holder vc_sep_holder_l\"><span  class=\"vc_sep_line\"><\/span><\/span><h4>Accessoires<\/h4><span class=\"vc_sep_holder vc_sep_holder_r\"><span  class=\"vc_sep_line\"><\/span><\/span>\n<\/div><\/div><\/div><\/div><\/div><div class=\"boxed-row\"><div style=\"\"class=\"normal_height vc_row wpb_row vc_row-fluid vc_custom_1606222864750 vc_row-has-fill\"><div class=\"wpb_column vc_column_container vc_col-sm-4\"><div class=\"vc_column-inner\"><div class=\"wpb_wrapper\">\n\t<div class=\"wpb_text_column wpb_content_element\" >\n\t\t<div class=\"wpb_wrapper\">\n\t\t\t<p class=\"regText\"><a name=\"N7\"><\/a><b>N7<\/b>\u00a0\u00a0\u00a0Amortisseur \u00e0 lame oppos\u00e9e pour grilles commerciales<\/p>\n<ul>\n<li>Construction en acier galvanis\u00e9.<\/li>\n<li>Convient pour GSA, GAA, GCA, GCR, ERE, ERT, ERU, REAL, RAF et ALB.<\/li>\n<\/ul>\n\n\t\t<\/div>\n\t<\/div>\n<\/div><\/div><\/div><div class=\"wpb_column vc_column_container vc_col-sm-4\"><div class=\"vc_column-inner\"><div class=\"wpb_wrapper\">\n\t<div  class=\"wpb_single_image wpb_content_element vc_align_center\">\n\t\t\n\t\t<figure class=\"wpb_wrapper vc_figure\">\n\t\t\t<div class=\"vc_single_image-wrapper   vc_box_border_grey\"><img width=\"200\" height=\"175\" src=\"https:\/\/airvector-hvac.com\/wp-content\/uploads\/2020\/11\/N7.png\" class=\"vc_single_image-img attachment-full\" alt=\"Residential Floor Grilles &amp; Registers\" loading=\"lazy\" title=\"Residential Floor Grilles &amp; Registers\" \/><\/div>\n\t\t<\/figure>\n\t<\/div>\n<\/div><\/div><\/div><div class=\"wpb_column vc_column_container vc_col-sm-4\"><div class=\"vc_column-inner\"><div class=\"wpb_wrapper\"><div class=\"vc_btn3-container vc_btn3-center\" >\n\t<a class=\"vc_general vc_btn3 vc_btn3-size-md vc_btn3-shape-rounded vc_btn3-style-modern vc_btn3-color-grey\" href=\"\/wp-content\/uploads\/2021\/01\/N7-sub.pdf\" title=\"\" target=\"_blank\">Dessin d'atelier<\/a><\/div>\n<\/div><\/div><\/div><\/div><\/div><div style=\"\"class=\"normal_height vc_row wpb_row vc_row-fluid\"><div class=\"wpb_column vc_column_container vc_col-sm-12\"><div class=\"vc_column-inner\"><div class=\"wpb_wrapper\"><div class=\"vc_separator wpb_content_element vc_separator_align_center vc_sep_width_70 vc_sep_pos_align_center vc_separator_no_text vc_sep_color_black\" ><span class=\"vc_sep_holder vc_sep_holder_l\"><span  class=\"vc_sep_line\"><\/span><\/span><span class=\"vc_sep_holder vc_sep_holder_r\"><span  class=\"vc_sep_line\"><\/span><\/span>\n<\/div><\/div><\/div><\/div><\/div><div class=\"boxed-row\"><div style=\"\"class=\"normal_height vc_row wpb_row vc_row-fluid vc_custom_1606222864750 vc_row-has-fill\"><div class=\"wpb_column vc_column_container vc_col-sm-4\"><div class=\"vc_column-inner\"><div class=\"wpb_wrapper\">\n\t<div class=\"wpb_text_column wpb_content_element\" >\n\t\t<div class=\"wpb_wrapper\">\n\t\t\t<p class=\"regText\"><a name=\"GPL\"><\/a><b>GPL<\/b>\u00a0\u00a0\u00a0Plenums for Residential Floor Grilles &amp; Registers<\/p>\n<p class=\"regText translation-block\">Pour plus de d\u00e9tails, <a href=\"https:\/\/airvector-hvac.com\/products.php?page=ALSPL\" target=\"_self\"> cliquez ici pour voir la page des pl\u00e9nums <\/a>.<\/p>\n\n\t\t<\/div>\n\t<\/div>\n<\/div><\/div><\/div><div class=\"wpb_column vc_column_container vc_col-sm-4\"><div class=\"vc_column-inner\"><div class=\"wpb_wrapper\">\n\t<div  class=\"wpb_single_image wpb_content_element vc_align_center\">\n\t\t\n\t\t<figure class=\"wpb_wrapper vc_figure\">\n\t\t\t<div class=\"vc_single_image-wrapper   vc_box_border_grey\"><img width=\"488\" height=\"197\" src=\"https:\/\/airvector-hvac.com\/wp-content\/uploads\/2025\/09\/Plenum-Airvector.png\" class=\"vc_single_image-img attachment-full\" alt=\"Residential Floor Grilles &amp; Registers\" loading=\"lazy\" srcset=\"https:\/\/airvector-hvac.com\/wp-content\/uploads\/2025\/09\/Plenum-Airvector.png 488w, https:\/\/airvector-hvac.com\/wp-content\/uploads\/2025\/09\/Plenum-Airvector-300x121.png 300w, https:\/\/airvector-hvac.com\/wp-content\/uploads\/2025\/09\/Plenum-Airvector-16x6.png 16w\" sizes=\"(max-width: 488px) 100vw, 488px\" title=\"Residential Floor Grilles &amp; Registers\" \/><\/div>\n\t\t<\/figure>\n\t<\/div>\n<\/div><\/div><\/div><div class=\"wpb_column vc_column_container vc_col-sm-4\"><div class=\"vc_column-inner\"><div class=\"wpb_wrapper\"><\/div><\/div><\/div><\/div><\/div>","protected":false},"excerpt":{"rendered":"<p>Id\u00e9al pour les applications au sol, la conception et la finition REAL slick constituent une v\u00e9ritable mise \u00e0 niveau des registres de sol standard. Disponible sous forme de grille ou de registre, le mod\u00e8le d'air \u00e0 3 voies REAL offre un flux d'air directionnel plus large, id\u00e9al pour alimenter pratiquement toutes les pi\u00e8ces. Les finitions standard sont en aluminium naturel et anodis\u00e9.<\/p>","protected":false},"featured_media":4502,"template":"","meta":[],"yoast_head":"<!-- This site is optimized with the Yoast SEO plugin v15.6.2 - https:\/\/yoast.com\/wordpress\/plugins\/seo\/ -->\n<title>Residential Floor Grilles &amp; Registers - Made in Canada - Airvector<\/title>\n<meta name=\"description\" content=\"Ideal for floor applications, the REAL slick design and finish is a real upgrade to standard floor registers. Available as a grille or register, the REAL 3 way air pattern provide a wider directional air flow, perfect to supply virtually any size room. Standard finishes are Natural and Anodized Aluminum.\" \/>\n<meta name=\"robots\" content=\"index, follow, max-snippet:-1, max-image-preview:large, max-video-preview:-1\" \/>\n<link rel=\"canonical\" href=\"https:\/\/airvector-hvac.com\/fr\/produit\/residential-floor-grilles-registers\/\" \/>\n<meta property=\"og:locale\" content=\"fr_CA\" \/>\n<meta property=\"og:type\" content=\"article\" \/>\n<meta property=\"og:title\" content=\"Residential Floor Grilles &amp; Registers - Made in Canada - Airvector\" \/>\n<meta property=\"og:description\" content=\"Ideal for floor applications, the REAL slick design and finish is a real upgrade to standard floor registers. Available as a grille or register, the REAL 3 way air pattern provide a wider directional air flow, perfect to supply virtually any size room. Standard finishes are Natural and Anodized Aluminum.\" \/>\n<meta property=\"og:url\" content=\"https:\/\/airvector-hvac.com\/fr\/produit\/residential-floor-grilles-registers\/\" \/>\n<meta property=\"og:site_name\" content=\"Airvector\" \/>\n<meta property=\"article:publisher\" content=\"https:\/\/www.facebook.com\/Airvector\" \/>\n<meta property=\"article:modified_time\" content=\"2025-09-18T19:23:01+00:00\" \/>\n<meta property=\"og:image\" content=\"https:\/\/airvector-hvac.com\/wp-content\/uploads\/2020\/11\/REAL.jpg\" \/>\n\t<meta property=\"og:image:width\" content=\"200\" \/>\n\t<meta property=\"og:image:height\" content=\"96\" \/>\n<meta name=\"twitter:card\" content=\"summary_large_image\" \/>\n<meta name=\"twitter:site\" content=\"@airvector\" \/>\n<script type=\"application\/ld+json\" class=\"yoast-schema-graph\">{\"@context\":\"https:\/\/schema.org\",\"@graph\":[{\"@type\":\"Organization\",\"@id\":\"https:\/\/airvector-hvac.com\/#organization\",\"name\":\"Airvector\",\"url\":\"https:\/\/airvector-hvac.com\/\",\"sameAs\":[\"https:\/\/www.facebook.com\/Airvector\",\"https:\/\/www.linkedin.com\/company\/airvector-\",\"https:\/\/www.youtube.com\/user\/Airvector\/videos\",\"https:\/\/www.pinterest.com\/airvector\/\",\"https:\/\/twitter.com\/airvector\"],\"logo\":{\"@type\":\"ImageObject\",\"@id\":\"https:\/\/airvector-hvac.com\/#logo\",\"inLanguage\":\"fr-CA\",\"url\":\"\",\"caption\":\"Airvector\"},\"image\":{\"@id\":\"https:\/\/airvector-hvac.com\/#logo\"}},{\"@type\":\"WebSite\",\"@id\":\"https:\/\/airvector-hvac.com\/#website\",\"url\":\"https:\/\/airvector-hvac.com\/\",\"name\":\"Airvector\",\"description\":\"Manufacturer of Quility HVAC Air Distribution Products\",\"publisher\":{\"@id\":\"https:\/\/airvector-hvac.com\/#organization\"},\"potentialAction\":[{\"@type\":\"SearchAction\",\"target\":\"https:\/\/airvector-hvac.com\/?s={search_term_string}\",\"query-input\":\"required name=search_term_string\"}],\"inLanguage\":\"fr-CA\"},{\"@type\":\"ImageObject\",\"@id\":\"https:\/\/airvector-hvac.com\/product\/residential-floor-grilles-registers\/#primaryimage\",\"inLanguage\":\"fr-CA\",\"url\":\"https:\/\/airvector-hvac.com\/wp-content\/uploads\/2020\/11\/REAL.jpg\",\"width\":200,\"height\":96},{\"@type\":[\"WebPage\",\"ItemPage\"],\"@id\":\"https:\/\/airvector-hvac.com\/product\/residential-floor-grilles-registers\/#webpage\",\"url\":\"https:\/\/airvector-hvac.com\/product\/residential-floor-grilles-registers\/\",\"name\":\"Residential Floor Grilles & Registers - Made in Canada - Airvector\",\"isPartOf\":{\"@id\":\"https:\/\/airvector-hvac.com\/#website\"},\"primaryImageOfPage\":{\"@id\":\"https:\/\/airvector-hvac.com\/product\/residential-floor-grilles-registers\/#primaryimage\"},\"datePublished\":\"2020-11-24T23:13:56+00:00\",\"dateModified\":\"2025-09-18T19:23:01+00:00\",\"description\":\"Ideal for floor applications, the REAL slick design and finish is a real upgrade to standard floor registers. Available as a grille or register, the REAL 3 way air pattern provide a wider directional air flow, perfect to supply virtually any size room. Standard finishes are Natural and Anodized Aluminum.\",\"inLanguage\":\"fr-CA\",\"potentialAction\":[{\"@type\":\"ReadAction\",\"target\":[\"https:\/\/airvector-hvac.com\/product\/residential-floor-grilles-registers\/\"]}]}]}<\/script>\n<!-- \/ Yoast SEO plugin. -->","_links":{"self":[{"href":"https:\/\/airvector-hvac.com\/fr\/wp-json\/wp\/v2\/product\/4501"}],"collection":[{"href":"https:\/\/airvector-hvac.com\/fr\/wp-json\/wp\/v2\/product"}],"about":[{"href":"https:\/\/airvector-hvac.com\/fr\/wp-json\/wp\/v2\/types\/product"}],"wp:featuredmedia":[{"embeddable":true,"href":"https:\/\/airvector-hvac.com\/fr\/wp-json\/wp\/v2\/media\/4502"}],"wp:attachment":[{"href":"https:\/\/airvector-hvac.com\/fr\/wp-json\/wp\/v2\/media?parent=4501"}],"curies":[{"name":"wp","href":"https:\/\/api.w.org\/{rel}","templated":true}]}}