{"id":4503,"date":"2020-11-24T23:15:51","date_gmt":"2020-11-24T23:15:51","guid":{"rendered":"http:\/\/68.183.202.114\/?post_type=product&#038;p=4503"},"modified":"2025-09-18T19:22:33","modified_gmt":"2025-09-18T19:22:33","slug":"residential-architectural-floor-grilles-registers","status":"publish","type":"product","link":"https:\/\/airvector-hvac.com\/fr\/produit\/residential-architectural-floor-grilles-registers\/","title":{"rendered":"Grilles et registres architecturaux r\u00e9sidentiels"},"content":{"rendered":"<div class=\"boxed-row\"><div style=\"\"class=\"normal_height vc_row wpb_row vc_row-fluid vc_custom_1605707188058 vc_row-has-fill\"><div class=\"wpb_column vc_column_container vc_col-sm-4\"><div class=\"vc_column-inner\"><div class=\"wpb_wrapper\">\n\t<div class=\"wpb_text_column wpb_content_element\" >\n\t\t<div class=\"wpb_wrapper\">\n\t\t\t<p><a name=\"RAF\"><\/a><b>RAF<\/b>\u00a0\u00a0\u00a0Grille Seulement<\/p>\n\n\t\t<\/div>\n\t<\/div>\n<\/div><\/div><\/div><div class=\"wpb_column vc_column_container vc_col-sm-4\"><div class=\"vc_column-inner\"><div class=\"wpb_wrapper\">\n\t<div  class=\"wpb_single_image wpb_content_element vc_align_center\">\n\t\t\n\t\t<figure class=\"wpb_wrapper vc_figure\">\n\t\t\t<div class=\"vc_single_image-wrapper   vc_box_border_grey\"><img width=\"200\" height=\"53\" src=\"https:\/\/airvector-hvac.com\/wp-content\/uploads\/2020\/11\/RAF.png\" class=\"vc_single_image-img attachment-full\" alt=\"Residential Architectural Floor Grilles &amp; Registers\" loading=\"lazy\" title=\"Residential Architectural Floor Grilles &amp; Registers\" \/><\/div>\n\t\t<\/figure>\n\t<\/div>\n<\/div><\/div><\/div><div class=\"wpb_column vc_column_container vc_col-sm-4\"><div class=\"vc_column-inner\"><div class=\"wpb_wrapper\"><div class=\"vc_btn3-container vc_btn3-center\" >\n\t<a class=\"vc_general vc_btn3 vc_btn3-size-md vc_btn3-shape-rounded vc_btn3-style-modern vc_btn3-color-grey\" href=\"\/wp-content\/uploads\/2021\/01\/RAF-sub.pdf\" title=\"\" target=\"_blank\">Dessin d'atelier<\/a><\/div>\n<\/div><\/div><\/div><\/div><\/div><div style=\"\"class=\"normal_height vc_row wpb_row vc_row-fluid\"><div class=\"wpb_column vc_column_container vc_col-sm-12\"><div class=\"vc_column-inner\"><div class=\"wpb_wrapper\"><div class=\"vc_separator wpb_content_element vc_separator_align_center vc_sep_width_70 vc_sep_pos_align_center vc_separator_no_text vc_sep_color_black\" ><span class=\"vc_sep_holder vc_sep_holder_l\"><span  class=\"vc_sep_line\"><\/span><\/span><span class=\"vc_sep_holder vc_sep_holder_r\"><span  class=\"vc_sep_line\"><\/span><\/span>\n<\/div><\/div><\/div><\/div><\/div><div class=\"boxed-row\"><div style=\"\"class=\"normal_height vc_row wpb_row vc_row-fluid vc_custom_1605707188058 vc_row-has-fill\"><div class=\"wpb_column vc_column_container vc_col-sm-4\"><div class=\"vc_column-inner\"><div class=\"wpb_wrapper\">\n\t<div class=\"wpb_text_column wpb_content_element\" >\n\t\t<div class=\"wpb_wrapper\">\n\t\t\t<p><a name=\"RAF7\"><\/a><b>RAF7<\/b>\u00a0\u00a0\u00a0Registre Avec Damper \u00e0 lames oppos\u00e9es<\/p>\n\n\t\t<\/div>\n\t<\/div>\n<\/div><\/div><\/div><div class=\"wpb_column vc_column_container vc_col-sm-4\"><div class=\"vc_column-inner\"><div class=\"wpb_wrapper\">\n\t<div  class=\"wpb_single_image wpb_content_element vc_align_center\">\n\t\t\n\t\t<figure class=\"wpb_wrapper vc_figure\">\n\t\t\t<div class=\"vc_single_image-wrapper   vc_box_border_grey\"><img width=\"200\" height=\"53\" src=\"https:\/\/airvector-hvac.com\/wp-content\/uploads\/2020\/11\/RAF.png\" class=\"vc_single_image-img attachment-full\" alt=\"Residential Architectural Floor Grilles &amp; Registers\" loading=\"lazy\" title=\"Residential Architectural Floor Grilles &amp; Registers\" \/><\/div>\n\t\t<\/figure>\n\t<\/div>\n<\/div><\/div><\/div><div class=\"wpb_column vc_column_container vc_col-sm-4\"><div class=\"vc_column-inner\"><div class=\"wpb_wrapper\"><div class=\"vc_btn3-container vc_btn3-center\" >\n\t<a class=\"vc_general vc_btn3 vc_btn3-size-md vc_btn3-shape-rounded vc_btn3-style-modern vc_btn3-color-grey\" href=\"\/wp-content\/uploads\/2021\/01\/RAF-sub.pdf\" title=\"\" target=\"_blank\">Dessin d'atelier<\/a><\/div>\n<\/div><\/div><\/div><\/div><\/div><div style=\"\"class=\"normal_height vc_row wpb_row vc_row-fluid\"><div class=\"wpb_column vc_column_container vc_col-sm-12\"><div class=\"vc_column-inner\"><div class=\"wpb_wrapper\"><div class=\"vc_separator wpb_content_element vc_separator_align_center vc_sep_width_80 vc_sep_pos_align_center vc_sep_color_black vc_separator-has-text\" ><span class=\"vc_sep_holder vc_sep_holder_l\"><span  class=\"vc_sep_line\"><\/span><\/span><h4>Accessoires<\/h4><span class=\"vc_sep_holder vc_sep_holder_r\"><span  class=\"vc_sep_line\"><\/span><\/span>\n<\/div><\/div><\/div><\/div><\/div><div class=\"boxed-row\"><div style=\"\"class=\"normal_height vc_row wpb_row vc_row-fluid vc_custom_1606222864750 vc_row-has-fill\"><div class=\"wpb_column vc_column_container vc_col-sm-4\"><div class=\"vc_column-inner\"><div class=\"wpb_wrapper\">\n\t<div class=\"wpb_text_column wpb_content_element\" >\n\t\t<div class=\"wpb_wrapper\">\n\t\t\t<p class=\"regText\"><a name=\"N7\"><\/a><b>N7<\/b>\u00a0\u00a0\u00a0Amortisseur \u00e0 lame oppos\u00e9e pour grilles commerciales<\/p>\n<ul>\n<li>Construction en acier galvanis\u00e9.<\/li>\n<li>Convient pour GSA, GAA, GCA, GCR, ERE, ERT, ERU, REAL, RAF et ALB.<\/li>\n<\/ul>\n\n\t\t<\/div>\n\t<\/div>\n<\/div><\/div><\/div><div class=\"wpb_column vc_column_container vc_col-sm-4\"><div class=\"vc_column-inner\"><div class=\"wpb_wrapper\">\n\t<div  class=\"wpb_single_image wpb_content_element vc_align_center\">\n\t\t\n\t\t<figure class=\"wpb_wrapper vc_figure\">\n\t\t\t<div class=\"vc_single_image-wrapper   vc_box_border_grey\"><img width=\"200\" height=\"175\" src=\"https:\/\/airvector-hvac.com\/wp-content\/uploads\/2020\/11\/N7.png\" class=\"vc_single_image-img attachment-full\" alt=\"Residential Architectural Floor Grilles &amp; Registers\" loading=\"lazy\" title=\"Residential Architectural Floor Grilles &amp; Registers\" \/><\/div>\n\t\t<\/figure>\n\t<\/div>\n<\/div><\/div><\/div><div class=\"wpb_column vc_column_container vc_col-sm-4\"><div class=\"vc_column-inner\"><div class=\"wpb_wrapper\"><div class=\"vc_btn3-container vc_btn3-center\" >\n\t<a class=\"vc_general vc_btn3 vc_btn3-size-md vc_btn3-shape-rounded vc_btn3-style-modern vc_btn3-color-grey\" href=\"\/wp-content\/uploads\/2021\/01\/N7-sub.pdf\" title=\"\" target=\"_blank\">Dessin d'atelier<\/a><\/div>\n<\/div><\/div><\/div><\/div><\/div><div style=\"\"class=\"normal_height vc_row wpb_row vc_row-fluid\"><div class=\"wpb_column vc_column_container vc_col-sm-12\"><div class=\"vc_column-inner\"><div class=\"wpb_wrapper\"><div class=\"vc_separator wpb_content_element vc_separator_align_center vc_sep_width_70 vc_sep_pos_align_center vc_separator_no_text vc_sep_color_black\" ><span class=\"vc_sep_holder vc_sep_holder_l\"><span  class=\"vc_sep_line\"><\/span><\/span><span class=\"vc_sep_holder vc_sep_holder_r\"><span  class=\"vc_sep_line\"><\/span><\/span>\n<\/div><\/div><\/div><\/div><\/div><div class=\"boxed-row\"><div style=\"\"class=\"normal_height vc_row wpb_row vc_row-fluid vc_custom_1606222864750 vc_row-has-fill\"><div class=\"wpb_column vc_column_container vc_col-sm-4\"><div class=\"vc_column-inner\"><div class=\"wpb_wrapper\">\n\t<div class=\"wpb_text_column wpb_content_element\" >\n\t\t<div class=\"wpb_wrapper\">\n\t\t\t<p class=\"regText\"><a name=\"GPL\"><\/a><b>GPL<\/b>\u00a0\u00a0\u00a0Plenums for Residential Architectural Floor Grilles &amp; Registers<\/p>\n<p class=\"regText translation-block\">Pour plus de d\u00e9tails, <a href=\"https:\/\/airvector-hvac.com\/products.php?page=ALSPL\" target=\"_self\"> cliquez ici pour voir la page des pl\u00e9nums <\/a>.<\/p>\n\n\t\t<\/div>\n\t<\/div>\n<\/div><\/div><\/div><div class=\"wpb_column vc_column_container vc_col-sm-4\"><div class=\"vc_column-inner\"><div class=\"wpb_wrapper\">\n\t<div  class=\"wpb_single_image wpb_content_element vc_align_center\">\n\t\t\n\t\t<figure class=\"wpb_wrapper vc_figure\">\n\t\t\t<div class=\"vc_single_image-wrapper   vc_box_border_grey\"><img width=\"488\" height=\"197\" src=\"https:\/\/airvector-hvac.com\/wp-content\/uploads\/2025\/09\/Plenum-Airvector.png\" class=\"vc_single_image-img attachment-full\" alt=\"Residential Architectural Floor Grilles &amp; Registers\" loading=\"lazy\" srcset=\"https:\/\/airvector-hvac.com\/wp-content\/uploads\/2025\/09\/Plenum-Airvector.png 488w, https:\/\/airvector-hvac.com\/wp-content\/uploads\/2025\/09\/Plenum-Airvector-300x121.png 300w, https:\/\/airvector-hvac.com\/wp-content\/uploads\/2025\/09\/Plenum-Airvector-16x6.png 16w\" sizes=\"(max-width: 488px) 100vw, 488px\" title=\"Residential Architectural Floor Grilles &amp; Registers\" \/><\/div>\n\t\t<\/figure>\n\t<\/div>\n<\/div><\/div><\/div><div class=\"wpb_column vc_column_container vc_col-sm-4\"><div class=\"vc_column-inner\"><div class=\"wpb_wrapper\"><\/div><\/div><\/div><\/div><\/div>","protected":false},"excerpt":{"rendered":"<p class=\"regText\">Con\u00e7u pour les applications de plancher r\u00e9sidentiel haut de gamme, RAF est probablement la grille de plancher la plus durable et la plus esth\u00e9tique qui soit. Son design lisse et son fini bross\u00e9 et laqu\u00e9 le rend tr\u00e8s attrayant et convient \u00e0 tous les types de sol. Fabriqu\u00e9 \u00e0 partir de barres en aluminium extrud\u00e9, les grilles RAF sont tr\u00e8s solide et ne rouillent pas au fil du temps. La laque \u00e0 rev\u00eatement de poudre offre une protection suppl\u00e9mentaire contre les abus quotidiens et le noyau amovible facilite le nettoyage.<\/p>\n<ul>\n<li>Construction en aluminium de gros calibre.<\/li>\n<li>Noyau amovible pour un entretien facilit\u00e9.<\/li>\n<li>Renforc\u00e9 pour les applications au sol.<\/li>\n<li>Disponible avec ou sans lame oppos\u00e9e.<\/li>\n<li>Aucun bouton ou levier apparent, retirez le noyau et actionnez le registre avec un tournevis.<\/li>\n<li>Finition en aluminium bross\u00e9 et laqu\u00e9 \u00e9poxy.<\/li>\n<li>\u00c9cartement \u00e9troit des barreaux anti-crayons pour un confort et une s\u00e9curit\u00e9 accrus.<\/li>\n<\/ul>","protected":false},"featured_media":4504,"template":"","meta":[],"yoast_head":"<!-- This site is optimized with the Yoast SEO plugin v15.6.2 - https:\/\/yoast.com\/wordpress\/plugins\/seo\/ -->\n<title>Residential Architectural Floor Grilles &amp; Registers - Made in Canada - Airvector<\/title>\n<meta name=\"description\" content=\"Designed for high end residential floor applications, RAF is probably the most durable and best looking floor grille available. Its slick design and brushed &amp; lacquered finish make it very appealing to the eye and suitable for all floor types. Made of extruded aluminum bars, RAF grilles and very strong and won&#039;t rust over time. The powder coated lacquer offer extra protection against daily abuse and the removable core makes it much easier to clean.    Heavy-gauge aluminum construction.  Removable core for easier maintenance.  Reinforced for floor applications.  Available with or without opposed blade damper.  No apparent knob or lever, remove core and operate damper with screwdriver.  Brushed aluminum and powder coated lacquer finish.  Narrow pencil proof bar spacing for better comfort and security.\" \/>\n<meta name=\"robots\" content=\"index, follow, max-snippet:-1, max-image-preview:large, max-video-preview:-1\" \/>\n<link rel=\"canonical\" href=\"https:\/\/airvector-hvac.com\/fr\/produit\/residential-architectural-floor-grilles-registers\/\" \/>\n<meta property=\"og:locale\" content=\"fr_CA\" \/>\n<meta property=\"og:type\" content=\"article\" \/>\n<meta property=\"og:title\" content=\"Residential Architectural Floor Grilles &amp; Registers - Made in Canada - Airvector\" \/>\n<meta property=\"og:description\" content=\"Designed for high end residential floor applications, RAF is probably the most durable and best looking floor grille available. Its slick design and brushed &amp; lacquered finish make it very appealing to the eye and suitable for all floor types. Made of extruded aluminum bars, RAF grilles and very strong and won&#039;t rust over time. The powder coated lacquer offer extra protection against daily abuse and the removable core makes it much easier to clean.    Heavy-gauge aluminum construction.  Removable core for easier maintenance.  Reinforced for floor applications.  Available with or without opposed blade damper.  No apparent knob or lever, remove core and operate damper with screwdriver.  Brushed aluminum and powder coated lacquer finish.  Narrow pencil proof bar spacing for better comfort and security.\" \/>\n<meta property=\"og:url\" content=\"https:\/\/airvector-hvac.com\/fr\/produit\/residential-architectural-floor-grilles-registers\/\" \/>\n<meta property=\"og:site_name\" content=\"Airvector\" \/>\n<meta property=\"article:publisher\" content=\"https:\/\/www.facebook.com\/Airvector\" \/>\n<meta property=\"article:modified_time\" content=\"2025-09-18T19:22:33+00:00\" \/>\n<meta property=\"og:image\" content=\"https:\/\/airvector-hvac.com\/wp-content\/uploads\/2020\/11\/RAF.jpg\" \/>\n\t<meta property=\"og:image:width\" content=\"200\" \/>\n\t<meta property=\"og:image:height\" content=\"190\" \/>\n<meta name=\"twitter:card\" content=\"summary_large_image\" \/>\n<meta name=\"twitter:site\" content=\"@airvector\" \/>\n<script type=\"application\/ld+json\" class=\"yoast-schema-graph\">{\"@context\":\"https:\/\/schema.org\",\"@graph\":[{\"@type\":\"Organization\",\"@id\":\"https:\/\/airvector-hvac.com\/#organization\",\"name\":\"Airvector\",\"url\":\"https:\/\/airvector-hvac.com\/\",\"sameAs\":[\"https:\/\/www.facebook.com\/Airvector\",\"https:\/\/www.linkedin.com\/company\/airvector-\",\"https:\/\/www.youtube.com\/user\/Airvector\/videos\",\"https:\/\/www.pinterest.com\/airvector\/\",\"https:\/\/twitter.com\/airvector\"],\"logo\":{\"@type\":\"ImageObject\",\"@id\":\"https:\/\/airvector-hvac.com\/#logo\",\"inLanguage\":\"fr-CA\",\"url\":\"\",\"caption\":\"Airvector\"},\"image\":{\"@id\":\"https:\/\/airvector-hvac.com\/#logo\"}},{\"@type\":\"WebSite\",\"@id\":\"https:\/\/airvector-hvac.com\/#website\",\"url\":\"https:\/\/airvector-hvac.com\/\",\"name\":\"Airvector\",\"description\":\"Manufacturer of Quility HVAC Air Distribution Products\",\"publisher\":{\"@id\":\"https:\/\/airvector-hvac.com\/#organization\"},\"potentialAction\":[{\"@type\":\"SearchAction\",\"target\":\"https:\/\/airvector-hvac.com\/?s={search_term_string}\",\"query-input\":\"required name=search_term_string\"}],\"inLanguage\":\"fr-CA\"},{\"@type\":\"ImageObject\",\"@id\":\"https:\/\/airvector-hvac.com\/product\/residential-architectural-floor-grilles-registers\/#primaryimage\",\"inLanguage\":\"fr-CA\",\"url\":\"https:\/\/airvector-hvac.com\/wp-content\/uploads\/2020\/11\/RAF.jpg\",\"width\":200,\"height\":190},{\"@type\":[\"WebPage\",\"ItemPage\"],\"@id\":\"https:\/\/airvector-hvac.com\/product\/residential-architectural-floor-grilles-registers\/#webpage\",\"url\":\"https:\/\/airvector-hvac.com\/product\/residential-architectural-floor-grilles-registers\/\",\"name\":\"Residential Architectural Floor Grilles & Registers - Made in Canada - Airvector\",\"isPartOf\":{\"@id\":\"https:\/\/airvector-hvac.com\/#website\"},\"primaryImageOfPage\":{\"@id\":\"https:\/\/airvector-hvac.com\/product\/residential-architectural-floor-grilles-registers\/#primaryimage\"},\"datePublished\":\"2020-11-24T23:15:51+00:00\",\"dateModified\":\"2025-09-18T19:22:33+00:00\",\"description\":\"Designed for high end residential floor applications, RAF is probably the most durable and best looking floor grille available. Its slick design and brushed &amp; lacquered finish make it very appealing to the eye and suitable for all floor types. Made of extruded aluminum bars, RAF grilles and very strong and won't rust over time. The powder coated lacquer offer extra protection against daily abuse and the removable core makes it much easier to clean. Heavy-gauge aluminum construction. Removable core for easier maintenance. Reinforced for floor applications. Available with or without opposed blade damper. No apparent knob or lever, remove core and operate damper with screwdriver. Brushed aluminum and powder coated lacquer finish. Narrow pencil proof bar spacing for better comfort and security.\",\"inLanguage\":\"fr-CA\",\"potentialAction\":[{\"@type\":\"ReadAction\",\"target\":[\"https:\/\/airvector-hvac.com\/product\/residential-architectural-floor-grilles-registers\/\"]}]}]}<\/script>\n<!-- \/ Yoast SEO plugin. -->","_links":{"self":[{"href":"https:\/\/airvector-hvac.com\/fr\/wp-json\/wp\/v2\/product\/4503"}],"collection":[{"href":"https:\/\/airvector-hvac.com\/fr\/wp-json\/wp\/v2\/product"}],"about":[{"href":"https:\/\/airvector-hvac.com\/fr\/wp-json\/wp\/v2\/types\/product"}],"wp:featuredmedia":[{"embeddable":true,"href":"https:\/\/airvector-hvac.com\/fr\/wp-json\/wp\/v2\/media\/4504"}],"wp:attachment":[{"href":"https:\/\/airvector-hvac.com\/fr\/wp-json\/wp\/v2\/media?parent=4503"}],"curies":[{"name":"wp","href":"https:\/\/api.w.org\/{rel}","templated":true}]}}