{"id":4757,"date":"2020-12-07T14:03:20","date_gmt":"2020-12-07T14:03:20","guid":{"rendered":"http:\/\/68.183.202.114\/?post_type=product&#038;p=4757"},"modified":"2022-09-27T17:44:10","modified_gmt":"2022-09-27T17:44:10","slug":"sight-proof-heavy-duty-aluminum-transfer-air-door-grille","status":"publish","type":"product","link":"https:\/\/airvector-hvac.com\/fr\/produit\/sight-proof-heavy-duty-aluminum-transfer-air-door-grille\/","title":{"rendered":"Grille de porte d'air de transfert en aluminium robuste \u00e0 l'\u00e9preuve de la vue"},"content":{"rendered":"<div class=\"boxed-row\"><div style=\"\"class=\"normal_height vc_row wpb_row vc_row-fluid vc_custom_1605707188058 vc_row-has-fill\"><div class=\"wpb_column vc_column_container vc_col-sm-4\"><div class=\"vc_column-inner\"><div class=\"wpb_wrapper\">\n\t<div class=\"wpb_text_column wpb_content_element\" >\n\t\t<div class=\"wpb_wrapper\">\n\t\t\t<h4 class=\"regText\">GADA \/ GADS \/ GADC<\/h4>\n<p class=\"regText\">Aluminium robuste<\/p>\n<p>GADA: cadre des deux c\u00f4t\u00e9s<\/p>\n<p class=\"regText\">GADS: cadre d'un seul c\u00f4t\u00e9<\/p>\n<p>GADC: No Flange Frame (Prochainement)<\/p>\n\n\t\t<\/div>\n\t<\/div>\n<\/div><\/div><\/div><div class=\"wpb_column vc_column_container vc_col-sm-4\"><div class=\"vc_column-inner\"><div class=\"wpb_wrapper\"><\/div><\/div><\/div><div class=\"wpb_column vc_column_container vc_col-sm-4\"><div class=\"vc_column-inner\"><div class=\"wpb_wrapper\"><div class=\"vc_btn3-container vc_btn3-center\" >\n\t<a class=\"vc_general vc_btn3 vc_btn3-size-md vc_btn3-shape-rounded vc_btn3-style-modern vc_btn3-color-grey\" href=\"\/wp-content\/uploads\/product-documents\/submittals\/GADA-sub.pdf\" title=\"\" target=\"_blank\">Dessin d'atelier<\/a><\/div>\n<div class=\"vc_btn3-container vc_btn3-center\" >\n\t<a class=\"vc_general vc_btn3 vc_btn3-size-md vc_btn3-shape-rounded vc_btn3-style-modern vc_btn3-color-grey\" href=\"\/wp-content\/uploads\/product-documents\/datasheets\/GADA-GADS-GADC-datasheet.pdf\" title=\"\" target=\"_blank\">Fiche Technique<\/a><\/div>\n<\/div><\/div><\/div><\/div><\/div>","protected":false},"excerpt":{"rendered":"<p>Les grilles de porte d\u2019air de transfert Airvector\u00ae GADA, GADS et GADC offrent autant de caract\u00e9ristiques de r\u00e9sistance que la l\u00e9g\u00e8ret\u00e9 du mat\u00e9riau. Construites en aluminium extrud\u00e9 du cadre au noyau, ces grilles robustes sont con\u00e7ues pour r\u00e9sister \u00e0 l'impact des coups et des coups de pied quotidiens. Les lames en forme de V invers\u00e9 du noyau garantissent une conception compl\u00e8te \u00e0 l'\u00e9preuve de la vue ainsi qu'un passage direct de l'air destin\u00e9 aux applications de porte.<\/p>\n<p>Les s\u00e9ries GADA, GADS et GADC sont con\u00e7ues pour une installation de porte dans des applications commerciales et sont recommand\u00e9es pour le transfert de l'air ambiant.<\/p>\n<p>Les grilles de porte d'air de transfert Airvector\u00ae Sight Proof sont fabriqu\u00e9es avec un cadre en aluminium extrud\u00e9 robuste ainsi que des lames en forme de V en aluminium extrud\u00e9 pour une robustesse sup\u00e9rieure.<\/p>\n<p><strong>GADA<\/strong>\u00a0Les s\u00e9ries ont un cadre des deux c\u00f4t\u00e9s.<\/p>\n<p><strong>GADS<\/strong>\u00a0Les s\u00e9ries ont un cadre d'un seul c\u00f4t\u00e9 et le<\/p>\n<p><strong>GADC<\/strong>\u00a0Les s\u00e9ries n'ont pas de cadre de bride. Peut \u00eatre fourni avec diverses couleurs et finitions enduites de poudre.<\/p>\n<p><strong>CARACT\u00c9RISTIQUES G\u00c9N\u00c9RALES<\/strong><\/p>\n<ul>\n<li>Cadre et noyau en aluminium extrud\u00e9 robuste.<\/li>\n<li>Lames en forme de V invers\u00e9 pour une qualit\u00e9 \u00e0 toute \u00e9preuve et un transfert d'air direct.<\/li>\n<li>Trous de fixation sur le cadre.<\/li>\n<li>Disponible en blanc enduit de poudre (autres couleurs et finitions disponibles sur demande).<\/li>\n<\/ul>","protected":false},"featured_media":4759,"template":"","meta":[],"yoast_head":"<!-- This site is optimized with the Yoast SEO plugin v15.6.2 - https:\/\/yoast.com\/wordpress\/plugins\/seo\/ -->\n<title>Sight Proof Heavy Duty Aluminum Transfer Air Door Grille - Made in Canada - Airvector<\/title>\n<meta name=\"description\" content=\"Airvector\u00ae\u2019s GADA, GADS and GADC Series of Sight Proof Transfer Air Door Grilles provides as much heavy-duty characteristics as lightness of material. Built with extruded aluminum from frame to core, these robust grilles are made to withstand the impact of everyday thumping and kicking. The core\u2019s inverted V shaped blades guarantee a complete sight proof design as well as direct air passage intended for door applications.  Series GADA, GADS and GADC are designed for door installation in commercial applications and are recommended for transferring room air.  Airvector\u00ae Sight Proof Transfer Air Door Grilles are fabricated with a sturdy extruded aluminum frame as well as extruded aluminum V shaped blades for superior robustness.  GADA\u00a0Series have a frame on both sides.  GADS\u00a0Series have a frame on one side only and the  GADC\u00a0Series have no flange frame. Can be provided with various powder coated colors and finishes.  GENERAL FEATURES   Heavy-duty extruded aluminum frame and core.  Inverted V shaped blades for sight-proof quality and direct air transfer.  Countersunk mounting holes on frame.  Available in Powder Coated white (other colors and finishes available upon request).\" \/>\n<meta name=\"robots\" content=\"index, follow, max-snippet:-1, max-image-preview:large, max-video-preview:-1\" \/>\n<link rel=\"canonical\" href=\"https:\/\/airvector-hvac.com\/fr\/produit\/sight-proof-heavy-duty-aluminum-transfer-air-door-grille\/\" \/>\n<meta property=\"og:locale\" content=\"fr_CA\" \/>\n<meta property=\"og:type\" content=\"article\" \/>\n<meta property=\"og:title\" content=\"Sight Proof Heavy Duty Aluminum Transfer Air Door Grille - Made in Canada - Airvector\" \/>\n<meta property=\"og:description\" content=\"Airvector\u00ae\u2019s GADA, GADS and GADC Series of Sight Proof Transfer Air Door Grilles provides as much heavy-duty characteristics as lightness of material. Built with extruded aluminum from frame to core, these robust grilles are made to withstand the impact of everyday thumping and kicking. The core\u2019s inverted V shaped blades guarantee a complete sight proof design as well as direct air passage intended for door applications.  Series GADA, GADS and GADC are designed for door installation in commercial applications and are recommended for transferring room air.  Airvector\u00ae Sight Proof Transfer Air Door Grilles are fabricated with a sturdy extruded aluminum frame as well as extruded aluminum V shaped blades for superior robustness.  GADA\u00a0Series have a frame on both sides.  GADS\u00a0Series have a frame on one side only and the  GADC\u00a0Series have no flange frame. Can be provided with various powder coated colors and finishes.  GENERAL FEATURES   Heavy-duty extruded aluminum frame and core.  Inverted V shaped blades for sight-proof quality and direct air transfer.  Countersunk mounting holes on frame.  Available in Powder Coated white (other colors and finishes available upon request).\" \/>\n<meta property=\"og:url\" content=\"https:\/\/airvector-hvac.com\/fr\/produit\/sight-proof-heavy-duty-aluminum-transfer-air-door-grille\/\" \/>\n<meta property=\"og:site_name\" content=\"Airvector\" \/>\n<meta property=\"article:publisher\" content=\"https:\/\/www.facebook.com\/Airvector\" \/>\n<meta property=\"article:modified_time\" content=\"2022-09-27T17:44:10+00:00\" \/>\n<meta property=\"og:image\" content=\"https:\/\/airvector-hvac.com\/wp-content\/uploads\/2020\/12\/archi-remove-GADA.png\" \/>\n\t<meta property=\"og:image:width\" content=\"296\" \/>\n\t<meta property=\"og:image:height\" content=\"269\" \/>\n<meta name=\"twitter:card\" content=\"summary_large_image\" \/>\n<meta name=\"twitter:site\" content=\"@airvector\" \/>\n<script type=\"application\/ld+json\" class=\"yoast-schema-graph\">{\"@context\":\"https:\/\/schema.org\",\"@graph\":[{\"@type\":\"Organization\",\"@id\":\"https:\/\/airvector-hvac.com\/#organization\",\"name\":\"Airvector\",\"url\":\"https:\/\/airvector-hvac.com\/\",\"sameAs\":[\"https:\/\/www.facebook.com\/Airvector\",\"https:\/\/www.linkedin.com\/company\/airvector-\",\"https:\/\/www.youtube.com\/user\/Airvector\/videos\",\"https:\/\/www.pinterest.com\/airvector\/\",\"https:\/\/twitter.com\/airvector\"],\"logo\":{\"@type\":\"ImageObject\",\"@id\":\"https:\/\/airvector-hvac.com\/#logo\",\"inLanguage\":\"fr-CA\",\"url\":\"\",\"caption\":\"Airvector\"},\"image\":{\"@id\":\"https:\/\/airvector-hvac.com\/#logo\"}},{\"@type\":\"WebSite\",\"@id\":\"https:\/\/airvector-hvac.com\/#website\",\"url\":\"https:\/\/airvector-hvac.com\/\",\"name\":\"Airvector\",\"description\":\"Manufacturer of Quility HVAC Air Distribution Products\",\"publisher\":{\"@id\":\"https:\/\/airvector-hvac.com\/#organization\"},\"potentialAction\":[{\"@type\":\"SearchAction\",\"target\":\"https:\/\/airvector-hvac.com\/?s={search_term_string}\",\"query-input\":\"required name=search_term_string\"}],\"inLanguage\":\"fr-CA\"},{\"@type\":\"ImageObject\",\"@id\":\"https:\/\/airvector-hvac.com\/product\/sight-proof-heavy-duty-aluminum-transfer-air-door-grille\/#primaryimage\",\"inLanguage\":\"fr-CA\",\"url\":\"https:\/\/airvector-hvac.com\/wp-content\/uploads\/2020\/12\/archi-remove-GADA.png\",\"width\":296,\"height\":269},{\"@type\":[\"WebPage\",\"ItemPage\"],\"@id\":\"https:\/\/airvector-hvac.com\/product\/sight-proof-heavy-duty-aluminum-transfer-air-door-grille\/#webpage\",\"url\":\"https:\/\/airvector-hvac.com\/product\/sight-proof-heavy-duty-aluminum-transfer-air-door-grille\/\",\"name\":\"Sight Proof Heavy Duty Aluminum Transfer Air Door Grille - Made in Canada - Airvector\",\"isPartOf\":{\"@id\":\"https:\/\/airvector-hvac.com\/#website\"},\"primaryImageOfPage\":{\"@id\":\"https:\/\/airvector-hvac.com\/product\/sight-proof-heavy-duty-aluminum-transfer-air-door-grille\/#primaryimage\"},\"datePublished\":\"2020-12-07T14:03:20+00:00\",\"dateModified\":\"2022-09-27T17:44:10+00:00\",\"description\":\"Airvector\\u00ae\\u2019s GADA, GADS and GADC Series of Sight Proof Transfer Air Door Grilles provides as much heavy-duty characteristics as lightness of material. Built with extruded aluminum from frame to core, these robust grilles are made to withstand the impact of everyday thumping and kicking. The core\\u2019s inverted V shaped blades guarantee a complete sight proof design as well as direct air passage intended for door applications. Series GADA, GADS and GADC are designed for door installation in commercial applications and are recommended for transferring room air. Airvector\\u00ae Sight Proof Transfer Air Door Grilles are fabricated with a sturdy extruded aluminum frame as well as extruded aluminum V shaped blades for superior robustness. GADA\\u00a0Series have a frame on both sides. GADS\\u00a0Series have a frame on one side only and the GADC\\u00a0Series have no flange frame. Can be provided with various powder coated colors and finishes. GENERAL FEATURES Heavy-duty extruded aluminum frame and core. Inverted V shaped blades for sight-proof quality and direct air transfer. Countersunk mounting holes on frame. Available in Powder Coated white (other colors and finishes available upon request).\",\"inLanguage\":\"fr-CA\",\"potentialAction\":[{\"@type\":\"ReadAction\",\"target\":[\"https:\/\/airvector-hvac.com\/product\/sight-proof-heavy-duty-aluminum-transfer-air-door-grille\/\"]}]}]}<\/script>\n<!-- \/ Yoast SEO plugin. -->","_links":{"self":[{"href":"https:\/\/airvector-hvac.com\/fr\/wp-json\/wp\/v2\/product\/4757"}],"collection":[{"href":"https:\/\/airvector-hvac.com\/fr\/wp-json\/wp\/v2\/product"}],"about":[{"href":"https:\/\/airvector-hvac.com\/fr\/wp-json\/wp\/v2\/types\/product"}],"wp:featuredmedia":[{"embeddable":true,"href":"https:\/\/airvector-hvac.com\/fr\/wp-json\/wp\/v2\/media\/4759"}],"wp:attachment":[{"href":"https:\/\/airvector-hvac.com\/fr\/wp-json\/wp\/v2\/media?parent=4757"}],"curies":[{"name":"wp","href":"https:\/\/api.w.org\/{rel}","templated":true}]}}