{"id":4758,"date":"2020-12-07T14:05:23","date_gmt":"2020-12-07T14:05:23","guid":{"rendered":"http:\/\/68.183.202.114\/?post_type=product&#038;p=4758"},"modified":"2026-03-18T14:07:30","modified_gmt":"2026-03-18T14:07:30","slug":"spiral-duct-grilles","status":"publish","type":"product","link":"https:\/\/airvector-hvac.com\/fr\/produit\/spiral-duct-grilles\/","title":{"rendered":"Grilles de conduit en spirale"},"content":{"rendered":"<div class=\"boxed-row\"><div style=\"\"class=\"normal_height vc_row wpb_row vc_row-fluid vc_custom_1605707188058 vc_row-has-fill\"><div class=\"wpb_column vc_column_container vc_col-sm-4\"><div class=\"vc_column-inner\"><div class=\"wpb_wrapper\">\n\t<div class=\"wpb_text_column wpb_content_element\" >\n\t\t<div class=\"wpb_wrapper\">\n\t\t\t<p><a name=\"GDA1\"><\/a><\/p>\n<h4 class=\"regText\"><b>GDA1, simple d\u00e9flexion, construction en aluminium.<\/b><\/h4>\n<p><strong>Lames \u00e0 face horizontale<\/strong><\/p>\n<p>GDA10-H Palmes en aluminium<br \/>\nGDA17-H Amortisseur de lame oppos\u00e9e en acier<br \/>\nGDA18-H Palmes en aluminium avec \u00e9cope \u00e0 air<\/p>\n<p><strong>Lames de face verticales<\/strong><br \/>\nGDA10-V Palmes en aluminium<br \/>\nGDA17-V Amortisseur de lame oppos\u00e9e en acier<br \/>\nGDA18-V Palmes en aluminium avec \u00e9cope \u00e0 air<\/p>\n\n\t\t<\/div>\n\t<\/div>\n<\/div><\/div><\/div><div class=\"wpb_column vc_column_container vc_col-sm-4\"><div class=\"vc_column-inner\"><div class=\"wpb_wrapper\">\n\t<div  class=\"wpb_single_image wpb_content_element vc_align_center\">\n\t\t\n\t\t<figure class=\"wpb_wrapper vc_figure\">\n\t\t\t<div class=\"vc_single_image-wrapper   vc_box_border_grey\"><img width=\"279\" height=\"141\" src=\"https:\/\/airvector-hvac.com\/wp-content\/uploads\/2020\/12\/GDA2.png\" class=\"vc_single_image-img attachment-full\" alt=\"Spiral Duct Grilles\" loading=\"lazy\" title=\"Grilles de conduit en spirale\" \/><\/div>\n\t\t<\/figure>\n\t<\/div>\n<\/div><\/div><\/div><div class=\"wpb_column vc_column_container vc_col-sm-4\"><div class=\"vc_column-inner\"><div class=\"wpb_wrapper\"><div class=\"vc_btn3-container vc_btn3-left\" >\n\t<a class=\"vc_general vc_btn3 vc_btn3-size-md vc_btn3-shape-rounded vc_btn3-style-modern vc_btn3-color-grey\" href=\"https:\/\/airvector-hvac.com\/wp-content\/uploads\/product-documents\/submittals\/GDA1%20sub.pdf\" title=\"\" target=\"_blank\">Dessin d'atelier<\/a><\/div>\n<div class=\"vc_btn3-container vc_btn3-left\" >\n\t<a class=\"vc_general vc_btn3 vc_btn3-size-md vc_btn3-shape-rounded vc_btn3-style-modern vc_btn3-color-grey\" href=\"\/wp-content\/uploads\/product-documents\/datasheets\/GDA data.pdf\" title=\"\" target=\"_blank\">Fiche Technique<\/a><\/div>\n<\/div><\/div><\/div><\/div><\/div><div style=\"\"class=\"normal_height vc_row wpb_row vc_row-fluid\"><div class=\"wpb_column vc_column_container vc_col-sm-12\"><div class=\"vc_column-inner\"><div class=\"wpb_wrapper\"><div class=\"vc_separator wpb_content_element vc_separator_align_center vc_sep_width_70 vc_sep_pos_align_center vc_separator_no_text vc_sep_color_black\" ><span class=\"vc_sep_holder vc_sep_holder_l\"><span  class=\"vc_sep_line\"><\/span><\/span><span class=\"vc_sep_holder vc_sep_holder_r\"><span  class=\"vc_sep_line\"><\/span><\/span>\n<\/div><\/div><\/div><\/div><\/div><div class=\"boxed-row\"><div style=\"\"class=\"normal_height vc_row wpb_row vc_row-fluid vc_custom_1605707188058 vc_row-has-fill\"><div class=\"wpb_column vc_column_container vc_col-sm-4\"><div class=\"vc_column-inner\"><div class=\"wpb_wrapper\">\n\t<div class=\"wpb_text_column wpb_content_element\" >\n\t\t<div class=\"wpb_wrapper\">\n\t\t\t<p><a name=\"GDA2\"><\/a><\/p>\n<h4 class=\"regText\"><b>GDA2, double d\u00e9flexion, aluminium<\/b><\/h4>\n<p><strong>Lames \u00e0 face horizontale<\/strong><\/p>\n<p>GDA20-H Palmes en aluminium<br \/>\nGDA27-H Amortisseur de lame oppos\u00e9e en acier<br \/>\nGDA28-H Palmes en aluminium avec \u00e9cope \u00e0 air<\/p>\n<p><strong>Lames de face verticales<\/strong><br \/>\nGDA20-V Palmes en aluminium<br \/>\nGDA27-V Amortisseur de lame oppos\u00e9e en acier<br \/>\nGDA28-V Palmes en aluminium avec \u00e9cope \u00e0 air<\/p>\n\n\t\t<\/div>\n\t<\/div>\n<\/div><\/div><\/div><div class=\"wpb_column vc_column_container vc_col-sm-4\"><div class=\"vc_column-inner\"><div class=\"wpb_wrapper\">\n\t<div  class=\"wpb_single_image wpb_content_element vc_align_center\">\n\t\t\n\t\t<figure class=\"wpb_wrapper vc_figure\">\n\t\t\t<div class=\"vc_single_image-wrapper   vc_box_border_grey\"><img width=\"227\" height=\"141\" src=\"https:\/\/airvector-hvac.com\/wp-content\/uploads\/2020\/12\/GDA22.png\" class=\"vc_single_image-img attachment-full\" alt=\"Spiral Duct Grilles\" loading=\"lazy\" title=\"Grilles de conduit en spirale\" \/><\/div>\n\t\t<\/figure>\n\t<\/div>\n<\/div><\/div><\/div><div class=\"wpb_column vc_column_container vc_col-sm-4\"><div class=\"vc_column-inner\"><div class=\"wpb_wrapper\"><div class=\"vc_btn3-container vc_btn3-left\" >\n\t<a class=\"vc_general vc_btn3 vc_btn3-size-md vc_btn3-shape-rounded vc_btn3-style-modern vc_btn3-color-grey\" href=\"https:\/\/airvector-hvac.com\/wp-content\/uploads\/product-documents\/submittals\/GDA2%20sub.pdf\" title=\"\" target=\"_blank\">Dessin d'atelier<\/a><\/div>\n<div class=\"vc_btn3-container vc_btn3-left\" >\n\t<a class=\"vc_general vc_btn3 vc_btn3-size-md vc_btn3-shape-rounded vc_btn3-style-modern vc_btn3-color-grey\" href=\"\/wp-content\/uploads\/product-documents\/datasheets\/GDA data.pdf\" title=\"\" target=\"_blank\">Fiche Technique<\/a><\/div>\n<\/div><\/div><\/div><\/div><\/div>","protected":false},"excerpt":{"rendered":"<p>Les grilles de conduit en spirale des s\u00e9ries GDA et GDS d\u2019Airvector\u00ae ont \u00e9t\u00e9 con\u00e7ues dans un souci d\u2019esth\u00e9tique et de gain de temps pour permettre une installation rapide; le cadre extrud\u00e9 incurv\u00e9 et les ailettes qui suivent pr\u00e9cis\u00e9ment la courbe du conduit en spirale proposent un simple plug-and-play.<\/p>\n<p>Les s\u00e9ries GDA et GDS sont con\u00e7ues pour l'installation de conduits en spirale dans les applications commerciales \u00e0 plafond ouvert et sont recommand\u00e9es pour fournir de l'air chauff\u00e9, ventil\u00e9 ou refroidi.<\/p>\n<p>Les grilles de conduit en spirale Airvector\u00ae sont fabriqu\u00e9es avec un cadre en aluminium extrud\u00e9 incurv\u00e9 et des ailettes profil\u00e9es ajustables qui suivent la courbe du visage. Peut \u00eatre \u00e9quip\u00e9 d'une prise d'air ou d'un amortisseur \u00e0 pales oppos\u00e9es pour ajuster le jet d'air. Disponible avec des couleurs et des finitions enduites de poudre.<\/p>\n<p><strong>GDA<\/strong>\u00a0Les s\u00e9ries ont des ailettes en aluminium lamin\u00e9es.<\/p>\n<p><strong>GDS<\/strong>\u00a0Les s\u00e9ries ont des ailettes en acier profil\u00e9es pour plus de rigidit\u00e9.<\/p>\n<p><strong>CARACT\u00c9RISTIQUES G\u00c9N\u00c9RALES<\/strong><\/p>\n<ul>\n<li>Cadre en aluminium extrud\u00e9 et noyau lamin\u00e9.<\/li>\n<li>Cadre et ailettes arrondis, tous deux suivant la courbe du conduit en spirale.<\/li>\n<li>Disponible avec Air Scoop ou amortisseur \u00e0 lame oppos\u00e9e pour un jet d'air r\u00e9glable.<\/li>\n<li>Disponible avec des ailettes horizontales ou verticales.<\/li>\n<\/ul>\n<p class=\"regText\">Noyau de grille robuste avec espacement des ailettes de 2\/3 \u201d.<\/p>","protected":false},"featured_media":4760,"template":"","meta":[],"yoast_head":"<!-- This site is optimized with the Yoast SEO plugin v15.6.2 - https:\/\/yoast.com\/wordpress\/plugins\/seo\/ -->\n<title>Spiral Duct Grilles - Made in Canada - Airvector<\/title>\n<meta name=\"description\" content=\"Airvector\u00ae\u2019s GDA and GDS Series of Spiral Duct Grilles were designed with aesthetics in mind as well as time-saving properties to allow for quick installation; the curved extruded frame and fins which both precisely follow the curve of the spiral duct propose straightforward plug-and-play.  Series GDA and GDS are designed for spiral duct installation in commercial open-ceiling applications and are recommended for supplying heated, ventilated or cooled air.  Airvector\u00ae Spiral Duct Grilles are fabricated with a curved extruded aluminum frame and adjustable roll-formed fins that follow the face\u2019s curve. Can be provided with an air scoop or an opposed blade damper to adjust the air pattern. Available with powder coated colors and finishes.  GDA\u00a0Series have roll-formed aluminum fins.  GDS\u00a0Series have roll-formed steel fins for extra rigidity.  GENERAL FEATURES   Extruded aluminum frame and roll-formed core.  Rounded frame and fins, both following the spiral duct curve.  Available with Air Scoop or Opposed blade damper for adjustable air pattern.  Available with Horizontal or Vertical fins.  Sturdy grille core with 2\/3\u201d fin spacing.\" \/>\n<meta name=\"robots\" content=\"index, follow, max-snippet:-1, max-image-preview:large, max-video-preview:-1\" \/>\n<link rel=\"canonical\" href=\"https:\/\/airvector-hvac.com\/fr\/produit\/spiral-duct-grilles\/\" \/>\n<meta property=\"og:locale\" content=\"fr_CA\" \/>\n<meta property=\"og:type\" content=\"article\" \/>\n<meta property=\"og:title\" content=\"Spiral Duct Grilles - Made in Canada - Airvector\" \/>\n<meta property=\"og:description\" content=\"Airvector\u00ae\u2019s GDA and GDS Series of Spiral Duct Grilles were designed with aesthetics in mind as well as time-saving properties to allow for quick installation; the curved extruded frame and fins which both precisely follow the curve of the spiral duct propose straightforward plug-and-play.  Series GDA and GDS are designed for spiral duct installation in commercial open-ceiling applications and are recommended for supplying heated, ventilated or cooled air.  Airvector\u00ae Spiral Duct Grilles are fabricated with a curved extruded aluminum frame and adjustable roll-formed fins that follow the face\u2019s curve. Can be provided with an air scoop or an opposed blade damper to adjust the air pattern. Available with powder coated colors and finishes.  GDA\u00a0Series have roll-formed aluminum fins.  GDS\u00a0Series have roll-formed steel fins for extra rigidity.  GENERAL FEATURES   Extruded aluminum frame and roll-formed core.  Rounded frame and fins, both following the spiral duct curve.  Available with Air Scoop or Opposed blade damper for adjustable air pattern.  Available with Horizontal or Vertical fins.  Sturdy grille core with 2\/3\u201d fin spacing.\" \/>\n<meta property=\"og:url\" content=\"https:\/\/airvector-hvac.com\/fr\/produit\/spiral-duct-grilles\/\" \/>\n<meta property=\"og:site_name\" content=\"Airvector\" \/>\n<meta property=\"article:publisher\" content=\"https:\/\/www.facebook.com\/Airvector\" \/>\n<meta property=\"article:modified_time\" content=\"2026-03-18T14:07:30+00:00\" \/>\n<meta property=\"og:image\" content=\"https:\/\/airvector-hvac.com\/wp-content\/uploads\/2020\/12\/GDA-GDS.png\" \/>\n\t<meta property=\"og:image:width\" content=\"525\" \/>\n\t<meta property=\"og:image:height\" content=\"539\" \/>\n<meta name=\"twitter:card\" content=\"summary_large_image\" \/>\n<meta name=\"twitter:site\" content=\"@airvector\" \/>\n<script type=\"application\/ld+json\" class=\"yoast-schema-graph\">{\"@context\":\"https:\/\/schema.org\",\"@graph\":[{\"@type\":\"Organization\",\"@id\":\"https:\/\/airvector-hvac.com\/#organization\",\"name\":\"Airvector\",\"url\":\"https:\/\/airvector-hvac.com\/\",\"sameAs\":[\"https:\/\/www.facebook.com\/Airvector\",\"https:\/\/www.linkedin.com\/company\/airvector-\",\"https:\/\/www.youtube.com\/user\/Airvector\/videos\",\"https:\/\/www.pinterest.com\/airvector\/\",\"https:\/\/twitter.com\/airvector\"],\"logo\":{\"@type\":\"ImageObject\",\"@id\":\"https:\/\/airvector-hvac.com\/#logo\",\"inLanguage\":\"fr-CA\",\"url\":\"\",\"caption\":\"Airvector\"},\"image\":{\"@id\":\"https:\/\/airvector-hvac.com\/#logo\"}},{\"@type\":\"WebSite\",\"@id\":\"https:\/\/airvector-hvac.com\/#website\",\"url\":\"https:\/\/airvector-hvac.com\/\",\"name\":\"Airvector\",\"description\":\"Manufacturer of Quility HVAC Air Distribution Products\",\"publisher\":{\"@id\":\"https:\/\/airvector-hvac.com\/#organization\"},\"potentialAction\":[{\"@type\":\"SearchAction\",\"target\":\"https:\/\/airvector-hvac.com\/?s={search_term_string}\",\"query-input\":\"required name=search_term_string\"}],\"inLanguage\":\"fr-CA\"},{\"@type\":\"ImageObject\",\"@id\":\"https:\/\/airvector-hvac.com\/product\/spiral-duct-grilles\/#primaryimage\",\"inLanguage\":\"fr-CA\",\"url\":\"https:\/\/airvector-hvac.com\/wp-content\/uploads\/2020\/12\/GDA-GDS.png\",\"width\":525,\"height\":539},{\"@type\":[\"WebPage\",\"ItemPage\"],\"@id\":\"https:\/\/airvector-hvac.com\/product\/spiral-duct-grilles\/#webpage\",\"url\":\"https:\/\/airvector-hvac.com\/product\/spiral-duct-grilles\/\",\"name\":\"Spiral Duct Grilles - Made in Canada - Airvector\",\"isPartOf\":{\"@id\":\"https:\/\/airvector-hvac.com\/#website\"},\"primaryImageOfPage\":{\"@id\":\"https:\/\/airvector-hvac.com\/product\/spiral-duct-grilles\/#primaryimage\"},\"datePublished\":\"2020-12-07T14:05:23+00:00\",\"dateModified\":\"2026-03-18T14:07:30+00:00\",\"description\":\"Airvector\\u00ae\\u2019s GDA and GDS Series of Spiral Duct Grilles were designed with aesthetics in mind as well as time-saving properties to allow for quick installation; the curved extruded frame and fins which both precisely follow the curve of the spiral duct propose straightforward plug-and-play. Series GDA and GDS are designed for spiral duct installation in commercial open-ceiling applications and are recommended for supplying heated, ventilated or cooled air. Airvector\\u00ae Spiral Duct Grilles are fabricated with a curved extruded aluminum frame and adjustable roll-formed fins that follow the face\\u2019s curve. Can be provided with an air scoop or an opposed blade damper to adjust the air pattern. Available with powder coated colors and finishes. GDA\\u00a0Series have roll-formed aluminum fins. GDS\\u00a0Series have roll-formed steel fins for extra rigidity. GENERAL FEATURES Extruded aluminum frame and roll-formed core. Rounded frame and fins, both following the spiral duct curve. Available with Air Scoop or Opposed blade damper for adjustable air pattern. Available with Horizontal or Vertical fins. Sturdy grille core with 2\/3\\u201d fin spacing.\",\"inLanguage\":\"fr-CA\",\"potentialAction\":[{\"@type\":\"ReadAction\",\"target\":[\"https:\/\/airvector-hvac.com\/product\/spiral-duct-grilles\/\"]}]}]}<\/script>\n<!-- \/ Yoast SEO plugin. -->","_links":{"self":[{"href":"https:\/\/airvector-hvac.com\/fr\/wp-json\/wp\/v2\/product\/4758"}],"collection":[{"href":"https:\/\/airvector-hvac.com\/fr\/wp-json\/wp\/v2\/product"}],"about":[{"href":"https:\/\/airvector-hvac.com\/fr\/wp-json\/wp\/v2\/types\/product"}],"wp:featuredmedia":[{"embeddable":true,"href":"https:\/\/airvector-hvac.com\/fr\/wp-json\/wp\/v2\/media\/4760"}],"wp:attachment":[{"href":"https:\/\/airvector-hvac.com\/fr\/wp-json\/wp\/v2\/media?parent=4758"}],"curies":[{"name":"wp","href":"https:\/\/api.w.org\/{rel}","templated":true}]}}