{"id":8874,"date":"2022-05-19T19:55:41","date_gmt":"2022-05-19T19:55:41","guid":{"rendered":"https:\/\/airvector-hvac.com\/?post_type=product&#038;p=8874"},"modified":"2023-02-27T16:53:00","modified_gmt":"2023-02-27T16:53:00","slug":"filter-return-grille-for-t-bar-mount","status":"publish","type":"product","link":"https:\/\/airvector-hvac.com\/fr\/produit\/filter-return-grille-for-t-bar-mount\/","title":{"rendered":"Filter Return Grille for T-Bar Mount"},"content":{"rendered":"<div class=\"boxed-row\"><div style=\"\"class=\"normal_height vc_row wpb_row vc_row-fluid vc_custom_1605707188058 vc_row-has-fill\"><div class=\"wpb_column vc_column_container vc_col-sm-4\"><div class=\"vc_column-inner\"><div class=\"wpb_wrapper\">\n\t<div class=\"wpb_text_column wpb_content_element\" >\n\t\t<div class=\"wpb_wrapper\">\n\t\t\t<h4 class=\"regText\">FGRT<\/h4>\n<p class=\"regText\">Ailettes et cadre en aluminium<\/p>\n<p class=\"&quot;FGSA:\">Extrusion articul\u00e9e \u00e0 une extr\u00e9mit\u00e9,<br \/>\nclip facile \u00e0 ouvrir ou \u00e0 fermer par pression.<\/p>\n\n\t\t<\/div>\n\t<\/div>\n<\/div><\/div><\/div><div class=\"wpb_column vc_column_container vc_col-sm-4\"><div class=\"vc_column-inner\"><div class=\"wpb_wrapper\"><\/div><\/div><\/div><div class=\"wpb_column vc_column_container vc_col-sm-4\"><div class=\"vc_column-inner\"><div class=\"wpb_wrapper\"><div class=\"vc_btn3-container vc_btn3-center\" >\n\t<a class=\"vc_general vc_btn3 vc_btn3-size-md vc_btn3-shape-rounded vc_btn3-style-modern vc_btn3-color-grey\" href=\"https:\/\/airvector-hvac.com\/wp-content\/uploads\/product-documents\/submittals\/FGRT-sub.pdf\" title=\"\" target=\"_blank\">Dessin d'atelier<\/a><\/div>\n<\/div><\/div><\/div><\/div><\/div>","protected":false},"excerpt":{"rendered":"<p>Airvector\u2019s FGRT Serie of Filter Return Grilles brings an appealing and practical take on the classic filter grille. With an inconspicuous hinging system, no apparent screw holes on the frame and an easy pry-open\/push-close fastening pin for effortless filter access, these high-quality grilles offer as much aesthetics as straightforward functionality while being easier to clean and maintain.<\/p>\n<p>Serie FGRT is designed for sidewall and ceiling installation in commercial applications and is recommended for filtering and subsequently returning or exhausting room air.<\/p>\n<p class=\"regText\">Les grilles de retour de filtre Airvector sont fabriqu\u00e9es avec un cadre en aluminium extrud\u00e9 robuste et peuvent \u00eatre fournies avec diverses couleurs et finitions enduites de poudre.<\/p>\n<p><b>FGRT<\/b>\u00a0Les s\u00e9ries ont des ailettes en aluminium lamin\u00e9es.<\/p>\n<p><b>CARACT\u00c9RISTIQUES G\u00c9N\u00c9RALES<\/b><\/p>\n<ul>\n<li>Sub-frame mounted, Lay-in T-bar mount.<\/li>\n<li>Extrusion articul\u00e9e \u00e0 une extr\u00e9mit\u00e9 pour une plus grande discr\u00e9tion.<\/li>\n<li>Goupille facile \u00e0 ouvrir ou \u00e0 fermer par pression pour une face amovible et un acc\u00e8s au filtre.<\/li>\n<li>Supports de filtre pour accueillir un filtre de 1 po (fourni par d'autres).<\/li>\n<li>Noyau de grille robuste avec espacement des ailettes de 2\/3 \u201d.<\/li>\n<li>Construction en aluminium extrud\u00e9 et ailettes profil\u00e9es.<\/li>\n<li>No countersunk mounting holes on sub-frame.<\/li>\n<li>Disponible en rev\u00eatement de peinture en poudre - blanc (autres couleurs et finitions disponibles sur demande).<\/li>\n<\/ul>","protected":false},"featured_media":4756,"template":"","meta":[],"yoast_head":"<!-- This site is optimized with the Yoast SEO plugin v15.6.2 - https:\/\/yoast.com\/wordpress\/plugins\/seo\/ -->\n<title>Filter Return Grille for T-Bar Mount - Made in Canada - Airvector<\/title>\n<meta name=\"description\" content=\"Airvector\u2019s FGRT Serie of Filter Return Grilles brings an appealing and practical take on the classic filter grille. With an inconspicuous hinging system, no apparent screw holes on the frame and an easy pry-open\/push-close fastening pin for effortless filter access, these high-quality grilles offer as much aesthetics as straightforward functionality while being easier to clean and maintain.  Serie FGRT is designed for sidewall and ceiling installation in commercial applications and is recommended for filtering and subsequently returning or exhausting room air. Airvector Filter Return Grilles is fabricated with a sturdy extruded aluminum frame and can be provided with various powder coated colors and finishes. FGRT\u00a0Series have roll formed aluminum fins.  GENERAL FEATURES   Sub-frame mounted, Lay-in T-bar mount.  Hinged extrusion on one end for inconspicuousness.  Easy pry-open or push-close pin for removable face and filter access.  Filter retainers to accommodate 1\u201d filter (supplied by others).  Sturdy grille core with 2\/3\u201d fin spacing.  Extruded aluminum construction and roll-formed fins.  No countersunk mounting holes on sub-frame.  Available in Powder Paint Coating \u2013 white (other colors and finishes available upon request).\" \/>\n<meta name=\"robots\" content=\"index, follow, max-snippet:-1, max-image-preview:large, max-video-preview:-1\" \/>\n<link rel=\"canonical\" href=\"https:\/\/airvector-hvac.com\/fr\/produit\/filter-return-grille-for-t-bar-mount\/\" \/>\n<meta property=\"og:locale\" content=\"fr_CA\" \/>\n<meta property=\"og:type\" content=\"article\" \/>\n<meta property=\"og:title\" content=\"Filter Return Grille for T-Bar Mount - Made in Canada - Airvector\" \/>\n<meta property=\"og:description\" content=\"Airvector\u2019s FGRT Serie of Filter Return Grilles brings an appealing and practical take on the classic filter grille. With an inconspicuous hinging system, no apparent screw holes on the frame and an easy pry-open\/push-close fastening pin for effortless filter access, these high-quality grilles offer as much aesthetics as straightforward functionality while being easier to clean and maintain.  Serie FGRT is designed for sidewall and ceiling installation in commercial applications and is recommended for filtering and subsequently returning or exhausting room air. Airvector Filter Return Grilles is fabricated with a sturdy extruded aluminum frame and can be provided with various powder coated colors and finishes. FGRT\u00a0Series have roll formed aluminum fins.  GENERAL FEATURES   Sub-frame mounted, Lay-in T-bar mount.  Hinged extrusion on one end for inconspicuousness.  Easy pry-open or push-close pin for removable face and filter access.  Filter retainers to accommodate 1\u201d filter (supplied by others).  Sturdy grille core with 2\/3\u201d fin spacing.  Extruded aluminum construction and roll-formed fins.  No countersunk mounting holes on sub-frame.  Available in Powder Paint Coating \u2013 white (other colors and finishes available upon request).\" \/>\n<meta property=\"og:url\" content=\"https:\/\/airvector-hvac.com\/fr\/produit\/filter-return-grille-for-t-bar-mount\/\" \/>\n<meta property=\"og:site_name\" content=\"Airvector\" \/>\n<meta property=\"article:publisher\" content=\"https:\/\/www.facebook.com\/Airvector\" \/>\n<meta property=\"article:modified_time\" content=\"2023-02-27T16:53:00+00:00\" \/>\n<meta property=\"og:image\" content=\"https:\/\/airvector-hvac.com\/wp-content\/uploads\/2020\/12\/archi-remove-FGSA.png\" \/>\n\t<meta property=\"og:image:width\" content=\"296\" \/>\n\t<meta property=\"og:image:height\" content=\"269\" \/>\n<meta name=\"twitter:card\" content=\"summary_large_image\" \/>\n<meta name=\"twitter:site\" content=\"@airvector\" \/>\n<script type=\"application\/ld+json\" class=\"yoast-schema-graph\">{\"@context\":\"https:\/\/schema.org\",\"@graph\":[{\"@type\":\"Organization\",\"@id\":\"https:\/\/airvector-hvac.com\/#organization\",\"name\":\"Airvector\",\"url\":\"https:\/\/airvector-hvac.com\/\",\"sameAs\":[\"https:\/\/www.facebook.com\/Airvector\",\"https:\/\/www.linkedin.com\/company\/airvector-\",\"https:\/\/www.youtube.com\/user\/Airvector\/videos\",\"https:\/\/www.pinterest.com\/airvector\/\",\"https:\/\/twitter.com\/airvector\"],\"logo\":{\"@type\":\"ImageObject\",\"@id\":\"https:\/\/airvector-hvac.com\/#logo\",\"inLanguage\":\"fr-CA\",\"url\":\"\",\"caption\":\"Airvector\"},\"image\":{\"@id\":\"https:\/\/airvector-hvac.com\/#logo\"}},{\"@type\":\"WebSite\",\"@id\":\"https:\/\/airvector-hvac.com\/#website\",\"url\":\"https:\/\/airvector-hvac.com\/\",\"name\":\"Airvector\",\"description\":\"Manufacturer of Quility HVAC Air Distribution Products\",\"publisher\":{\"@id\":\"https:\/\/airvector-hvac.com\/#organization\"},\"potentialAction\":[{\"@type\":\"SearchAction\",\"target\":\"https:\/\/airvector-hvac.com\/?s={search_term_string}\",\"query-input\":\"required name=search_term_string\"}],\"inLanguage\":\"fr-CA\"},{\"@type\":\"ImageObject\",\"@id\":\"https:\/\/airvector-hvac.com\/product\/filter-return-grille-for-t-bar-mount\/#primaryimage\",\"inLanguage\":\"fr-CA\",\"url\":\"https:\/\/airvector-hvac.com\/wp-content\/uploads\/2020\/12\/archi-remove-FGSA.png\",\"width\":296,\"height\":269},{\"@type\":[\"WebPage\",\"ItemPage\"],\"@id\":\"https:\/\/airvector-hvac.com\/product\/filter-return-grille-for-t-bar-mount\/#webpage\",\"url\":\"https:\/\/airvector-hvac.com\/product\/filter-return-grille-for-t-bar-mount\/\",\"name\":\"Filter Return Grille for T-Bar Mount - Made in Canada - Airvector\",\"isPartOf\":{\"@id\":\"https:\/\/airvector-hvac.com\/#website\"},\"primaryImageOfPage\":{\"@id\":\"https:\/\/airvector-hvac.com\/product\/filter-return-grille-for-t-bar-mount\/#primaryimage\"},\"datePublished\":\"2022-05-19T19:55:41+00:00\",\"dateModified\":\"2023-02-27T16:53:00+00:00\",\"description\":\"Airvector\\u2019s FGRT Serie of Filter Return Grilles brings an appealing and practical take on the classic filter grille. With an inconspicuous hinging system, no apparent screw holes on the frame and an easy pry-open\/push-close fastening pin for effortless filter access, these high-quality grilles offer as much aesthetics as straightforward functionality while being easier to clean and maintain. Serie FGRT is designed for sidewall and ceiling installation in commercial applications and is recommended for filtering and subsequently returning or exhausting room air. Airvector Filter Return Grilles is fabricated with a sturdy extruded aluminum frame and can be provided with various powder coated colors and finishes. FGRT\\u00a0Series have roll formed aluminum fins. GENERAL FEATURES Sub-frame mounted, Lay-in T-bar mount. Hinged extrusion on one end for inconspicuousness. Easy pry-open or push-close pin for removable face and filter access. Filter retainers to accommodate 1\\u201d filter (supplied by others). Sturdy grille core with 2\/3\\u201d fin spacing. Extruded aluminum construction and roll-formed fins. No countersunk mounting holes on sub-frame. Available in Powder Paint Coating \\u2013 white (other colors and finishes available upon request).\",\"inLanguage\":\"fr-CA\",\"potentialAction\":[{\"@type\":\"ReadAction\",\"target\":[\"https:\/\/airvector-hvac.com\/product\/filter-return-grille-for-t-bar-mount\/\"]}]}]}<\/script>\n<!-- \/ Yoast SEO plugin. -->","_links":{"self":[{"href":"https:\/\/airvector-hvac.com\/fr\/wp-json\/wp\/v2\/product\/8874"}],"collection":[{"href":"https:\/\/airvector-hvac.com\/fr\/wp-json\/wp\/v2\/product"}],"about":[{"href":"https:\/\/airvector-hvac.com\/fr\/wp-json\/wp\/v2\/types\/product"}],"wp:featuredmedia":[{"embeddable":true,"href":"https:\/\/airvector-hvac.com\/fr\/wp-json\/wp\/v2\/media\/4756"}],"wp:attachment":[{"href":"https:\/\/airvector-hvac.com\/fr\/wp-json\/wp\/v2\/media?parent=8874"}],"curies":[{"name":"wp","href":"https:\/\/api.w.org\/{rel}","templated":true}]}}